{"id":9983,"date":"2025-02-17T12:15:08","date_gmt":"2025-02-17T11:15:08","guid":{"rendered":"https:\/\/softymed.ch\/?post_type=product&#038;p=9983"},"modified":"2026-03-31T11:04:33","modified_gmt":"2026-03-31T09:04:33","slug":"tergicristalli-di-precisione-kimtech-science-7558","status":"publish","type":"product","link":"https:\/\/softymed.ch\/it\/boutique\/hygiene-desinfection\/essuyeurs-de-precision-kimtech-science-7558\/","title":{"rendered":"Tergicristalli di precisione Kimtech Science\u00ae"},"content":{"rendered":"<p><strong>Caratteristiche<\/strong><br \/>\n-2 pieghe<br \/>\n-100 Ovatta di pura cellulosa %, sbiancata senza cloro<br \/>\n-Particuli\u00e8rement absorbant et doux<br \/>\n-Peut \u00eatre utilis\u00e9 avec des solvants et des produits chimiques<br \/>\n-Non pelucheux, adapt\u00e9s aux op\u00e9rations de nettoyage d\u00e9licates<br \/>\n-Id\u00e9al pour essuyer de petites quantit\u00e9s de liquide et pour nettoyer les pipettes et les lames porte-objet<\/p>","protected":false},"excerpt":{"rendered":"<p>Multiuso<\/p>","protected":false},"featured_media":9986,"template":"","meta":{"_acf_changed":false,"_seopress_robots_primary_cat":"127","_seopress_titles_title":"","_seopress_titles_desc":"","_seopress_robots_index":""},"product_brand":[],"product_cat":[127,372],"product_tag":[348],"categorie_principale":[165,31,27,28,29],"marque":[329],"class_list":{"0":"post-9983","1":"product","2":"type-product","3":"status-publish","4":"has-post-thumbnail","6":"product_cat-hygiene-desinfection","7":"product_cat-medicusana","8":"product_tag-nouveaute","9":"categorie_principale-autre","10":"categorie_principale-gynecologie","11":"categorie_principale-laboratoire","12":"categorie_principale-medecine-generale","13":"categorie_principale-permanence-hopital","14":"marque-kimberly-clark-professional-icon","16":"first","17":"outofstock","18":"taxable","19":"shipping-taxable","20":"purchasable","21":"product-type-simple"},"supplier_id":null,"supplier_sku":"","atum_controlled":true,"out_stock_date":"2026-03-27 18:27:48","out_stock_threshold":null,"inheritable":false,"inbound_stock":null,"stock_on_hold":0,"sold_today":0,"sales_last_days":1,"reserved_stock":null,"customer_returns":null,"warehouse_damage":null,"lost_in_post":null,"other_logs":null,"out_stock_days":11,"lost_sales":8,"has_location":true,"update_date":"2026-04-08T00:03:54","atum_locations":[{"id":373,"name":"Officine","slug":"officine"}],"atum_stock_status":"outofstock","restock_status":false,"low_stock_amount":"","sales_update_date":"2026-04-08T00:03:54","calc_backorders":null,"acf":[],"_links":{"self":[{"href":"https:\/\/softymed.ch\/it\/wp-json\/wp\/v2\/product\/9983","targetHints":{"allow":["GET"]}}],"collection":[{"href":"https:\/\/softymed.ch\/it\/wp-json\/wp\/v2\/product"}],"about":[{"href":"https:\/\/softymed.ch\/it\/wp-json\/wp\/v2\/types\/product"}],"wp:featuredmedia":[{"embeddable":true,"href":"https:\/\/softymed.ch\/it\/wp-json\/wp\/v2\/media\/9986"}],"wp:attachment":[{"href":"https:\/\/softymed.ch\/it\/wp-json\/wp\/v2\/media?parent=9983"}],"wp:term":[{"taxonomy":"product_brand","embeddable":true,"href":"https:\/\/softymed.ch\/it\/wp-json\/wp\/v2\/product_brand?post=9983"},{"taxonomy":"product_cat","embeddable":true,"href":"https:\/\/softymed.ch\/it\/wp-json\/wp\/v2\/product_cat?post=9983"},{"taxonomy":"product_tag","embeddable":true,"href":"https:\/\/softymed.ch\/it\/wp-json\/wp\/v2\/product_tag?post=9983"},{"taxonomy":"categorie_principale","embeddable":true,"href":"https:\/\/softymed.ch\/it\/wp-json\/wp\/v2\/categorie_principale?post=9983"},{"taxonomy":"marque","embeddable":true,"href":"https:\/\/softymed.ch\/it\/wp-json\/wp\/v2\/marque?post=9983"}],"curies":[{"name":"wp","href":"https:\/\/api.w.org\/{rel}","templated":true}]}}