{"id":9775,"date":"2025-02-10T12:02:25","date_gmt":"2025-02-10T11:02:25","guid":{"rendered":"https:\/\/softymed.ch\/?post_type=product&#038;p=9775"},"modified":"2026-03-31T19:03:31","modified_gmt":"2026-03-31T17:03:31","slug":"mediset","status":"publish","type":"product","link":"https:\/\/softymed.ch\/it\/boutique\/soin-des-plaies\/mediset\/","title":{"rendered":"MediSet\u00ae"},"content":{"rendered":"<p><strong>Contenuto<\/strong><br \/>\n-4 tampons en non-tiss\u00e9, taille \u0153uf, \u00d8 4cm, 30g\/m2<br \/>\n-1 tampon de non-tiss\u00e9, taille noix, \u00d8 2cm, 30g\/m2<\/p>","protected":false},"excerpt":{"rendered":"<p>Tampone di garza sterile in tessuto non tessuto<\/p>","protected":false},"featured_media":9781,"template":"","meta":{"_acf_changed":false,"_seopress_robots_primary_cat":"104","_seopress_titles_title":"","_seopress_titles_desc":"","_seopress_robots_index":""},"product_brand":[],"product_cat":[147,372,146,134,103,104],"product_tag":[],"categorie_principale":[31,106,28,29],"marque":[107],"class_list":{"0":"post-9775","1":"product","2":"type-product","3":"status-publish","4":"has-post-thumbnail","6":"product_cat-compresse","7":"product_cat-medicusana","8":"product_cat-pansement","9":"product_cat-petite-chirurgie-suture","10":"product_cat-sets-de-soin","11":"product_cat-soin-des-plaies","12":"categorie_principale-gynecologie","13":"categorie_principale-medecine-dentaire","14":"categorie_principale-medecine-generale","15":"categorie_principale-permanence-hopital","16":"marque-hartmann","18":"first","19":"instock","20":"taxable","21":"shipping-taxable","22":"purchasable","23":"product-type-simple"},"supplier_id":null,"supplier_sku":"","atum_controlled":true,"out_stock_date":null,"out_stock_threshold":null,"inheritable":false,"inbound_stock":null,"stock_on_hold":0,"sold_today":0,"sales_last_days":20,"reserved_stock":null,"customer_returns":null,"warehouse_damage":null,"lost_in_post":null,"other_logs":null,"out_stock_days":0,"lost_sales":0,"has_location":true,"update_date":"2026-04-09T00:03:59","atum_locations":[{"id":373,"name":"Officine","slug":"officine"}],"atum_stock_status":"instock","restock_status":false,"low_stock_amount":"","sales_update_date":"2026-04-09T00:03:59","calc_backorders":null,"acf":[],"_links":{"self":[{"href":"https:\/\/softymed.ch\/it\/wp-json\/wp\/v2\/product\/9775","targetHints":{"allow":["GET"]}}],"collection":[{"href":"https:\/\/softymed.ch\/it\/wp-json\/wp\/v2\/product"}],"about":[{"href":"https:\/\/softymed.ch\/it\/wp-json\/wp\/v2\/types\/product"}],"wp:featuredmedia":[{"embeddable":true,"href":"https:\/\/softymed.ch\/it\/wp-json\/wp\/v2\/media\/9781"}],"wp:attachment":[{"href":"https:\/\/softymed.ch\/it\/wp-json\/wp\/v2\/media?parent=9775"}],"wp:term":[{"taxonomy":"product_brand","embeddable":true,"href":"https:\/\/softymed.ch\/it\/wp-json\/wp\/v2\/product_brand?post=9775"},{"taxonomy":"product_cat","embeddable":true,"href":"https:\/\/softymed.ch\/it\/wp-json\/wp\/v2\/product_cat?post=9775"},{"taxonomy":"product_tag","embeddable":true,"href":"https:\/\/softymed.ch\/it\/wp-json\/wp\/v2\/product_tag?post=9775"},{"taxonomy":"categorie_principale","embeddable":true,"href":"https:\/\/softymed.ch\/it\/wp-json\/wp\/v2\/categorie_principale?post=9775"},{"taxonomy":"marque","embeddable":true,"href":"https:\/\/softymed.ch\/it\/wp-json\/wp\/v2\/marque?post=9775"}],"curies":[{"name":"wp","href":"https:\/\/api.w.org\/{rel}","templated":true}]}}