{"id":9711,"date":"2025-02-07T18:21:00","date_gmt":"2025-02-07T17:21:00","guid":{"rendered":"https:\/\/softymed.ch\/?post_type=product&#038;p=9711"},"modified":"2025-11-19T11:24:02","modified_gmt":"2025-11-19T10:24:02","slug":"bd-vacutainer-cat","status":"publish","type":"product","link":"https:\/\/softymed.ch\/it\/boutique\/prelevements\/prelevement-special\/bd-vacutainer-cat\/","title":{"rendered":"BD Vacutainer\u00ae CAT"},"content":{"rendered":"<p>Disponibles avec un additif EDTA enduit par pulv\u00e9risation ou un additif de coagulation de silice. Les tubes de s\u00e9rum BD Vacutainer\u2122 Crossmatch sont des tubes en plastique avec une fermeture Hemogard\u2122 rose et une \u00e9tiquette de bloc extra-large qui sont utilis\u00e9s pour obtenir soit un \u00e9chantillon de s\u00e9rum, soit un \u00e9chantillon de sang total ou de plasma EDTA.<\/p>\n<p>Format: 13&#215;100<br \/>\nVuoto: 6 ml<br \/>\n\u00c9tiquette papier<br \/>\nTubi di vetro<\/p>","protected":false},"excerpt":{"rendered":"<p>Disponibles avec un additif EDTA enduit par pulv\u00e9risation ou un additif de coagulation de silice. Les tubes de s\u00e9rum BD Vacutainer\u2122 Crossmatch sont des tubes en plastique avec une fermeture Hemogard\u2122 rose et une \u00e9tiquette de bloc extra-large qui sont utilis\u00e9s pour obtenir soit un \u00e9chantillon de s\u00e9rum, soit un \u00e9chantillon de sang total ou [&hellip;]<\/p>\n","protected":false},"featured_media":9729,"template":"","meta":{"_acf_changed":false,"_seopress_robots_primary_cat":"none","_seopress_titles_title":"","_seopress_titles_desc":"","_seopress_robots_index":""},"product_brand":[],"product_cat":[142,137,136],"product_tag":[],"categorie_principale":[27,28,29],"marque":[172],"class_list":{"0":"post-9711","1":"product","2":"type-product","3":"status-publish","4":"has-post-thumbnail","6":"product_cat-prelevement-special","7":"product_cat-prelevement-veineux","8":"product_cat-prelevements","9":"categorie_principale-laboratoire","10":"categorie_principale-medecine-generale","11":"categorie_principale-permanence-hopital","12":"marque-becton-dickinson","14":"first","15":"instock","16":"taxable","17":"shipping-taxable","18":"purchasable","19":"product-type-simple"},"supplier_id":null,"supplier_sku":"","atum_controlled":true,"out_stock_date":null,"out_stock_threshold":null,"inheritable":false,"inbound_stock":null,"stock_on_hold":0,"sold_today":0,"sales_last_days":0,"reserved_stock":null,"customer_returns":null,"warehouse_damage":null,"lost_in_post":null,"other_logs":null,"out_stock_days":0,"lost_sales":0,"has_location":true,"update_date":"2026-04-09T00:03:37","atum_locations":[{"id":219,"name":"Cubo giallo","slug":"yellow-cube"}],"atum_stock_status":"instock","restock_status":false,"low_stock_amount":"","sales_update_date":"2026-04-09T00:03:37","calc_backorders":null,"acf":[],"_links":{"self":[{"href":"https:\/\/softymed.ch\/it\/wp-json\/wp\/v2\/product\/9711","targetHints":{"allow":["GET"]}}],"collection":[{"href":"https:\/\/softymed.ch\/it\/wp-json\/wp\/v2\/product"}],"about":[{"href":"https:\/\/softymed.ch\/it\/wp-json\/wp\/v2\/types\/product"}],"wp:featuredmedia":[{"embeddable":true,"href":"https:\/\/softymed.ch\/it\/wp-json\/wp\/v2\/media\/9729"}],"wp:attachment":[{"href":"https:\/\/softymed.ch\/it\/wp-json\/wp\/v2\/media?parent=9711"}],"wp:term":[{"taxonomy":"product_brand","embeddable":true,"href":"https:\/\/softymed.ch\/it\/wp-json\/wp\/v2\/product_brand?post=9711"},{"taxonomy":"product_cat","embeddable":true,"href":"https:\/\/softymed.ch\/it\/wp-json\/wp\/v2\/product_cat?post=9711"},{"taxonomy":"product_tag","embeddable":true,"href":"https:\/\/softymed.ch\/it\/wp-json\/wp\/v2\/product_tag?post=9711"},{"taxonomy":"categorie_principale","embeddable":true,"href":"https:\/\/softymed.ch\/it\/wp-json\/wp\/v2\/categorie_principale?post=9711"},{"taxonomy":"marque","embeddable":true,"href":"https:\/\/softymed.ch\/it\/wp-json\/wp\/v2\/marque?post=9711"}],"curies":[{"name":"wp","href":"https:\/\/api.w.org\/{rel}","templated":true}]}}