{"id":9707,"date":"2025-02-07T18:08:53","date_gmt":"2025-02-07T17:08:53","guid":{"rendered":"https:\/\/softymed.ch\/?post_type=product&#038;p=9707"},"modified":"2025-06-03T17:34:49","modified_gmt":"2025-06-03T15:34:49","slug":"siringa-bd-preset-eclipse","status":"publish","type":"product","link":"https:\/\/softymed.ch\/it\/boutique\/prelevements\/aiguille\/seringue-bd-preset-eclipse\/","title":{"rendered":"BD Preset\u2122 Eclipse\u2122 Siringa"},"content":{"rendered":"<p>Seringues st\u00e9riles, \u00e0 usage unique, avec aiguille, pour le pr\u00e9l\u00e8vement de sang. Destin\u00e9es \u00e0 une utilisation pour le pr\u00e9l\u00e8vement, le transport et la conservation d\u2019\u00e9chantillons de sang humain \u00e0 des fins de diagnostic in-vitro. Ces dispositifs sont \u00e9quip\u00e9s d\u2019une aiguille s\u00e9curit\u00e9 activ\u00e9e par l\u2019utilisateur pour pr\u00e9venir le risque d\u2019accident exposant au sang par piq\u00fbre d\u2019aiguille. Ces dispositifs sont destin\u00e9s \u00e0 \u00eatre manipul\u00e9s par des professionnels de sant\u00e9.<\/p>","protected":false},"excerpt":{"rendered":"<p>Per il prelievo di sangue arterioso con litio eparina<\/p>","protected":false},"featured_media":9710,"template":"","meta":{"_acf_changed":false,"_seopress_robots_primary_cat":"144","_seopress_titles_title":"","_seopress_titles_desc":"","_seopress_robots_index":""},"product_brand":[],"product_cat":[144,372,142,137,136],"product_tag":[],"categorie_principale":[31,27,28,29],"marque":[172],"class_list":{"0":"post-9707","1":"product","2":"type-product","3":"status-publish","4":"has-post-thumbnail","6":"product_cat-aiguille","7":"product_cat-medicusana","8":"product_cat-prelevement-special","9":"product_cat-prelevement-veineux","10":"product_cat-prelevements","11":"categorie_principale-gynecologie","12":"categorie_principale-laboratoire","13":"categorie_principale-medecine-generale","14":"categorie_principale-permanence-hopital","15":"marque-becton-dickinson","17":"first","18":"instock","19":"taxable","20":"shipping-taxable","21":"purchasable","22":"product-type-simple"},"supplier_id":null,"supplier_sku":"","atum_controlled":true,"out_stock_date":null,"out_stock_threshold":null,"inheritable":false,"inbound_stock":null,"stock_on_hold":0,"sold_today":0,"sales_last_days":0,"reserved_stock":null,"customer_returns":null,"warehouse_damage":null,"lost_in_post":null,"other_logs":null,"out_stock_days":0,"lost_sales":0,"has_location":true,"update_date":"2026-04-09T00:03:37","atum_locations":[{"id":219,"name":"Cubo giallo","slug":"yellow-cube"}],"atum_stock_status":"instock","restock_status":false,"low_stock_amount":"","sales_update_date":"2026-04-09T00:03:37","calc_backorders":null,"acf":[],"_links":{"self":[{"href":"https:\/\/softymed.ch\/it\/wp-json\/wp\/v2\/product\/9707","targetHints":{"allow":["GET"]}}],"collection":[{"href":"https:\/\/softymed.ch\/it\/wp-json\/wp\/v2\/product"}],"about":[{"href":"https:\/\/softymed.ch\/it\/wp-json\/wp\/v2\/types\/product"}],"wp:featuredmedia":[{"embeddable":true,"href":"https:\/\/softymed.ch\/it\/wp-json\/wp\/v2\/media\/9710"}],"wp:attachment":[{"href":"https:\/\/softymed.ch\/it\/wp-json\/wp\/v2\/media?parent=9707"}],"wp:term":[{"taxonomy":"product_brand","embeddable":true,"href":"https:\/\/softymed.ch\/it\/wp-json\/wp\/v2\/product_brand?post=9707"},{"taxonomy":"product_cat","embeddable":true,"href":"https:\/\/softymed.ch\/it\/wp-json\/wp\/v2\/product_cat?post=9707"},{"taxonomy":"product_tag","embeddable":true,"href":"https:\/\/softymed.ch\/it\/wp-json\/wp\/v2\/product_tag?post=9707"},{"taxonomy":"categorie_principale","embeddable":true,"href":"https:\/\/softymed.ch\/it\/wp-json\/wp\/v2\/categorie_principale?post=9707"},{"taxonomy":"marque","embeddable":true,"href":"https:\/\/softymed.ch\/it\/wp-json\/wp\/v2\/marque?post=9707"}],"curies":[{"name":"wp","href":"https:\/\/api.w.org\/{rel}","templated":true}]}}