{"id":9598,"date":"2025-02-04T14:24:49","date_gmt":"2025-02-04T13:24:49","guid":{"rendered":"https:\/\/softymed.ch\/?post_type=product&#038;p=9598"},"modified":"2025-10-16T13:11:38","modified_gmt":"2025-10-16T11:11:38","slug":"cosmopor-i-v-trasparente","status":"publish","type":"product","link":"https:\/\/softymed.ch\/it\/boutique\/perfusion-injection\/cosmopor-i-v-transparent\/","title":{"rendered":"Cosmopor\u00ae I.V. trasparente"},"content":{"rendered":"<p>Cosmopor\u00ae I.V. transparent est un pansement de fixation st\u00e9rile pour les aiguilles et cath\u00e9ters de Hartmann et dispose d&rsquo;une fen\u00eatre de visualisation qui permet un contr\u00f4le visuel r\u00e9gulier du point d&rsquo;injection. Conform\u00e9ment au MDR et \u00e0 la norme ISO 10993-1-2018, le Cosmopor\u00ae I.V. transparent peut \u00e9galement \u00eatre port\u00e9 pendant une p\u00e9riode prolong\u00e9e allant jusqu&rsquo;\u00e0 30 jours. Cette propri\u00e9t\u00e9 est notamment favoris\u00e9e par la mise en \u0153uvre d&rsquo;une colle douce pour la peau.<\/p>\n<p>Des bandes adh\u00e9sives suppl\u00e9mentaires, adapt\u00e9es \u00e0 la fixation des embouts de cath\u00e9ters et des tubulures, se trouvent sur le film protecteur des pansements. Une ouverture I.V. prot\u00e9g\u00e9e par du papier silicon\u00e9 permet d&rsquo;ins\u00e9rer facilement la canule.<\/p>\n<p><strong>Caratteristiche<\/strong><br \/>\n-Cosmopor\u00ae I.V. transparent de Hartmann<br \/>\n-Pansement de fixation avec fen\u00eatre de visualisation pour canules et cath\u00e9ters<br \/>\n-Cadre en non-tiss\u00e9 stabilisant et autocollant<br \/>\n-La fen\u00eatre d&rsquo;observation est constitu\u00e9e d&rsquo;un film de polyur\u00e9thane semi-perm\u00e9able, imperm\u00e9able aux germes et \u00e0 l&rsquo;eau<br \/>\n-Adh\u00e9sif particuli\u00e8rement fort et bien tol\u00e9r\u00e9 par la peau<br \/>\n-Id\u00e9al pour un traitement st\u00e9rile du point de ponction<br \/>\n-Contr\u00f4le visuel du point de piq\u00fbre possible \u00e0 tout moment<br \/>\n-Bandes adh\u00e9sives suppl\u00e9mentaires pour la fixation des embouts de cath\u00e9ter et des tubulures<br \/>\n-Convient \u00e9galement pour un port prolong\u00e9 jusqu&rsquo;\u00e0 30 jours, conform\u00e9ment \u00e0 MDR et ISO 10993-1-2018<br \/>\n-Exempt de substances ou d&rsquo;agents r\u00e9sorbables<br \/>\n-Facile \u00e0 coller<br \/>\n-Dimensioni: 9 x 7 cm<br \/>\n-Confezione sterile individuale<\/p>","protected":false},"excerpt":{"rendered":"<p>Medicazione per il fissaggio di cateteri corti<\/p>","protected":false},"featured_media":9599,"template":"","meta":{"_acf_changed":false,"_seopress_robots_primary_cat":"none","_seopress_titles_title":"","_seopress_titles_desc":"","_seopress_robots_index":""},"product_brand":[],"product_cat":[133],"product_tag":[],"categorie_principale":[165,32,31,28,29],"marque":[107],"class_list":{"0":"post-9598","1":"product","2":"type-product","3":"status-publish","4":"has-post-thumbnail","6":"product_cat-perfusion-injection","7":"categorie_principale-autre","8":"categorie_principale-cardiologie","9":"categorie_principale-gynecologie","10":"categorie_principale-medecine-generale","11":"categorie_principale-permanence-hopital","12":"marque-hartmann","14":"first","15":"instock","16":"taxable","17":"shipping-taxable","18":"purchasable","19":"product-type-variable"},"supplier_id":null,"supplier_sku":"","atum_controlled":true,"out_stock_date":null,"out_stock_threshold":null,"inheritable":true,"inbound_stock":null,"stock_on_hold":0,"sold_today":0,"sales_last_days":0,"reserved_stock":null,"customer_returns":null,"warehouse_damage":null,"lost_in_post":null,"other_logs":null,"out_stock_days":0,"lost_sales":0,"has_location":true,"update_date":"2026-04-08T00:03:36","atum_locations":[{"id":219,"name":"Cubo giallo","slug":"yellow-cube"}],"atum_stock_status":"instock","restock_status":false,"low_stock_amount":"","sales_update_date":"2026-04-08T00:03:36","calc_backorders":null,"acf":[],"_links":{"self":[{"href":"https:\/\/softymed.ch\/it\/wp-json\/wp\/v2\/product\/9598","targetHints":{"allow":["GET"]}}],"collection":[{"href":"https:\/\/softymed.ch\/it\/wp-json\/wp\/v2\/product"}],"about":[{"href":"https:\/\/softymed.ch\/it\/wp-json\/wp\/v2\/types\/product"}],"wp:featuredmedia":[{"embeddable":true,"href":"https:\/\/softymed.ch\/it\/wp-json\/wp\/v2\/media\/9599"}],"wp:attachment":[{"href":"https:\/\/softymed.ch\/it\/wp-json\/wp\/v2\/media?parent=9598"}],"wp:term":[{"taxonomy":"product_brand","embeddable":true,"href":"https:\/\/softymed.ch\/it\/wp-json\/wp\/v2\/product_brand?post=9598"},{"taxonomy":"product_cat","embeddable":true,"href":"https:\/\/softymed.ch\/it\/wp-json\/wp\/v2\/product_cat?post=9598"},{"taxonomy":"product_tag","embeddable":true,"href":"https:\/\/softymed.ch\/it\/wp-json\/wp\/v2\/product_tag?post=9598"},{"taxonomy":"categorie_principale","embeddable":true,"href":"https:\/\/softymed.ch\/it\/wp-json\/wp\/v2\/categorie_principale?post=9598"},{"taxonomy":"marque","embeddable":true,"href":"https:\/\/softymed.ch\/it\/wp-json\/wp\/v2\/marque?post=9598"}],"curies":[{"name":"wp","href":"https:\/\/api.w.org\/{rel}","templated":true}]}}