{"id":9292,"date":"2025-01-06T11:07:43","date_gmt":"2025-01-06T10:07:43","guid":{"rendered":"https:\/\/softymed.ch\/?post_type=product&#038;p=9292"},"modified":"2025-10-30T20:04:20","modified_gmt":"2025-10-30T19:04:20","slug":"estensione-del-set-di-infusione-heidelberger","status":"publish","type":"product","link":"https:\/\/softymed.ch\/it\/boutique\/perfusion-injection\/rallonge-de-perfuseur-heidelberger\/","title":{"rendered":"Estensione del set di infusione Heidelberger"},"content":{"rendered":"<p>Il tubo di prolunga Heidelberger di Asid Bonz \u00e8 un tubo di prolunga in plastica adatto a collegare e prolungare le linee di infusione e trasfusione con connettori Luer-Lock. \u00c8 un accessorio utile durante l'infusione e viene utilizzato quando una linea di infusione standard di lunghezza compresa tra uno e un metro e mezzo non \u00e8 sufficiente. Ci\u00f2 pu\u00f2 accadere, ad esempio, quando il paziente deve essere mobilizzato o posizionato su un fianco durante la somministrazione di un'infusione per evitare piaghe da decubito. Con questo dispositivo medico, il tubo di infusione pu\u00f2 essere facilmente esteso fino a 140 cm e la soluzione infusionale pu\u00f2 essere somministrata nonostante la maggiore distanza tra il paziente e il dispositivo di infusione. Il materiale trasparente offre la massima sicurezza, mentre la possibilit\u00e0 di controllo ottico assicura un flusso ottimale.<\/p>\n<p>Un tubo di prolunga di Heidelberger pu\u00f2 essere utilizzato anche per determinare il comportamento della pressione venosa. A tal fine, la vena corrispondente viene perforata con una cannula e questa viene collegata alla prolunga. Questa \u00e8 a sua volta collegata a un sensore di pressione. Anche per questo tipo di utilizzo, \u00e8 necessario rimuovere l'aria dalla prolunga.<\/p>\n<p><strong>Caratteristiche<\/strong><br \/>\n-Estensione di Heilderberger da Asid Bonz<br \/>\n-Conforme allo standard ISO 8536-9-CL-P<br \/>\n-Estensione per sistemi di infusione e trasfusione<br \/>\n-Confezione sterile individuale<br \/>\n-Solo per uso singolo<br \/>\n-Trasparente<br \/>\nResistente alla pressione<br \/>\n-Chiusura a chiave<br \/>\n-Apyrogenic<br \/>\nSenza lattice<br \/>\nDurata di vita di cinque anni<br \/>\n-Disponibile in lunghezza: 140 cm<br \/>\n-Contenuto della fornitura: 1 pezzo<\/p>","protected":false},"excerpt":{"rendered":"<p>140 cm<\/p>","protected":false},"featured_media":9299,"template":"","meta":{"_acf_changed":false,"_seopress_robots_primary_cat":"none","_seopress_titles_title":"","_seopress_titles_desc":"","_seopress_robots_index":""},"product_brand":[],"product_cat":[133],"product_tag":[],"categorie_principale":[32,31,27,28,29],"marque":[330],"class_list":{"0":"post-9292","1":"product","2":"type-product","3":"status-publish","4":"has-post-thumbnail","6":"product_cat-perfusion-injection","7":"categorie_principale-cardiologie","8":"categorie_principale-gynecologie","9":"categorie_principale-laboratoire","10":"categorie_principale-medecine-generale","11":"categorie_principale-permanence-hopital","12":"marque-asid-bonz","14":"first","15":"instock","16":"taxable","17":"shipping-taxable","18":"purchasable","19":"product-type-simple"},"supplier_id":null,"supplier_sku":"","atum_controlled":true,"out_stock_date":null,"out_stock_threshold":null,"inheritable":false,"inbound_stock":0,"stock_on_hold":0,"sold_today":0,"sales_last_days":0,"reserved_stock":0,"customer_returns":0,"warehouse_damage":0,"lost_in_post":0,"other_logs":0,"out_stock_days":0,"lost_sales":0,"has_location":true,"update_date":"2026-04-08T00:03:36","atum_locations":[{"id":373,"name":"Officine","slug":"officine"}],"atum_stock_status":"instock","restock_status":false,"low_stock_amount":"","sales_update_date":"2026-04-08T00:03:36","calc_backorders":null,"acf":[],"_links":{"self":[{"href":"https:\/\/softymed.ch\/it\/wp-json\/wp\/v2\/product\/9292","targetHints":{"allow":["GET"]}}],"collection":[{"href":"https:\/\/softymed.ch\/it\/wp-json\/wp\/v2\/product"}],"about":[{"href":"https:\/\/softymed.ch\/it\/wp-json\/wp\/v2\/types\/product"}],"wp:featuredmedia":[{"embeddable":true,"href":"https:\/\/softymed.ch\/it\/wp-json\/wp\/v2\/media\/9299"}],"wp:attachment":[{"href":"https:\/\/softymed.ch\/it\/wp-json\/wp\/v2\/media?parent=9292"}],"wp:term":[{"taxonomy":"product_brand","embeddable":true,"href":"https:\/\/softymed.ch\/it\/wp-json\/wp\/v2\/product_brand?post=9292"},{"taxonomy":"product_cat","embeddable":true,"href":"https:\/\/softymed.ch\/it\/wp-json\/wp\/v2\/product_cat?post=9292"},{"taxonomy":"product_tag","embeddable":true,"href":"https:\/\/softymed.ch\/it\/wp-json\/wp\/v2\/product_tag?post=9292"},{"taxonomy":"categorie_principale","embeddable":true,"href":"https:\/\/softymed.ch\/it\/wp-json\/wp\/v2\/categorie_principale?post=9292"},{"taxonomy":"marque","embeddable":true,"href":"https:\/\/softymed.ch\/it\/wp-json\/wp\/v2\/marque?post=9292"}],"curies":[{"name":"wp","href":"https:\/\/api.w.org\/{rel}","templated":true}]}}