{"id":8972,"date":"2024-12-16T18:56:48","date_gmt":"2024-12-16T17:56:48","guid":{"rendered":"https:\/\/softymed.ch\/?post_type=product&#038;p=8972"},"modified":"2025-07-15T16:01:38","modified_gmt":"2025-07-15T14:01:38","slug":"distributore-di-carta-igienica-standard","status":"publish","type":"product","link":"https:\/\/softymed.ch\/it\/boutique\/hygiene-desinfection\/distributeur-de-papier-toilette-standard\/","title":{"rendered":"Distributore di carta igienica standard"},"content":{"rendered":"<p>Le syst\u00e8me de distribution Kimberly-Clark Professional\u2122 ICON\u2122 est notre toute derni\u00e8re innovation de pointe, alliant confiance et design. Gr\u00e2ce \u00e0 sa polyvalence in\u00e9gal\u00e9e, le distributeur ICON\u2122 \u00e0 deux rouleaux am\u00e9liore sans effort l&rsquo;apparence des sanitaires gr\u00e2ce \u00e0 une gamme exclusive de fa\u00e7ades interchangeables pour vous aider \u00e0 repenser les sanitaires. Le distributeur ICON\u2122 offre un \u00e9quilibre fiable entre efficacit\u00e9, performances et valeur. Le distributeur ICON\u2122 contient deux rouleaux de papier toilette standard grand format. Ce distributeur ajoute le style \u00e0 l&rsquo;hygi\u00e8ne avec une option de six fa\u00e7ades interchangeables. Le rechargement est facile pour votre personnel d&rsquo;entretien gr\u00e2ce \u00e0 un choix de serrures \u00e0 cl\u00e9 ou sans cl\u00e9. Ces superbes distributeurs sont dot\u00e9s de fa\u00e7ades interchangeable et viennent compl\u00e9ter les autres distributeurs d&rsquo;essuie-mains et de soin de la peau ICON\u2122 de la gamme. Les rouleaux de papier toilette compatibles avec ce distributeur ICON\u2122 sont les r\u00e9f\u00e9rences Scott\u00ae et Kleenex\u00ae de papier toilette : 8440, 8441, 8459, 8519.<\/p>\n<p><strong>Caratteristiche<\/strong><br \/>\n-1 distributeur bo\u00eetier blanc et 1 fa\u00e7ade Mosa\u00efque Blanche par colis<br \/>\n-Le syst\u00e8me de distribution Kimberly-Clark Professional\u2122 ICON\u2122 propose six finitions design qui am\u00e9liorent l&rsquo;apparence de vos sanitaires<br \/>\n-Entretien facile, choix de verrous \u00e0 cl\u00e9 ou \u00e0 bouton-poussoir<br \/>\n-Support de montage avec niveau int\u00e9gr\u00e9 pour une installation facile<br \/>\n-Changez rapidement et facilement de fa\u00e7ade avec un minimum d&rsquo;effort<\/p>","protected":false},"excerpt":{"rendered":"<p>Cassa bianca con pannello frontale a mosaico bianco<br \/>\nOrizzontale con 2 rulli<\/p>","protected":false},"featured_media":8979,"template":"","meta":{"_acf_changed":false,"_seopress_robots_primary_cat":"none","_seopress_titles_title":"","_seopress_titles_desc":"","_seopress_robots_index":""},"product_brand":[],"product_cat":[127,176],"product_tag":[],"categorie_principale":[165,32,31,27,106,28,30,29],"marque":[329],"class_list":{"0":"post-8972","1":"product","2":"type-product","3":"status-publish","4":"has-post-thumbnail","6":"product_cat-hygiene-desinfection","7":"product_cat-protection-consommable","8":"categorie_principale-autre","9":"categorie_principale-cardiologie","10":"categorie_principale-gynecologie","11":"categorie_principale-laboratoire","12":"categorie_principale-medecine-dentaire","13":"categorie_principale-medecine-generale","14":"categorie_principale-orthopedie","15":"categorie_principale-permanence-hopital","16":"marque-kimberly-clark-professional-icon","18":"first","19":"outofstock","20":"taxable","21":"shipping-taxable","22":"product-type-simple"},"supplier_id":null,"supplier_sku":"","atum_controlled":true,"out_stock_date":"2025-03-04 14:18:38","out_stock_threshold":null,"inheritable":false,"inbound_stock":0,"stock_on_hold":0,"sold_today":0,"sales_last_days":0,"reserved_stock":0,"customer_returns":0,"warehouse_damage":0,"lost_in_post":0,"other_logs":0,"out_stock_days":400,"lost_sales":0,"has_location":true,"update_date":"2026-04-09T00:03:37","atum_locations":[{"id":373,"name":"Officine","slug":"officine"}],"atum_stock_status":"outofstock","restock_status":false,"low_stock_amount":"","sales_update_date":"2026-04-09T00:03:37","calc_backorders":null,"acf":[],"_links":{"self":[{"href":"https:\/\/softymed.ch\/it\/wp-json\/wp\/v2\/product\/8972","targetHints":{"allow":["GET"]}}],"collection":[{"href":"https:\/\/softymed.ch\/it\/wp-json\/wp\/v2\/product"}],"about":[{"href":"https:\/\/softymed.ch\/it\/wp-json\/wp\/v2\/types\/product"}],"wp:featuredmedia":[{"embeddable":true,"href":"https:\/\/softymed.ch\/it\/wp-json\/wp\/v2\/media\/8979"}],"wp:attachment":[{"href":"https:\/\/softymed.ch\/it\/wp-json\/wp\/v2\/media?parent=8972"}],"wp:term":[{"taxonomy":"product_brand","embeddable":true,"href":"https:\/\/softymed.ch\/it\/wp-json\/wp\/v2\/product_brand?post=8972"},{"taxonomy":"product_cat","embeddable":true,"href":"https:\/\/softymed.ch\/it\/wp-json\/wp\/v2\/product_cat?post=8972"},{"taxonomy":"product_tag","embeddable":true,"href":"https:\/\/softymed.ch\/it\/wp-json\/wp\/v2\/product_tag?post=8972"},{"taxonomy":"categorie_principale","embeddable":true,"href":"https:\/\/softymed.ch\/it\/wp-json\/wp\/v2\/categorie_principale?post=8972"},{"taxonomy":"marque","embeddable":true,"href":"https:\/\/softymed.ch\/it\/wp-json\/wp\/v2\/marque?post=8972"}],"curies":[{"name":"wp","href":"https:\/\/api.w.org\/{rel}","templated":true}]}}