{"id":8953,"date":"2024-12-16T18:42:03","date_gmt":"2024-12-16T17:42:03","guid":{"rendered":"https:\/\/softymed.ch\/?post_type=product&#038;p=8953"},"modified":"2025-09-18T18:17:18","modified_gmt":"2025-09-18T16:17:18","slug":"distributore-elettronico-di-sapone-e-disinfettante","status":"publish","type":"product","link":"https:\/\/softymed.ch\/it\/boutique\/hygiene-desinfection\/distributeur-electronique-de-savon-et-de-desinfectant\/","title":{"rendered":"Distributore elettronico di sapone e disinfettante"},"content":{"rendered":"<p>Le syst\u00e8me de distribution Kimberly-Clark Professional\u2122 ICON\u2122 allie confiance et design. Gr\u00e2ce \u00e0 sa polyvalence in\u00e9gal\u00e9e, le distributeur de soins de la peau ICON\u2122 am\u00e9liore sans effort l&rsquo;apparence de vos sanitaires gr\u00e2ce \u00e0 une gamme exclusive de fa\u00e7ades interchangeables pour aider \u00e0 repenser les sanitaires et \u00e0 compl\u00e9ter les autres distributeurs de papier toilette et d&rsquo;essuie-mains ICON\u2122 de la gamme. S\u00e9lectionnez l&rsquo;une de nos six options de design de fa\u00e7ade. Distribution contr\u00f4l\u00e9e pour une grande simplicit\u00e9 d&rsquo;utilisation. Con\u00e7u pour une distribution efficace afin de couvrir compl\u00e8tement les mains tout en \u00e9vitant l&rsquo;exc\u00e8s de produit. Le fonctionnement sans contact permet de maintenir les niveaux les plus \u00e9lev\u00e9s d&rsquo;hygi\u00e8ne des mains, avec ces distributeurs qui permettent jusqu&rsquo;\u00e0 60 000 utilisations avec un seul jeu de piles. Peut \u00eatre utilis\u00e9 avec nos recharges \u00e9lectroniques pour soins de la peau de marque Kleenex\u00ae ou Scott\u00ae. Les cassettes de savon et de d\u00e9sinfectant scell\u00e9es de mani\u00e8re hygi\u00e9nique avec pompe int\u00e9gr\u00e9e offrent une nouvelle cartouche hygi\u00e9nique \u00e0 chaque fois avec une nouvelle buse propre \u00e0 chaque changement de cassette, garantissant une hygi\u00e8ne maximale et \u00e9liminant le risque de contamination par contact avec l&rsquo;environnement. Un support peut \u00eatre utilis\u00e9 comme poste de d\u00e9sinfection \u00e0 l&rsquo;ext\u00e9rieur des sanitaires. Les modules de soin de la peau compatibles avec ce distr<\/p>\n<p><strong>Caratteristiche<\/strong><br \/>\n-1 distributeur bo\u00eetier blanc et 1 fa\u00e7ade Mosa\u00efque Blanche par colis<br \/>\n-Le syst\u00e8me de distribution Kimberly-Clark Professional\u2122 ICON\u2122 propose six finitions design qui am\u00e9liorent l&rsquo;apparence de vos sanitaires<br \/>\n-Entretien facile, choix de verrous \u00e0 cl\u00e9 ou \u00e0 bouton-poussoir<br \/>\n-Support de montage avec niveau int\u00e9gr\u00e9 pour une installation facile<br \/>\n-60.000 distribuzioni su un set di batterie<\/p>","protected":false},"excerpt":{"rendered":"<p>Cassa bianca con pannello frontale a mosaico bianco<br \/>\nCompatibile con il sapone Scott 6345<\/p>","protected":false},"featured_media":8963,"template":"","meta":{"_acf_changed":false,"_seopress_robots_primary_cat":"none","_seopress_titles_title":"","_seopress_titles_desc":"","_seopress_robots_index":""},"product_brand":[],"product_cat":[127,176],"product_tag":[],"categorie_principale":[165,32,31,27,106,28,30,29],"marque":[329],"class_list":{"0":"post-8953","1":"product","2":"type-product","3":"status-publish","4":"has-post-thumbnail","6":"product_cat-hygiene-desinfection","7":"product_cat-protection-consommable","8":"categorie_principale-autre","9":"categorie_principale-cardiologie","10":"categorie_principale-gynecologie","11":"categorie_principale-laboratoire","12":"categorie_principale-medecine-dentaire","13":"categorie_principale-medecine-generale","14":"categorie_principale-orthopedie","15":"categorie_principale-permanence-hopital","16":"marque-kimberly-clark-professional-icon","18":"first","19":"outofstock","20":"taxable","21":"shipping-taxable","22":"product-type-simple"},"supplier_id":null,"supplier_sku":"","atum_controlled":true,"out_stock_date":"2025-08-18 14:09:42","out_stock_threshold":null,"inheritable":false,"inbound_stock":0,"stock_on_hold":0,"sold_today":0,"sales_last_days":0,"reserved_stock":0,"customer_returns":0,"warehouse_damage":0,"lost_in_post":0,"other_logs":0,"out_stock_days":232,"lost_sales":0,"has_location":true,"update_date":"2026-04-08T00:03:36","atum_locations":[{"id":373,"name":"Officine","slug":"officine"}],"atum_stock_status":"outofstock","restock_status":false,"low_stock_amount":"","sales_update_date":"2026-04-08T00:03:35","calc_backorders":null,"acf":[],"_links":{"self":[{"href":"https:\/\/softymed.ch\/it\/wp-json\/wp\/v2\/product\/8953","targetHints":{"allow":["GET"]}}],"collection":[{"href":"https:\/\/softymed.ch\/it\/wp-json\/wp\/v2\/product"}],"about":[{"href":"https:\/\/softymed.ch\/it\/wp-json\/wp\/v2\/types\/product"}],"wp:featuredmedia":[{"embeddable":true,"href":"https:\/\/softymed.ch\/it\/wp-json\/wp\/v2\/media\/8963"}],"wp:attachment":[{"href":"https:\/\/softymed.ch\/it\/wp-json\/wp\/v2\/media?parent=8953"}],"wp:term":[{"taxonomy":"product_brand","embeddable":true,"href":"https:\/\/softymed.ch\/it\/wp-json\/wp\/v2\/product_brand?post=8953"},{"taxonomy":"product_cat","embeddable":true,"href":"https:\/\/softymed.ch\/it\/wp-json\/wp\/v2\/product_cat?post=8953"},{"taxonomy":"product_tag","embeddable":true,"href":"https:\/\/softymed.ch\/it\/wp-json\/wp\/v2\/product_tag?post=8953"},{"taxonomy":"categorie_principale","embeddable":true,"href":"https:\/\/softymed.ch\/it\/wp-json\/wp\/v2\/categorie_principale?post=8953"},{"taxonomy":"marque","embeddable":true,"href":"https:\/\/softymed.ch\/it\/wp-json\/wp\/v2\/marque?post=8953"}],"curies":[{"name":"wp","href":"https:\/\/api.w.org\/{rel}","templated":true}]}}