{"id":8913,"date":"2024-12-16T18:08:46","date_gmt":"2024-12-16T17:08:46","guid":{"rendered":"https:\/\/softymed.ch\/?post_type=product&#038;p=8913"},"modified":"2026-02-24T10:05:35","modified_gmt":"2026-02-24T09:05:35","slug":"rotoli-di-asciugamani-scott-essential","status":"publish","type":"product","link":"https:\/\/softymed.ch\/it\/boutique\/hygiene-desinfection\/rouleaux-dessuie-mains-scott-essential\/","title":{"rendered":"Scott\u00ae Essential\u2122 Rotoli di asciugamani"},"content":{"rendered":"<p>Am\u00e9liorez votre exp\u00e9rience dans les sanitaires gr\u00e2ce aux solutions fiables et reconnues de Scott\u00ae Essential\u2122 con\u00e7ues pour vous aider \u00e0 respecter les normes d&rsquo;hygi\u00e8ne dans les lieux tr\u00e8s fr\u00e9quent\u00e9s sans compromettre la qualit\u00e9 ni le prix. Les rouleaux d&rsquo;essuie-mains Scott\u00ae Essential\u2122 sont con\u00e7us pour une hygi\u00e8ne des mains fiable dans les sanitaires qui exigent une hygi\u00e8ne constante. Ce sont les essuie-mains les plus efficaces pour un s\u00e9chage fiable des mains au quotidien. Ces rouleaux d&rsquo;essuie-mains sont les plus longs au monde, vous permettant de r\u00e9duire le temps d&rsquo;entretien et le nombre de rechargements. Notre technologie Airflex\u2122 exclusive permet une absorption plus rapide pour un s\u00e9chage hygi\u00e9nique des mains tout en r\u00e9duisant la quantit\u00e9 d&rsquo;essuie-mains utilis\u00e9e et donc les d\u00e9chets. Les rouleaux d&rsquo;essuie-mains en papier Scott\u00ae Essential\u2122 sont fi\u00e8rement estampill\u00e9s avec la marque Scott\u00ae pour garantir la confiance client. Ces essuie-mains sont certifi\u00e9s FSC et \u00c9colabel europ\u00e9en pour la protection de l&rsquo;environnement et sont \u00e9galement certifi\u00e9s pour le contact alimentaire. Dot\u00e9s d&rsquo;une technologie de compression, ces essuie-mains sont plus \u00e9cologiques gr\u00e2ce \u00e0 une r\u00e9duction des besoins de stockage et de transport. Compatibles avec le syst\u00e8me de distribution \u00e9lectronique Kimberly-Clark Professional\u2122 ICON\u2122 (53691 et 53940) avec des fa\u00e7ades interchangeables &#8211; disponibles pour les distributeurs d&rsquo;essuie-mains en rouleau, de soins des mains et de papier toilette pour une coh\u00e9rence de la gamme ICON\u2122, et des fa\u00e7ades personnalisables. Nos distributeurs sans contact r\u00e9duisent le risque de contamination crois\u00e9e. La fonction mise en r\u00e9serve de fin de rouleau permet de placer un rouleau de remplacement avant que le rouleau ne soit vide, pour une utilisation optimale. Ceci permet \u00e9galement une transition fluide entre les rouleaux, de limiter les d\u00e9chets et de maximisez l&rsquo;utilisation.<\/p>\n<p><strong>Caratteristiche<\/strong><br \/>\n-Chaque rouleau d&rsquo;essuie-mains contient 380 m\u00e8tres d&rsquo;essuie-mains 1 pli blanc, ce qui \u00e9quivaut \u00e0 jusqu&rsquo;\u00e0 1 520 formats d&rsquo;essuie-mains en papier<br \/>\n-L&rsquo;essuie-mains Scott\u00ae Essential\u2122 offre le rouleau le plus long au monde, en utilisant la technologie Airflex\u2122 pour une absorption plus rapide et un s\u00e9chage plus hygi\u00e9nique<br \/>\n-Les rouleaux d&rsquo;essuie-mains sont certifi\u00e9s \u00c9colabel europ\u00e9en et FSC pour la protection de l&rsquo;environnement et sont \u00e9galement certifi\u00e9s pour le contact alimentaire<br \/>\n-Compatibles avec le syst\u00e8me de distribution \u00e9lectronique Kimberly-Clark Professional\u2122 ICON\u2122 (53691 et 53940) avec des fa\u00e7ades interchangeables &#8211; disponibles pour les distributeurs d&rsquo;essuie-mains, de soins des mains et de papier toilette de la gamme ICON\u2122, et des fa\u00e7ades personnalisables<br \/>\n-Ces essuie-mains en papier sont les plus efficaces pour un s\u00e9chage fiable des mains au quotidien afin de favoriser l&rsquo;hygi\u00e8ne au travail<br \/>\n-Dispenser non incluso<\/p>","protected":false},"excerpt":{"rendered":"<p>In carta E-Roll di grande formato<br \/>\nCompatibile con il sistema di dispensazione elettronica senza contatto Kimberly-Clark Professional\u2122 ICON\u2122 (53691 e 53940).<\/p>","protected":false},"featured_media":8914,"template":"","meta":{"_acf_changed":false,"_seopress_robots_primary_cat":"none","_seopress_titles_title":"","_seopress_titles_desc":"","_seopress_robots_index":""},"product_brand":[],"product_cat":[127,176],"product_tag":[],"categorie_principale":[165,32,31,27,106,28,30,29],"marque":[328],"class_list":{"0":"post-8913","1":"product","2":"type-product","3":"status-publish","4":"has-post-thumbnail","6":"product_cat-hygiene-desinfection","7":"product_cat-protection-consommable","8":"categorie_principale-autre","9":"categorie_principale-cardiologie","10":"categorie_principale-gynecologie","11":"categorie_principale-laboratoire","12":"categorie_principale-medecine-dentaire","13":"categorie_principale-medecine-generale","14":"categorie_principale-orthopedie","15":"categorie_principale-permanence-hopital","16":"marque-scott","18":"first","19":"instock","20":"taxable","21":"shipping-taxable","22":"purchasable","23":"product-type-simple"},"supplier_id":null,"supplier_sku":"","atum_controlled":true,"out_stock_date":null,"out_stock_threshold":null,"inheritable":false,"inbound_stock":0,"stock_on_hold":0,"sold_today":0,"sales_last_days":0,"reserved_stock":0,"customer_returns":0,"warehouse_damage":0,"lost_in_post":0,"other_logs":0,"out_stock_days":0,"lost_sales":0,"has_location":true,"update_date":"2026-04-09T00:03:41","atum_locations":[{"id":373,"name":"Officine","slug":"officine"}],"atum_stock_status":"instock","restock_status":false,"low_stock_amount":"","sales_update_date":"2026-04-09T00:03:41","calc_backorders":null,"acf":[],"_links":{"self":[{"href":"https:\/\/softymed.ch\/it\/wp-json\/wp\/v2\/product\/8913","targetHints":{"allow":["GET"]}}],"collection":[{"href":"https:\/\/softymed.ch\/it\/wp-json\/wp\/v2\/product"}],"about":[{"href":"https:\/\/softymed.ch\/it\/wp-json\/wp\/v2\/types\/product"}],"wp:featuredmedia":[{"embeddable":true,"href":"https:\/\/softymed.ch\/it\/wp-json\/wp\/v2\/media\/8914"}],"wp:attachment":[{"href":"https:\/\/softymed.ch\/it\/wp-json\/wp\/v2\/media?parent=8913"}],"wp:term":[{"taxonomy":"product_brand","embeddable":true,"href":"https:\/\/softymed.ch\/it\/wp-json\/wp\/v2\/product_brand?post=8913"},{"taxonomy":"product_cat","embeddable":true,"href":"https:\/\/softymed.ch\/it\/wp-json\/wp\/v2\/product_cat?post=8913"},{"taxonomy":"product_tag","embeddable":true,"href":"https:\/\/softymed.ch\/it\/wp-json\/wp\/v2\/product_tag?post=8913"},{"taxonomy":"categorie_principale","embeddable":true,"href":"https:\/\/softymed.ch\/it\/wp-json\/wp\/v2\/categorie_principale?post=8913"},{"taxonomy":"marque","embeddable":true,"href":"https:\/\/softymed.ch\/it\/wp-json\/wp\/v2\/marque?post=8913"}],"curies":[{"name":"wp","href":"https:\/\/api.w.org\/{rel}","templated":true}]}}