{"id":8897,"date":"2024-12-16T17:48:18","date_gmt":"2024-12-16T16:48:18","guid":{"rendered":"https:\/\/softymed.ch\/?post_type=product&#038;p=8897"},"modified":"2026-02-24T18:10:25","modified_gmt":"2026-02-24T17:10:25","slug":"sapone-per-le-mani-in-schiuma-scott-control","status":"publish","type":"product","link":"https:\/\/softymed.ch\/it\/boutique\/hygiene-desinfection\/desinfection-peau\/savon-mousse-pour-les-mains-scott-control\/","title":{"rendered":"Scott\u00ae Control\u2122 Sapone schiumoso per le mani"},"content":{"rendered":"<p>Am\u00e9liorez votre exp\u00e9rience dans les sanitaires gr\u00e2ce aux solutions fiables et reconnues de Scott\u00ae Control\u2122 con\u00e7ues pour vous aider \u00e0 assurer une hygi\u00e8ne optimale sur le lieu de travail. L\u00e0 o\u00f9 l&rsquo;hygi\u00e8ne est la priorit\u00e9 num\u00e9ro un, choisissez le savon mousse \u00e0 usage fr\u00e9quent pour les mains Scott\u00ae Control\u2122 pour promouvoir les pratiques d&rsquo;hygi\u00e8ne et limiter la contamination sur votre lieu de travail. Notre syst\u00e8me de distribution \u00e9lectronique sans contact respecte des normes d&rsquo;hygi\u00e8ne \u00e9lev\u00e9es car il \u00e9limine le besoin pour les utilisateurs de toucher le produit afin de distribuer le savon, ce qui contribue \u00e0 r\u00e9duire le risque de contamination crois\u00e9e. Lorsque l&rsquo;utilisateur met sa main sous le distributeur de savon \u00e9lectrique, la quantit\u00e9 de produit n\u00e9cessaire est \u00e9lectroniquement distribu\u00e9e dans sa main. Cette distribution contr\u00f4l\u00e9e contribue \u00e0 r\u00e9duire le gaspillage en fournissant aux utilisateurs la quantit\u00e9 dont ils ont besoin, ce qui am\u00e9liore les co\u00fbts sans compromettre les normes d&rsquo;hygi\u00e8ne. Ces recharges de savon moussant pour les mains scell\u00e9es de mani\u00e8re hygi\u00e9nique avec pompe int\u00e9gr\u00e9e sont con\u00e7ues pour favoriser l&rsquo;hygi\u00e8ne au travail avec une nouvelle buse propre \u00e0 chaque recharge. Chaque recharge de savon mousse fournit jusqu&rsquo;\u00e0 1 500 doses par cartouche. Doux pour la peau, ce savon permet de prot\u00e9ger les mains des employ\u00e9s au fil des lavages. Exempt de colorant et de parfum, il favorise efficacement le respect des protocoles d&rsquo;hygi\u00e8ne des mains sans compromettre le soin. Le savon mousse pour les mains Scott\u00ae Control\u2122 est enrichi en ingr\u00e9dients adoucissants et hydratants pour prendre soin de votre peau. Le savon mousse doux nettoie les mains efficacement et en profondeur et se rince plus rapidement qu&rsquo;un savon liquide pour les mains du commerce, ce qui permet de gagner du temps et d&rsquo;\u00e9conomiser de l&rsquo;eau. Les recharges de solution lavante sont con\u00e7ues pour une mise en place rapide et facile, par simple pression et en un clic. La cassette vide de savon mousse pour les mains peut \u00eatre compress\u00e9e pour \u00e9conomiser de l&rsquo;espace et se recycle int\u00e9gralement (une fois la pompe retir\u00e9e). Ce savon mousse \u00e0 usage fr\u00e9quent pour les mains Scott\u00ae Control\u2122 a re\u00e7u l&rsquo;\u00c9colabel europ\u00e9en, qui garantit une fabrication responsable \u00e0 toutes les \u00e9tapes du processus. Compatible avec le syst\u00e8me de distribution \u00e9lectronique sans contact Kimberly-Clark Professional\u2122 ICON\u2122 (53694 et 53944) avec les fa\u00e7ade interchangeables &#8211; disponibles pour les distributeurs d&rsquo;essuie-mains, de soins des mains et de papier toilette de la gamme ICON\u2122. Les recharges de solution lavante pour les mains sont \u00e9galement compatibles avec les distributeurs \u00e9lectroniques de savon Kimberly-Clark\u2122 en finition chrom\u00e9e (code 11329) et en blanc (code 92147).<\/p>\n<p><strong>Caratteristiche<\/strong><br \/>\n-Chaque recharge de savon mousse transparent pour les mains contient 1,2 litre de savon \u00e0 usage fr\u00e9quent pour les mains<br \/>\n-Questo sapone per le mani non contiene coloranti n\u00e9 profumi.<br \/>\n-Savon moussant formul\u00e9 pour une utilisation fr\u00e9quente et donc efficace pour promouvoir la conformit\u00e9 avec les protocoles d&rsquo;hygi\u00e8ne des mains<br \/>\n-Le ricariche di sapone per le mani sono delicate sulla pelle e garantiscono una pulizia accurata delle mani.<br \/>\n-Compatible avec le syst\u00e8me de distribution \u00e9lectronique sans contact Kimberly-Clark Professional\u2122 ICON\u2122 (53694 et 53944) avec les fa\u00e7ades interchangeables &#8211; disponibles pour les distributeurs d&rsquo;essuie-mains, de savon pour les mains et de papier toilette de la gamme ICON\u2122<br \/>\n-Dispenser non incluso<\/p>","protected":false},"excerpt":{"rendered":"<p>Uso frequente<br \/>\nCompatibile con il sistema di dispensazione elettronica senza contatto Kimberly-Clark Professional\u2122 ICON\u2122 (53694 e 53944).<\/p>","protected":false},"featured_media":8898,"template":"","meta":{"_acf_changed":false,"_seopress_robots_primary_cat":"none","_seopress_titles_title":"","_seopress_titles_desc":"","_seopress_robots_index":""},"product_brand":[],"product_cat":[129,127],"product_tag":[],"categorie_principale":[165,32,31,27,106,28,30,29],"marque":[328],"class_list":{"0":"post-8897","1":"product","2":"type-product","3":"status-publish","4":"has-post-thumbnail","6":"product_cat-desinfection-peau","7":"product_cat-hygiene-desinfection","8":"categorie_principale-autre","9":"categorie_principale-cardiologie","10":"categorie_principale-gynecologie","11":"categorie_principale-laboratoire","12":"categorie_principale-medecine-dentaire","13":"categorie_principale-medecine-generale","14":"categorie_principale-orthopedie","15":"categorie_principale-permanence-hopital","16":"marque-scott","18":"first","19":"instock","20":"taxable","21":"shipping-taxable","22":"purchasable","23":"product-type-simple"},"supplier_id":null,"supplier_sku":"","atum_controlled":true,"out_stock_date":null,"out_stock_threshold":null,"inheritable":false,"inbound_stock":0,"stock_on_hold":0,"sold_today":0,"sales_last_days":0,"reserved_stock":0,"customer_returns":0,"warehouse_damage":0,"lost_in_post":0,"other_logs":0,"out_stock_days":0,"lost_sales":0,"has_location":true,"update_date":"2026-04-08T00:03:40","atum_locations":[{"id":373,"name":"Officine","slug":"officine"}],"atum_stock_status":"instock","restock_status":false,"low_stock_amount":"","sales_update_date":"2026-04-08T00:03:40","calc_backorders":null,"acf":[],"_links":{"self":[{"href":"https:\/\/softymed.ch\/it\/wp-json\/wp\/v2\/product\/8897","targetHints":{"allow":["GET"]}}],"collection":[{"href":"https:\/\/softymed.ch\/it\/wp-json\/wp\/v2\/product"}],"about":[{"href":"https:\/\/softymed.ch\/it\/wp-json\/wp\/v2\/types\/product"}],"wp:featuredmedia":[{"embeddable":true,"href":"https:\/\/softymed.ch\/it\/wp-json\/wp\/v2\/media\/8898"}],"wp:attachment":[{"href":"https:\/\/softymed.ch\/it\/wp-json\/wp\/v2\/media?parent=8897"}],"wp:term":[{"taxonomy":"product_brand","embeddable":true,"href":"https:\/\/softymed.ch\/it\/wp-json\/wp\/v2\/product_brand?post=8897"},{"taxonomy":"product_cat","embeddable":true,"href":"https:\/\/softymed.ch\/it\/wp-json\/wp\/v2\/product_cat?post=8897"},{"taxonomy":"product_tag","embeddable":true,"href":"https:\/\/softymed.ch\/it\/wp-json\/wp\/v2\/product_tag?post=8897"},{"taxonomy":"categorie_principale","embeddable":true,"href":"https:\/\/softymed.ch\/it\/wp-json\/wp\/v2\/categorie_principale?post=8897"},{"taxonomy":"marque","embeddable":true,"href":"https:\/\/softymed.ch\/it\/wp-json\/wp\/v2\/marque?post=8897"}],"curies":[{"name":"wp","href":"https:\/\/api.w.org\/{rel}","templated":true}]}}