{"id":8884,"date":"2024-12-09T16:12:18","date_gmt":"2024-12-09T15:12:18","guid":{"rendered":"https:\/\/softymed.ch\/?post_type=product&#038;p=8884"},"modified":"2025-10-22T14:32:35","modified_gmt":"2025-10-22T12:32:35","slug":"stecca-articolata-post-operatoria","status":"publish","type":"product","link":"https:\/\/softymed.ch\/it\/boutique\/attelles-platres\/genou\/attelle-articulee-post-op\/","title":{"rendered":"Stecca articolata"},"content":{"rendered":"<p>Utilisation de l\u2019attelle de genou post-op\u00e9ratoire: r\u00e9habilitation post-op\u00e9ratoire, immobilisation avant ou apr\u00e8s chirurgie, traumatologie, l\u00e9sions des ligaments du genou<\/p>\n<p><strong>Indicazioni<\/strong><br \/>\n-L\u00e9sions et r\u00e9parations des ligaments du genou : LCA, LCP, LLE, LLI<br \/>\n-Fratture del piatto tibiale<br \/>\n-L\u00e9sions et r\u00e9parations osteochondrales et m\u00e9niscales<br \/>\n-R\u00e9parations des tendons rotuliens<br \/>\n-Instabilit\u00e9s rotuliennes<br \/>\n-Fratture intercondiloidee e sovracondiloidee<br \/>\n-Distorsioni del ginocchio<br \/>\n-Ost\u00e9otomie tibiale haute<\/p>\n<p><strong>Obiettivo<\/strong><br \/>\n-Immobilisation ajustable (compl\u00e8te ou limit\u00e9e)<\/p>","protected":false},"excerpt":{"rendered":"<p>Intervento post-operatorio al ginocchio<\/p>","protected":false},"featured_media":8885,"template":"","meta":{"_acf_changed":false,"_seopress_robots_primary_cat":"none","_seopress_titles_title":"","_seopress_titles_desc":"","_seopress_robots_index":""},"product_brand":[],"product_cat":[149,183],"product_tag":[],"categorie_principale":[28,30,29],"marque":[],"class_list":{"0":"post-8884","1":"product","2":"type-product","3":"status-publish","4":"has-post-thumbnail","6":"product_cat-attelles-platres","7":"product_cat-genou","8":"categorie_principale-medecine-generale","9":"categorie_principale-orthopedie","10":"categorie_principale-permanence-hopital","12":"first","13":"instock","14":"taxable","15":"shipping-taxable","16":"purchasable","17":"product-type-simple"},"supplier_id":null,"supplier_sku":"","atum_controlled":true,"out_stock_date":null,"out_stock_threshold":null,"inheritable":false,"inbound_stock":0,"stock_on_hold":0,"sold_today":0,"sales_last_days":0,"reserved_stock":0,"customer_returns":0,"warehouse_damage":0,"lost_in_post":0,"other_logs":0,"out_stock_days":0,"lost_sales":0,"has_location":true,"update_date":"2026-04-09T00:03:36","atum_locations":[{"id":219,"name":"Cubo giallo","slug":"yellow-cube"}],"atum_stock_status":"instock","restock_status":false,"low_stock_amount":"","sales_update_date":"2026-04-09T00:03:36","calc_backorders":null,"acf":[],"_links":{"self":[{"href":"https:\/\/softymed.ch\/it\/wp-json\/wp\/v2\/product\/8884","targetHints":{"allow":["GET"]}}],"collection":[{"href":"https:\/\/softymed.ch\/it\/wp-json\/wp\/v2\/product"}],"about":[{"href":"https:\/\/softymed.ch\/it\/wp-json\/wp\/v2\/types\/product"}],"wp:featuredmedia":[{"embeddable":true,"href":"https:\/\/softymed.ch\/it\/wp-json\/wp\/v2\/media\/8885"}],"wp:attachment":[{"href":"https:\/\/softymed.ch\/it\/wp-json\/wp\/v2\/media?parent=8884"}],"wp:term":[{"taxonomy":"product_brand","embeddable":true,"href":"https:\/\/softymed.ch\/it\/wp-json\/wp\/v2\/product_brand?post=8884"},{"taxonomy":"product_cat","embeddable":true,"href":"https:\/\/softymed.ch\/it\/wp-json\/wp\/v2\/product_cat?post=8884"},{"taxonomy":"product_tag","embeddable":true,"href":"https:\/\/softymed.ch\/it\/wp-json\/wp\/v2\/product_tag?post=8884"},{"taxonomy":"categorie_principale","embeddable":true,"href":"https:\/\/softymed.ch\/it\/wp-json\/wp\/v2\/categorie_principale?post=8884"},{"taxonomy":"marque","embeddable":true,"href":"https:\/\/softymed.ch\/it\/wp-json\/wp\/v2\/marque?post=8884"}],"curies":[{"name":"wp","href":"https:\/\/api.w.org\/{rel}","templated":true}]}}