{"id":8874,"date":"2024-12-09T15:09:06","date_gmt":"2024-12-09T14:09:06","guid":{"rendered":"https:\/\/softymed.ch\/?post_type=product&#038;p=8874"},"modified":"2026-03-27T18:27:49","modified_gmt":"2026-03-27T17:27:49","slug":"bd-connecta","status":"publish","type":"product","link":"https:\/\/softymed.ch\/it\/boutique\/perfusion-injection\/bd-connecta\/","title":{"rendered":"BD Connecta"},"content":{"rendered":"<p>Les robinets BD Connecta\u2122 \u00e0 3 voies sont con\u00e7us pour les connexions des lignes de perfusions ou pour permettre les injections de bolus dans une ligne de perfusion.<br \/>\nCes robinets sont uniquement destin\u00e9s \u00e0 supporter des pressions compatibles avec des th\u00e9rapies intraveineuses et monitorage h\u00e9modynamique. Les mod\u00e8les de la gamme BD Connecta\u2122 ont prouv\u00e9 leur \u00e9tanch\u00e9it\u00e9 jusqu\u2019\u00e0 des pressions de 3 bar.<\/p>\n<p>Les robinets avec site d\u2019injection permettent de faire des injections extemporan\u00e9es en connectant simplement la seringue sans aiguille dans le site.<\/p>\n<p><strong>Caratteristiche<\/strong><br \/>\n-3 voies avec prolongateur 10 cm (bo\u00eete de 50)<br \/>\n-Les robinets avec prolongateurs sont particuli\u00e8rement destin\u00e9s aux cath\u00e9ters p\u00e9riph\u00e9riques difficilement accessibles.<br \/>\n-Dispositif m\u00e9dical st\u00e9rile (st\u00e9rilisation \u00e0 l\u2019oxyde d\u2019\u00e9thyl\u00e8ne) sous emballage individuel.<\/p>","protected":false},"excerpt":{"rendered":"<p>Rubinetto a 3 vie con prolunga di 10 cm<\/p>","protected":false},"featured_media":8875,"template":"","meta":{"_acf_changed":false,"_seopress_robots_primary_cat":"133","_seopress_titles_title":"","_seopress_titles_desc":"","_seopress_robots_index":""},"product_brand":[],"product_cat":[372,133],"product_tag":[],"categorie_principale":[32,31,27,28,29],"marque":[172],"class_list":{"0":"post-8874","1":"product","2":"type-product","3":"status-publish","4":"has-post-thumbnail","6":"product_cat-medicusana","7":"product_cat-perfusion-injection","8":"categorie_principale-cardiologie","9":"categorie_principale-gynecologie","10":"categorie_principale-laboratoire","11":"categorie_principale-medecine-generale","12":"categorie_principale-permanence-hopital","13":"marque-becton-dickinson","15":"first","16":"instock","17":"taxable","18":"shipping-taxable","19":"purchasable","20":"product-type-simple"},"supplier_id":null,"supplier_sku":"","atum_controlled":true,"out_stock_date":null,"out_stock_threshold":null,"inheritable":false,"inbound_stock":0,"stock_on_hold":0,"sold_today":0,"sales_last_days":3,"reserved_stock":0,"customer_returns":0,"warehouse_damage":0,"lost_in_post":0,"other_logs":0,"out_stock_days":0,"lost_sales":0,"has_location":true,"update_date":"2026-04-08T00:03:53","atum_locations":[{"id":373,"name":"Officine","slug":"officine"}],"atum_stock_status":"instock","restock_status":false,"low_stock_amount":"","sales_update_date":"2026-04-08T00:03:53","calc_backorders":null,"acf":[],"_links":{"self":[{"href":"https:\/\/softymed.ch\/it\/wp-json\/wp\/v2\/product\/8874","targetHints":{"allow":["GET"]}}],"collection":[{"href":"https:\/\/softymed.ch\/it\/wp-json\/wp\/v2\/product"}],"about":[{"href":"https:\/\/softymed.ch\/it\/wp-json\/wp\/v2\/types\/product"}],"wp:featuredmedia":[{"embeddable":true,"href":"https:\/\/softymed.ch\/it\/wp-json\/wp\/v2\/media\/8875"}],"wp:attachment":[{"href":"https:\/\/softymed.ch\/it\/wp-json\/wp\/v2\/media?parent=8874"}],"wp:term":[{"taxonomy":"product_brand","embeddable":true,"href":"https:\/\/softymed.ch\/it\/wp-json\/wp\/v2\/product_brand?post=8874"},{"taxonomy":"product_cat","embeddable":true,"href":"https:\/\/softymed.ch\/it\/wp-json\/wp\/v2\/product_cat?post=8874"},{"taxonomy":"product_tag","embeddable":true,"href":"https:\/\/softymed.ch\/it\/wp-json\/wp\/v2\/product_tag?post=8874"},{"taxonomy":"categorie_principale","embeddable":true,"href":"https:\/\/softymed.ch\/it\/wp-json\/wp\/v2\/categorie_principale?post=8874"},{"taxonomy":"marque","embeddable":true,"href":"https:\/\/softymed.ch\/it\/wp-json\/wp\/v2\/marque?post=8874"}],"curies":[{"name":"wp","href":"https:\/\/api.w.org\/{rel}","templated":true}]}}