{"id":8198,"date":"2024-11-05T11:23:19","date_gmt":"2024-11-05T10:23:19","guid":{"rendered":"https:\/\/softymed.ch\/?post_type=product&#038;p=8198"},"modified":"2026-02-10T11:12:44","modified_gmt":"2026-02-10T10:12:44","slug":"bd-microlance-23g","status":"publish","type":"product","link":"https:\/\/softymed.ch\/it\/boutique\/prelevements\/aiguille\/bd-microlance-23g\/","title":{"rendered":"BD Microlance\u2122 3"},"content":{"rendered":"<p>L&rsquo;aiguille standard BD Microlance 3 est disponible dans diff\u00e9rentes tailles pour les injections sous-cutan\u00e9es, intramusculaires et intraveineuses. La taille et les propri\u00e9t\u00e9s de l&rsquo;aiguille sont visibles d&rsquo;un coup d&rsquo;\u0153il gr\u00e2ce \u00e0 la fixation de la canule en polypropyl\u00e8ne cod\u00e9e par couleur. L&rsquo;aiguille est en acier inoxydable poli par ultrasons et est \u00e9quip\u00e9e d&rsquo;une application d&rsquo;huile de silicone finement dos\u00e9e, qui assure une injection facile et sans douleur.<br \/>\nPour assurer un haut niveau de compatibilit\u00e9, les canules d\u2019injection sont exemptes de latex et de PVC.<\/p>\n<p><strong>Caratteristiche<\/strong><br \/>\n-Aghi BD Microlance 3 standard<br \/>\n-Aiguilles jetables \u00e0 triple biseau<br \/>\n-Uso singolo<br \/>\n-Cannula in acciaio inossidabile lucidata a ultrasuoni<br \/>\n-Avec rev\u00eatement en silicone finement dos\u00e9 (huile de silicone)<br \/>\n-Embout Luer f\u00e9minine<br \/>\n-Compatibile con siringhe Luer Simple e Luer Lock.<br \/>\nPunta trasparente con codice colore<br \/>\nSenza lattice<br \/>\nSenza PVC<br \/>\n-St\u00e9rilis\u00e9s EO<br \/>\n-Embout de canule en polypropyl\u00e8ne<br \/>\n-Peut \u00eatre utilis\u00e9e pour des injections ou des pr\u00e9l\u00e8vements<br \/>\n-Emballage st\u00e9rile individuel<\/p>","protected":false},"excerpt":{"rendered":"<p>ago ipodermico sterile 23G<\/p>","protected":false},"featured_media":8199,"template":"","meta":{"_acf_changed":false,"_seopress_robots_primary_cat":"none","_seopress_titles_title":"","_seopress_titles_desc":"","_seopress_robots_index":""},"product_brand":[],"product_cat":[144,133,136],"product_tag":[],"categorie_principale":[31,27,28,29],"marque":[172],"class_list":{"0":"post-8198","1":"product","2":"type-product","3":"status-publish","4":"has-post-thumbnail","6":"product_cat-aiguille","7":"product_cat-perfusion-injection","8":"product_cat-prelevements","9":"categorie_principale-gynecologie","10":"categorie_principale-laboratoire","11":"categorie_principale-medecine-generale","12":"categorie_principale-permanence-hopital","13":"marque-becton-dickinson","15":"first","16":"instock","17":"taxable","18":"shipping-taxable","19":"purchasable","20":"product-type-simple"},"supplier_id":null,"supplier_sku":"","atum_controlled":true,"out_stock_date":null,"out_stock_threshold":null,"inheritable":false,"inbound_stock":0,"stock_on_hold":0,"sold_today":0,"sales_last_days":0,"reserved_stock":0,"customer_returns":0,"warehouse_damage":0,"lost_in_post":0,"other_logs":0,"out_stock_days":0,"lost_sales":0,"has_location":true,"update_date":"2026-04-08T00:03:35","atum_locations":[{"id":373,"name":"Officine","slug":"officine"}],"atum_stock_status":"instock","restock_status":false,"low_stock_amount":"","sales_update_date":"2026-04-08T00:03:35","calc_backorders":null,"acf":[],"_links":{"self":[{"href":"https:\/\/softymed.ch\/it\/wp-json\/wp\/v2\/product\/8198","targetHints":{"allow":["GET"]}}],"collection":[{"href":"https:\/\/softymed.ch\/it\/wp-json\/wp\/v2\/product"}],"about":[{"href":"https:\/\/softymed.ch\/it\/wp-json\/wp\/v2\/types\/product"}],"wp:featuredmedia":[{"embeddable":true,"href":"https:\/\/softymed.ch\/it\/wp-json\/wp\/v2\/media\/8199"}],"wp:attachment":[{"href":"https:\/\/softymed.ch\/it\/wp-json\/wp\/v2\/media?parent=8198"}],"wp:term":[{"taxonomy":"product_brand","embeddable":true,"href":"https:\/\/softymed.ch\/it\/wp-json\/wp\/v2\/product_brand?post=8198"},{"taxonomy":"product_cat","embeddable":true,"href":"https:\/\/softymed.ch\/it\/wp-json\/wp\/v2\/product_cat?post=8198"},{"taxonomy":"product_tag","embeddable":true,"href":"https:\/\/softymed.ch\/it\/wp-json\/wp\/v2\/product_tag?post=8198"},{"taxonomy":"categorie_principale","embeddable":true,"href":"https:\/\/softymed.ch\/it\/wp-json\/wp\/v2\/categorie_principale?post=8198"},{"taxonomy":"marque","embeddable":true,"href":"https:\/\/softymed.ch\/it\/wp-json\/wp\/v2\/marque?post=8198"}],"curies":[{"name":"wp","href":"https:\/\/api.w.org\/{rel}","templated":true}]}}