{"id":8188,"date":"2024-11-04T21:43:49","date_gmt":"2024-11-04T20:43:49","guid":{"rendered":"https:\/\/softymed.ch\/?post_type=product&#038;p=8188"},"modified":"2026-03-27T15:43:47","modified_gmt":"2026-03-27T14:43:47","slug":"sterillium-gel-puro","status":"publish","type":"product","link":"https:\/\/softymed.ch\/it\/boutique\/hygiene-desinfection\/desinfection-peau\/sterillium-gel-pure\/","title":{"rendered":"Sterillium\u00ae Pure Gel"},"content":{"rendered":"<p>Le d\u00e9sinfectant Sterillium\u00ae Gel pure de Bode est un d\u00e9sinfectant pour les mains \u00e0 base d\u2019alcool, sans parfums ni colorants avec un large spectre d\u2019action.<\/p>\n<p>Domaines d&rsquo;application: A faire p\u00e9n\u00e9trer pour la d\u00e9sinfection hygi\u00e9nique et chirurgique des mains, dans tous les secteurs relevant de l&rsquo;hygi\u00e8ne, dans les services de sant\u00e9, dans l&rsquo;industrie, ainsi que pour les soins \u00e0 domicile des nourrissons, des malades et des personnes \u00e2g\u00e9es.<br \/>\nUtiliser les biocides avec prudence. Avant l\u2019emploi, toujours lire l\u2019\u00e9tiquette et l\u2019information sur le produit.<\/p>\n<p><strong>Caratteristiche<\/strong><br \/>\n-D\u00e9sinfectant pour les mains \u00e0 base d\u2019\u00e9thanol doux pour la peau contenant des agents \u00e0 base d\u2019\u00e9thanol<br \/>\n-Large spectre d\u2019effet<br \/>\n-Senza coloranti e profumi<br \/>\n-Appropri\u00e9 pour la d\u00e9sinfection des mains hygi\u00e9nique et chirurgicale<br \/>\n-Excellente action imm\u00e9diate<br \/>\n-Effet longue dur\u00e9e<br \/>\n-Tra gli altri virucidi<br \/>\n-Appropri\u00e9 pour des peaux sensibles et pour les personnes allergiques<\/p>\n<p><strong>Spectre d\u2019action<\/strong><br \/>\n-Bact\u00e9ricide<br \/>\n-Tubercolosi<br \/>\n-Levuricida<br \/>\n-Micobact\u00e9ricide<br \/>\n-Virucide<\/p>\n<p><strong>Champs d\u2019application<\/strong><br \/>\nSterillium\u00ae Gel pure peut \u00eatre employ\u00e9 dans tous les secteurs sensibles \u00e0 l\u2019hygi\u00e8ne et pour la d\u00e9sinfection des mains hygi\u00e9nique et chirurgicale:<br \/>\n-Dans des cabinets m\u00e9dicaux<br \/>\n-Dans les services de sant\u00e9<br \/>\n-Nei servizi di emergenza<br \/>\n-Nel settore<br \/>\n-Dans les soins \u00e0 domicile de malades, de personnes \u00e2g\u00e9es et de nourrissons<\/p>","protected":false},"excerpt":{"rendered":"<p>Disinfettante per le mani<\/p>","protected":false},"featured_media":8192,"template":"","meta":{"_acf_changed":false,"_seopress_robots_primary_cat":"none","_seopress_titles_title":"","_seopress_titles_desc":"","_seopress_robots_index":""},"product_brand":[],"product_cat":[129,127,288],"product_tag":[],"categorie_principale":[165,32,31,27,106,28,30,29],"marque":[107],"class_list":{"0":"post-8188","1":"product","2":"type-product","3":"status-publish","4":"has-post-thumbnail","6":"product_cat-desinfection-peau","7":"product_cat-hygiene-desinfection","8":"product_cat-liste-additionnelle","9":"categorie_principale-autre","10":"categorie_principale-cardiologie","11":"categorie_principale-gynecologie","12":"categorie_principale-laboratoire","13":"categorie_principale-medecine-dentaire","14":"categorie_principale-medecine-generale","15":"categorie_principale-orthopedie","16":"categorie_principale-permanence-hopital","17":"marque-hartmann","19":"first","20":"instock","21":"taxable","22":"shipping-taxable","23":"purchasable","24":"product-type-variable"},"supplier_id":null,"supplier_sku":"","atum_controlled":true,"out_stock_date":"2024-11-04 20:43:49","out_stock_threshold":null,"inheritable":true,"inbound_stock":0,"stock_on_hold":0,"sold_today":0,"sales_last_days":8,"reserved_stock":0,"customer_returns":0,"warehouse_damage":0,"lost_in_post":0,"other_logs":0,"out_stock_days":519,"lost_sales":0,"has_location":true,"update_date":"2026-04-08T00:03:53","atum_locations":[{"id":373,"name":"Officine","slug":"officine"}],"atum_stock_status":"instock","restock_status":false,"low_stock_amount":"","sales_update_date":"2026-04-08T00:03:53","calc_backorders":null,"acf":[],"_links":{"self":[{"href":"https:\/\/softymed.ch\/it\/wp-json\/wp\/v2\/product\/8188","targetHints":{"allow":["GET"]}}],"collection":[{"href":"https:\/\/softymed.ch\/it\/wp-json\/wp\/v2\/product"}],"about":[{"href":"https:\/\/softymed.ch\/it\/wp-json\/wp\/v2\/types\/product"}],"wp:featuredmedia":[{"embeddable":true,"href":"https:\/\/softymed.ch\/it\/wp-json\/wp\/v2\/media\/8192"}],"wp:attachment":[{"href":"https:\/\/softymed.ch\/it\/wp-json\/wp\/v2\/media?parent=8188"}],"wp:term":[{"taxonomy":"product_brand","embeddable":true,"href":"https:\/\/softymed.ch\/it\/wp-json\/wp\/v2\/product_brand?post=8188"},{"taxonomy":"product_cat","embeddable":true,"href":"https:\/\/softymed.ch\/it\/wp-json\/wp\/v2\/product_cat?post=8188"},{"taxonomy":"product_tag","embeddable":true,"href":"https:\/\/softymed.ch\/it\/wp-json\/wp\/v2\/product_tag?post=8188"},{"taxonomy":"categorie_principale","embeddable":true,"href":"https:\/\/softymed.ch\/it\/wp-json\/wp\/v2\/categorie_principale?post=8188"},{"taxonomy":"marque","embeddable":true,"href":"https:\/\/softymed.ch\/it\/wp-json\/wp\/v2\/marque?post=8188"}],"curies":[{"name":"wp","href":"https:\/\/api.w.org\/{rel}","templated":true}]}}