{"id":7815,"date":"2024-10-14T13:55:56","date_gmt":"2024-10-14T11:55:56","guid":{"rendered":"https:\/\/softymed.ch\/?post_type=product&#038;p=7815"},"modified":"2025-02-27T16:09:51","modified_gmt":"2025-02-27T15:09:51","slug":"gel-idroalcolico-per-le-mani-kleenex","status":"publish","type":"product","link":"https:\/\/softymed.ch\/it\/boutique\/hygiene-desinfection\/desinfection-peau\/gel-hydroalcoolique-pour-les-mains-kleenex\/","title":{"rendered":"Kleenex\u00ae gel idroalcolico per le mani"},"content":{"rendered":"<p>La qualit\u00e9, la propret\u00e9 et le soin que vous attendez de la marque Kleenex\u00ae. Le gel hydroalcoolique de Kleenex\u00ae est enrichi en agents adoucissants et \u00e9limine jusqu\u2019\u00e0 99,99 % de micro-organismes de diff\u00e9rents types. Sans colorant, ni parfum et test\u00e9 dermatologiquement, notre d\u00e9sinfectant r\u00e9pond aux exigences de la r\u00e9glementation sur les produits biocides (BPR, R\u00e8glement (UE) 528\/2012).<br \/>\nAdapt\u00e9 aux environnements o\u00f9 l\u2019hygi\u00e8ne est essentielle, comme les \u00e9tablissements de soins de la sant\u00e9 et de la restauration. Compatible avec les distributeurs de cr\u00e8me de lavage des mains Aquarius\u2122 (codes produits 6948, 6955, 7124 et 7173). Les cartouches sont con\u00e7ues pour une mise en place ais\u00e9e et rapide, par simple pression et en un clic. La cartouche vide peut \u00eatre compress\u00e9e pour \u00e9conomiser de l\u2019espace et se recycle int\u00e9gralement (une fois la pompe retir\u00e9e). Conforme aux normes EN12791, EN13624, EN13727, EN14476, EN14348, EN1500.<\/p>\n<p><strong>Caratteristiche<\/strong><br \/>\n6 cartucce di gel idroalcolico per le mani, trasparenti\/scent-free, 1 L (6 L in totale)<br \/>\n-Le gel hydroalcoolique de Kleenex\u00ae est enrichi en agents adoucissants et \u00e9limine jusqu\u2019\u00e0 99,99 % de micro-organismes de diff\u00e9rents types<br \/>\n-Formule sans parfum ni colorant et test\u00e9e dermatologiquement<br \/>\n-Cartouche facile \u00e0 recharger et recyclable apr\u00e8s usage (une fois la pompe retir\u00e9e)<br \/>\n-Compatible avec les distributeurs de cr\u00e8me de lavage des mains Aquarius\u2122 (codes produits 6948, 6955, 7124 et 7173)<br \/>\n-Dispenser non incluso<\/p>","protected":false},"excerpt":{"rendered":"<p>Compatibile con i distributori 6948, 6955, 7124 e 7173<\/p>","protected":false},"featured_media":7809,"template":"","meta":{"_acf_changed":false,"_seopress_robots_primary_cat":"none","_seopress_titles_title":"","_seopress_titles_desc":"","_seopress_robots_index":""},"product_brand":[],"product_cat":[129,127],"product_tag":[],"categorie_principale":[165,32,31,27,106,28,30,29],"marque":[325],"class_list":{"0":"post-7815","1":"product","2":"type-product","3":"status-publish","4":"has-post-thumbnail","6":"product_cat-desinfection-peau","7":"product_cat-hygiene-desinfection","8":"categorie_principale-autre","9":"categorie_principale-cardiologie","10":"categorie_principale-gynecologie","11":"categorie_principale-laboratoire","12":"categorie_principale-medecine-dentaire","13":"categorie_principale-medecine-generale","14":"categorie_principale-orthopedie","15":"categorie_principale-permanence-hopital","16":"marque-kleenex","18":"first","19":"instock","20":"taxable","21":"shipping-taxable","22":"purchasable","23":"product-type-simple"},"supplier_id":null,"supplier_sku":"","atum_controlled":true,"out_stock_date":null,"out_stock_threshold":null,"inheritable":false,"inbound_stock":null,"stock_on_hold":0,"sold_today":0,"sales_last_days":0,"reserved_stock":null,"customer_returns":null,"warehouse_damage":null,"lost_in_post":null,"other_logs":null,"out_stock_days":0,"lost_sales":0,"has_location":true,"update_date":"2026-04-08T00:03:33","atum_locations":[{"id":219,"name":"Cubo giallo","slug":"yellow-cube"}],"atum_stock_status":"instock","restock_status":false,"low_stock_amount":"","sales_update_date":"2026-04-08T00:03:33","calc_backorders":null,"acf":[],"_links":{"self":[{"href":"https:\/\/softymed.ch\/it\/wp-json\/wp\/v2\/product\/7815","targetHints":{"allow":["GET"]}}],"collection":[{"href":"https:\/\/softymed.ch\/it\/wp-json\/wp\/v2\/product"}],"about":[{"href":"https:\/\/softymed.ch\/it\/wp-json\/wp\/v2\/types\/product"}],"wp:featuredmedia":[{"embeddable":true,"href":"https:\/\/softymed.ch\/it\/wp-json\/wp\/v2\/media\/7809"}],"wp:attachment":[{"href":"https:\/\/softymed.ch\/it\/wp-json\/wp\/v2\/media?parent=7815"}],"wp:term":[{"taxonomy":"product_brand","embeddable":true,"href":"https:\/\/softymed.ch\/it\/wp-json\/wp\/v2\/product_brand?post=7815"},{"taxonomy":"product_cat","embeddable":true,"href":"https:\/\/softymed.ch\/it\/wp-json\/wp\/v2\/product_cat?post=7815"},{"taxonomy":"product_tag","embeddable":true,"href":"https:\/\/softymed.ch\/it\/wp-json\/wp\/v2\/product_tag?post=7815"},{"taxonomy":"categorie_principale","embeddable":true,"href":"https:\/\/softymed.ch\/it\/wp-json\/wp\/v2\/categorie_principale?post=7815"},{"taxonomy":"marque","embeddable":true,"href":"https:\/\/softymed.ch\/it\/wp-json\/wp\/v2\/marque?post=7815"}],"curies":[{"name":"wp","href":"https:\/\/api.w.org\/{rel}","templated":true}]}}