{"id":7805,"date":"2024-10-28T12:27:37","date_gmt":"2024-10-28T11:27:37","guid":{"rendered":"https:\/\/softymed.ch\/?post_type=product&#038;p=7805"},"modified":"2025-05-07T14:00:55","modified_gmt":"2025-05-07T12:00:55","slug":"aspiratore-safepico","status":"publish","type":"product","link":"https:\/\/softymed.ch\/it\/boutique\/prelevements\/prelevement-veineux\/safepico-aspirator\/","title":{"rendered":"Aspiratore SafePICO"},"content":{"rendered":"<p>Obtenez de l\u2019aide avec la nouvelle seringue par aspiration safePICO A, con\u00e7ue pour votre tranquilit\u00e9 d\u2019esprit.<br \/>\nLa seringue safePICO A permet de limiter les erreurs pr\u00e9-analytiques tels que la formation de caillots. Cela est rendu possible gr\u00e2ce \u00e0 l\u2019homog\u00e9n\u00e9isation standardis\u00e9e avec les s\u00e9ries ABL90 et ABL800 FLEX et \u00e0 la concentration \u00e9lev\u00e9e d\u2019h\u00e9parine s\u00e8che \u00e9quilibr\u00e9e en \u00e9lectrolyte.<\/p>\n<p>Cette seringue par aspiration facile \u00e0 utiliser est destin\u00e9e au pr\u00e9l\u00e8vement de sang art\u00e9riel et veineux pour l\u2019analyse du pH, des gaz du sang, de l\u2019oxym\u00e9trie, des \u00e9lectrolytes et des m\u00e9tabolites. De plus, avec la seringue par aspiration safePICO A, la qualit\u00e9 analytique du pr\u00e9l\u00e8vement de gaz du sang est am\u00e9lior\u00e9e et le risque accidentel d\u2019exposition au sang de sur l\u2019op\u00e9rateur est r\u00e9duit.<\/p>\n<p>La seringue par aspiration munie d\u2019un code-barres permet d\u2019assurer une identification correcte de l\u2019\u00e9chantillon patient \u00e0 chaque utilisation ainsi que de r\u00e9duire le risque de contact accidentel de l\u2019op\u00e9rateur avec le sang du patient gr\u00e2ce au bouchon safeTIPCAP ventil\u00e9.<\/p>\n<p>Le bouchon safeTIPCAP ventil\u00e9 permet de sceller l\u2019\u00e9chantillon imm\u00e9diatement apr\u00e8s le pr\u00e9l\u00e8vement sanguin, ce qui r\u00e9duit le risque de contact avec le sang du patient. Il \u00e9limine les bulles d\u2019air, r\u00e9duisant ainsi le risque de contamination par l\u2019air ambiant et reste en place pendant l\u2019analyse lorsqu\u2019il est utilis\u00e9 coupl\u00e9 avec les analyseurs ABL.<br \/>\nL\u2019arr\u00eat du piston, fonction de protection qui permet d\u2019assurer que le corps de la seringue et le piston restent solidaire, emp\u00eachant toute exposition accidentelle au sang.<\/p>\n<p><strong>Caratteristiche<\/strong><br \/>\n-Tipo di dosaggio del gas<br \/>\n-Applicazioni: gas del sangue<br \/>\n-Volume: 1 ml<br \/>\n-Options de s\u00e9curit\u00e9: automatique<\/p>","protected":false},"excerpt":{"rendered":"<p>Siringa per l'aspirazione di emogas<\/p>","protected":false},"featured_media":7906,"template":"","meta":{"_acf_changed":false,"_seopress_robots_primary_cat":"none","_seopress_titles_title":"","_seopress_titles_desc":"","_seopress_robots_index":""},"product_brand":[],"product_cat":[137,136],"product_tag":[],"categorie_principale":[27,29],"marque":[326],"class_list":{"0":"post-7805","1":"product","2":"type-product","3":"status-publish","4":"has-post-thumbnail","6":"product_cat-prelevement-veineux","7":"product_cat-prelevements","8":"categorie_principale-laboratoire","9":"categorie_principale-permanence-hopital","10":"marque-radiometer","12":"first","13":"instock","14":"taxable","15":"shipping-taxable","16":"purchasable","17":"product-type-simple"},"supplier_id":null,"supplier_sku":"","atum_controlled":true,"out_stock_date":null,"out_stock_threshold":null,"inheritable":false,"inbound_stock":0,"stock_on_hold":0,"sold_today":0,"sales_last_days":0,"reserved_stock":0,"customer_returns":0,"warehouse_damage":0,"lost_in_post":0,"other_logs":0,"out_stock_days":0,"lost_sales":0,"has_location":true,"update_date":"2026-04-09T00:03:34","atum_locations":[{"id":219,"name":"Cubo giallo","slug":"yellow-cube"}],"atum_stock_status":"instock","restock_status":false,"low_stock_amount":"","sales_update_date":"2026-04-09T00:03:34","calc_backorders":null,"acf":[],"_links":{"self":[{"href":"https:\/\/softymed.ch\/it\/wp-json\/wp\/v2\/product\/7805","targetHints":{"allow":["GET"]}}],"collection":[{"href":"https:\/\/softymed.ch\/it\/wp-json\/wp\/v2\/product"}],"about":[{"href":"https:\/\/softymed.ch\/it\/wp-json\/wp\/v2\/types\/product"}],"wp:featuredmedia":[{"embeddable":true,"href":"https:\/\/softymed.ch\/it\/wp-json\/wp\/v2\/media\/7906"}],"wp:attachment":[{"href":"https:\/\/softymed.ch\/it\/wp-json\/wp\/v2\/media?parent=7805"}],"wp:term":[{"taxonomy":"product_brand","embeddable":true,"href":"https:\/\/softymed.ch\/it\/wp-json\/wp\/v2\/product_brand?post=7805"},{"taxonomy":"product_cat","embeddable":true,"href":"https:\/\/softymed.ch\/it\/wp-json\/wp\/v2\/product_cat?post=7805"},{"taxonomy":"product_tag","embeddable":true,"href":"https:\/\/softymed.ch\/it\/wp-json\/wp\/v2\/product_tag?post=7805"},{"taxonomy":"categorie_principale","embeddable":true,"href":"https:\/\/softymed.ch\/it\/wp-json\/wp\/v2\/categorie_principale?post=7805"},{"taxonomy":"marque","embeddable":true,"href":"https:\/\/softymed.ch\/it\/wp-json\/wp\/v2\/marque?post=7805"}],"curies":[{"name":"wp","href":"https:\/\/api.w.org\/{rel}","templated":true}]}}