{"id":7795,"date":"2024-10-14T10:39:10","date_gmt":"2024-10-14T08:39:10","guid":{"rendered":"https:\/\/softymed.ch\/?post_type=product&#038;p=7795"},"modified":"2025-10-20T16:52:00","modified_gmt":"2025-10-20T14:52:00","slug":"sapone-liquido-per-le-mani-kleenex","status":"publish","type":"product","link":"https:\/\/softymed.ch\/it\/boutique\/hygiene-desinfection\/desinfection-peau\/savon-liquide-pour-les-mains-kleenex\/","title":{"rendered":"Sapone liquido per mani Kleenex"},"content":{"rendered":"<p>Savon liquide pour les mains incolore et sans parfum pour un usage quotidien. Il convient \u00e0 tous les types de peau, en particulier les peaux sensibles et permet un lavage fr\u00e9quent des mains tout en douceur. Id\u00e9ale pour les sanitaires \u00e0 forte fr\u00e9quentation, cette cr\u00e8me de lavage des mains distribue deux fois plus de doses qu&rsquo;un litre de savon liquide classique, permettant une ma\u00eetrise des co\u00fbts et du gaspillage. Le nettoyant pour les mains \u00e0 usage fr\u00e9quent Kleenex\u00ae offre jusqu&rsquo;\u00e0 deux fois plus de lavages par litre que les savons liquides traditionnels, ce qui r\u00e9duit les co\u00fbts et r\u00e9duit le gaspillage. Les cartouches sont con\u00e7ues pour une mise en place ais\u00e9e et rapide, par simple pression et en un clic. La cartouche vide peut \u00eatre compress\u00e9e pour \u00e9conomiser de l&rsquo;espace et se recycle int\u00e9gralement (une fois la pompe retir\u00e9e). Ce savon hygi\u00e9nique a re\u00e7u l&rsquo;\u00c9colabel europ\u00e9en, ce qui garantit une fabrication responsable \u00e0 toutes les \u00e9tapes du processus.<\/p>\n<p><strong>Caratteristiche<\/strong><br \/>\n-6 cartouches de savon liquide pour les mains. Grand format (1 L) d\u00e9livrant deux fois plus de doses qu&rsquo;une cartouche de 1 L classique, parfait pour les sanitaires tr\u00e8s fr\u00e9quent\u00e9s.<br \/>\n-Savon liquide incolore et sans parfum pour un usage quotidien. Convient \u00e0 tous les types de peaux, notamment les plus sensibles<br \/>\n-Recharge facile: installation des cartouches d\u2019une simple pression et en un clic. Cartouches compressibles enti\u00e8rement recyclables (sauf la pompe)<br \/>\n-Compatible avec les distributeurs de cr\u00e8me de lavage des mains Aquarius\u2122 (codes produits 6948, 6955 et 7173) et Kimberly-Clark Professional\u2122 (code produit 8973) pour une meilleure ma\u00eetrise des co\u00fbts et du gaspillage.<br \/>\n-Dimensioni (LxLxA): 19 cm x 9 cm x 9 cm<br \/>\n-Peso: 1,1 kg. Incolore\/Assenza di profumo<br \/>\n-Dispenser non incluso<\/p>","protected":false},"excerpt":{"rendered":"<p>Compatibile con i distributori 6948, 6955, 7173 e 8973<\/p>","protected":false},"featured_media":7802,"template":"","meta":{"_acf_changed":false,"_seopress_robots_primary_cat":"none","_seopress_titles_title":"","_seopress_titles_desc":"","_seopress_robots_index":""},"product_brand":[],"product_cat":[129,127],"product_tag":[],"categorie_principale":[165,32,31,27,106,28,30,29],"marque":[325],"class_list":{"0":"post-7795","1":"product","2":"type-product","3":"status-publish","4":"has-post-thumbnail","6":"product_cat-desinfection-peau","7":"product_cat-hygiene-desinfection","8":"categorie_principale-autre","9":"categorie_principale-cardiologie","10":"categorie_principale-gynecologie","11":"categorie_principale-laboratoire","12":"categorie_principale-medecine-dentaire","13":"categorie_principale-medecine-generale","14":"categorie_principale-orthopedie","15":"categorie_principale-permanence-hopital","16":"marque-kleenex","18":"first","19":"instock","20":"taxable","21":"shipping-taxable","22":"purchasable","23":"product-type-simple"},"supplier_id":null,"supplier_sku":"","atum_controlled":true,"out_stock_date":null,"out_stock_threshold":null,"inheritable":false,"inbound_stock":null,"stock_on_hold":0,"sold_today":0,"sales_last_days":0,"reserved_stock":null,"customer_returns":null,"warehouse_damage":null,"lost_in_post":null,"other_logs":null,"out_stock_days":0,"lost_sales":0,"has_location":true,"update_date":"2026-04-08T00:03:33","atum_locations":[{"id":219,"name":"Cubo giallo","slug":"yellow-cube"}],"atum_stock_status":"instock","restock_status":false,"low_stock_amount":"","sales_update_date":"2026-04-08T00:03:33","calc_backorders":null,"acf":[],"_links":{"self":[{"href":"https:\/\/softymed.ch\/it\/wp-json\/wp\/v2\/product\/7795","targetHints":{"allow":["GET"]}}],"collection":[{"href":"https:\/\/softymed.ch\/it\/wp-json\/wp\/v2\/product"}],"about":[{"href":"https:\/\/softymed.ch\/it\/wp-json\/wp\/v2\/types\/product"}],"wp:featuredmedia":[{"embeddable":true,"href":"https:\/\/softymed.ch\/it\/wp-json\/wp\/v2\/media\/7802"}],"wp:attachment":[{"href":"https:\/\/softymed.ch\/it\/wp-json\/wp\/v2\/media?parent=7795"}],"wp:term":[{"taxonomy":"product_brand","embeddable":true,"href":"https:\/\/softymed.ch\/it\/wp-json\/wp\/v2\/product_brand?post=7795"},{"taxonomy":"product_cat","embeddable":true,"href":"https:\/\/softymed.ch\/it\/wp-json\/wp\/v2\/product_cat?post=7795"},{"taxonomy":"product_tag","embeddable":true,"href":"https:\/\/softymed.ch\/it\/wp-json\/wp\/v2\/product_tag?post=7795"},{"taxonomy":"categorie_principale","embeddable":true,"href":"https:\/\/softymed.ch\/it\/wp-json\/wp\/v2\/categorie_principale?post=7795"},{"taxonomy":"marque","embeddable":true,"href":"https:\/\/softymed.ch\/it\/wp-json\/wp\/v2\/marque?post=7795"}],"curies":[{"name":"wp","href":"https:\/\/api.w.org\/{rel}","templated":true}]}}