{"id":7715,"date":"2024-09-17T14:07:47","date_gmt":"2024-09-17T12:07:47","guid":{"rendered":"https:\/\/softymed.ch\/?post_type=product&#038;p=7715"},"modified":"2025-02-27T16:17:45","modified_gmt":"2025-02-27T15:17:45","slug":"stuzzicadenti","status":"publish","type":"product","link":"https:\/\/softymed.ch\/it\/boutique\/chimie-hematologie\/cure-dents\/","title":{"rendered":"Stuzzicadenti"},"content":{"rendered":"<p>Cure dents en bois \u00ab\u00a0PURE\u00a0\u00bb.<\/p>\n<p><strong>Caratteristiche<\/strong><br \/>\n-Lunghezza 8 cm<br \/>\n-Diam\u00e8tre 2 mm<br \/>\n-Paquets de 1000 unit\u00e9s<br \/>\n-Cure-dents rond \u00e0 deux pointes<br \/>\n-Biod\u00e9gradable et compostable<br \/>\n-Realizzato in legno naturale di betulla chiaro, non richiede sbiancatura.<br \/>\n-Surface totalement sans \u00e9clats gr\u00e2ce \u00e0 son traitement sp\u00e9cial<br \/>\n-Senza sapore (sapore neutro)<br \/>\n-Vendu en bo\u00eete avec fen\u00eatre<\/p>","protected":false},"excerpt":{"rendered":"<p>Legno \"puro\", rotondo 8 cm<\/p>","protected":false},"featured_media":7719,"template":"","meta":{"_acf_changed":false,"_seopress_robots_primary_cat":"none","_seopress_titles_title":"","_seopress_titles_desc":"","_seopress_robots_index":""},"product_brand":[],"product_cat":[123,125,131,132,176],"product_tag":[],"categorie_principale":[165,32,31,27,106,28,29],"marque":[324],"class_list":{"0":"post-7715","1":"product","2":"type-product","3":"status-publish","4":"has-post-thumbnail","6":"product_cat-chimie-hematologie","7":"product_cat-divers","8":"product_cat-microbiologie","9":"product_cat-microscopie","10":"product_cat-protection-consommable","11":"categorie_principale-autre","12":"categorie_principale-cardiologie","13":"categorie_principale-gynecologie","14":"categorie_principale-laboratoire","15":"categorie_principale-medecine-dentaire","16":"categorie_principale-medecine-generale","17":"categorie_principale-permanence-hopital","18":"marque-papstar","20":"first","21":"instock","22":"taxable","23":"shipping-taxable","24":"purchasable","25":"product-type-simple"},"supplier_id":null,"supplier_sku":"","atum_controlled":true,"out_stock_date":null,"out_stock_threshold":null,"inheritable":false,"inbound_stock":null,"stock_on_hold":0,"sold_today":0,"sales_last_days":0,"reserved_stock":null,"customer_returns":null,"warehouse_damage":null,"lost_in_post":null,"other_logs":null,"out_stock_days":0,"lost_sales":0,"has_location":true,"update_date":"2026-04-08T00:03:33","atum_locations":[{"id":219,"name":"Cubo giallo","slug":"yellow-cube"}],"atum_stock_status":"instock","restock_status":false,"low_stock_amount":"","sales_update_date":"2026-04-08T00:03:33","calc_backorders":null,"acf":[],"_links":{"self":[{"href":"https:\/\/softymed.ch\/it\/wp-json\/wp\/v2\/product\/7715","targetHints":{"allow":["GET"]}}],"collection":[{"href":"https:\/\/softymed.ch\/it\/wp-json\/wp\/v2\/product"}],"about":[{"href":"https:\/\/softymed.ch\/it\/wp-json\/wp\/v2\/types\/product"}],"wp:featuredmedia":[{"embeddable":true,"href":"https:\/\/softymed.ch\/it\/wp-json\/wp\/v2\/media\/7719"}],"wp:attachment":[{"href":"https:\/\/softymed.ch\/it\/wp-json\/wp\/v2\/media?parent=7715"}],"wp:term":[{"taxonomy":"product_brand","embeddable":true,"href":"https:\/\/softymed.ch\/it\/wp-json\/wp\/v2\/product_brand?post=7715"},{"taxonomy":"product_cat","embeddable":true,"href":"https:\/\/softymed.ch\/it\/wp-json\/wp\/v2\/product_cat?post=7715"},{"taxonomy":"product_tag","embeddable":true,"href":"https:\/\/softymed.ch\/it\/wp-json\/wp\/v2\/product_tag?post=7715"},{"taxonomy":"categorie_principale","embeddable":true,"href":"https:\/\/softymed.ch\/it\/wp-json\/wp\/v2\/categorie_principale?post=7715"},{"taxonomy":"marque","embeddable":true,"href":"https:\/\/softymed.ch\/it\/wp-json\/wp\/v2\/marque?post=7715"}],"curies":[{"name":"wp","href":"https:\/\/api.w.org\/{rel}","templated":true}]}}