{"id":7654,"date":"2024-09-11T12:22:29","date_gmt":"2024-09-11T10:22:29","guid":{"rendered":"https:\/\/softymed.ch\/?post_type=product&#038;p=7654"},"modified":"2026-03-31T19:02:38","modified_gmt":"2026-03-31T17:02:38","slug":"pagasling","status":"publish","type":"product","link":"https:\/\/softymed.ch\/it\/boutique\/hygiene-desinfection\/desinfection-peau\/pagasling\/","title":{"rendered":"Pagasling\u00ae"},"content":{"rendered":"<p>Tampon de gaze hydrophile de coton non st\u00e9rile fabriqu\u00e9 d&rsquo;une seule pi\u00e8ce de gaze (sans \u00e9lastique). La gaze est conforme \u00e0 la norme EN 14079.<\/p>\n<p><strong>Indicazioni<\/strong><br \/>\n-Utilisation non invasive pour nettoyer la peau saine (par exemple avec un d\u00e9sinfectant)<br \/>\n-Utilisation non invasive sur la peau saine ou l\u00e9s\u00e9e pour absorber des fluides (par exemple, du<br \/>\nsang, des exsudats, etc.) ou invasive dans les cavit\u00e9s naturelles du corps (cavit\u00e9 buccale<br \/>\njusqu&rsquo;au pharynx, dans un conduit auditif jusqu&rsquo;au tympan ou dans une cavit\u00e9 nasale)<br \/>\nUso non invasivo e invasivo per l'applicazione di prodotti (ad es. pomate)<br \/>\ndans les cavit\u00e9s naturelles du corps (cavit\u00e9 buccale jusqu&rsquo;au pharynx, canal auditif jusqu&rsquo;au<br \/>\ntympan ou cavit\u00e9 nasale).<br \/>\n-Pagasling\u00ae est un dispositif m\u00e9dical de classe lla (T\u00dcV &#8211; 0123).<\/p>\n<p><strong>Descrizione del prodotto<\/strong><br \/>\n-Composizione: garza di cotone idrofilo 20 fili<br \/>\n-Colore: bianco<br \/>\n-Tempo di immersione: &lt; 10 secondi<br \/>\n-Nombre fils de cha\u00eene: 120 \/ 100 mm (+\/- 6)<br \/>\n-Numero di fili di trama: 80 \/ 100 mm (+\/- 5)<br \/>\n-Masse: &gt; ou = 27 g\/m\u00b2<br \/>\n-Charge minimale de rupture en cha\u00eene: &gt; ou = 60 N \/ 50 mm<br \/>\n-Carico di rottura minimo in trama: &gt; o = 35 N \/ 50 mm<br \/>\n-Brillantanti ottici: nessuno<br \/>\n-Senza lattice<br \/>\n-Senza ftalati<br \/>\n-Senza colofonia<\/p>","protected":false},"excerpt":{"rendered":"<p>Tampone di garza idrofilo, non sterile<\/p>","protected":false},"featured_media":7679,"template":"","meta":{"_acf_changed":false,"_seopress_robots_primary_cat":"none","_seopress_titles_title":"","_seopress_titles_desc":"","_seopress_robots_index":""},"product_brand":[],"product_cat":[129,127,288,133,137,136,104],"product_tag":[],"categorie_principale":[165,32,31,27,28,29],"marque":[107],"class_list":{"0":"post-7654","1":"product","2":"type-product","3":"status-publish","4":"has-post-thumbnail","6":"product_cat-desinfection-peau","7":"product_cat-hygiene-desinfection","8":"product_cat-liste-additionnelle","9":"product_cat-perfusion-injection","10":"product_cat-prelevement-veineux","11":"product_cat-prelevements","12":"product_cat-soin-des-plaies","13":"categorie_principale-autre","14":"categorie_principale-cardiologie","15":"categorie_principale-gynecologie","16":"categorie_principale-laboratoire","17":"categorie_principale-medecine-generale","18":"categorie_principale-permanence-hopital","19":"marque-hartmann","21":"first","22":"instock","23":"taxable","24":"shipping-taxable","25":"purchasable","26":"product-type-simple"},"supplier_id":null,"supplier_sku":"","atum_controlled":true,"out_stock_date":null,"out_stock_threshold":null,"inheritable":false,"inbound_stock":null,"stock_on_hold":0,"sold_today":0,"sales_last_days":0,"reserved_stock":null,"customer_returns":null,"warehouse_damage":null,"lost_in_post":null,"other_logs":null,"out_stock_days":0,"lost_sales":0,"has_location":true,"update_date":"2026-04-08T00:03:57","atum_locations":[{"id":373,"name":"Officine","slug":"officine"}],"atum_stock_status":"instock","restock_status":false,"low_stock_amount":"","sales_update_date":"2026-04-08T00:03:57","calc_backorders":null,"acf":[],"_links":{"self":[{"href":"https:\/\/softymed.ch\/it\/wp-json\/wp\/v2\/product\/7654","targetHints":{"allow":["GET"]}}],"collection":[{"href":"https:\/\/softymed.ch\/it\/wp-json\/wp\/v2\/product"}],"about":[{"href":"https:\/\/softymed.ch\/it\/wp-json\/wp\/v2\/types\/product"}],"wp:featuredmedia":[{"embeddable":true,"href":"https:\/\/softymed.ch\/it\/wp-json\/wp\/v2\/media\/7679"}],"wp:attachment":[{"href":"https:\/\/softymed.ch\/it\/wp-json\/wp\/v2\/media?parent=7654"}],"wp:term":[{"taxonomy":"product_brand","embeddable":true,"href":"https:\/\/softymed.ch\/it\/wp-json\/wp\/v2\/product_brand?post=7654"},{"taxonomy":"product_cat","embeddable":true,"href":"https:\/\/softymed.ch\/it\/wp-json\/wp\/v2\/product_cat?post=7654"},{"taxonomy":"product_tag","embeddable":true,"href":"https:\/\/softymed.ch\/it\/wp-json\/wp\/v2\/product_tag?post=7654"},{"taxonomy":"categorie_principale","embeddable":true,"href":"https:\/\/softymed.ch\/it\/wp-json\/wp\/v2\/categorie_principale?post=7654"},{"taxonomy":"marque","embeddable":true,"href":"https:\/\/softymed.ch\/it\/wp-json\/wp\/v2\/marque?post=7654"}],"curies":[{"name":"wp","href":"https:\/\/api.w.org\/{rel}","templated":true}]}}