{"id":7621,"date":"2024-08-26T11:16:09","date_gmt":"2024-08-26T09:16:09","guid":{"rendered":"https:\/\/softymed.ch\/?post_type=product&#038;p=7621"},"modified":"2026-04-02T15:31:09","modified_gmt":"2026-04-02T13:31:09","slug":"injekt-f","status":"publish","type":"product","link":"https:\/\/softymed.ch\/it\/boutique\/liste-additionnelle\/injekt-f\/","title":{"rendered":"Injekt\u00ae-F"},"content":{"rendered":"<p>Les seringues de dosage fin Injekt\u00ae-F de B. Braun permettent d&rsquo;aspirer avec pr\u00e9cision des quantit\u00e9s particuli\u00e8rement petites, jusqu&rsquo;\u00e0 1 ml maximum, gr\u00e2ce \u00e0 leur graduation bien lisible et \u00e0 l&rsquo;arr\u00eat s\u00fbr du piston. Gr\u00e2ce au mandrin \u00e9conomique, il n&rsquo;y a pas d&rsquo;espace mort lors de l&rsquo;injection et les m\u00e9dicaments peuvent \u00eatre inject\u00e9s sans perte. Les seringues de dosage fin en deux parties sont scell\u00e9es individuellement de mani\u00e8re st\u00e9rile et fabriqu\u00e9es conform\u00e9ment \u00e0 la norme EN ISO 7886-1.<\/p>\n<p>Les seringues \u00e0 dosage fin Injekt\u00ae-F de B. Braun ne conviennent pas seulement \u00e0 l&rsquo;application de tuberculine et d&rsquo;h\u00e9parine, mais peuvent \u00e9galement \u00eatre utilis\u00e9es pour les examens d&rsquo;allergie. En m\u00e9decine v\u00e9t\u00e9rinaire, elles sont \u00e9galement utilis\u00e9es pour l&rsquo;administration orale de m\u00e9dicaments.<\/p>\n<p><strong>Caratteristiche<\/strong><br \/>\n-Seringues \u00e0 petit dosage, 2 pi\u00e8ces, 1 ml, avec tige de piston verte<br \/>\n-En polypropyl\u00e8ne \/ poly\u00e9thyl\u00e8ne<br \/>\n-Cylindre tr\u00e8s transparent<br \/>\n-Graduation noire, 0.01 ml, lisibilit\u00e9 id\u00e9ale, r\u00e9sistant au lavage<br \/>\n-Avec piston \u00e0 ergot, embout Luer central, sans volume mort, pas de perte du m\u00e9dicament<br \/>\n-Volume morto minimo<br \/>\n-But\u00e9e du piston s\u00e9curis\u00e9, pr\u00e9l\u00e8vement sans probl\u00e8me jusqu&rsquo;au volume maximal<br \/>\nSenza PVC<br \/>\nSenza lattice<br \/>\n-Senza olio di silicone<br \/>\n-Conditionn\u00e9es \u00e0 l&rsquo;unit\u00e9 en emballage st\u00e9rile<\/p>","protected":false},"excerpt":{"rendered":"<p>Ad esempio, per i test alla tubercolina, all'eparina e alle allergie.<\/p>","protected":false},"featured_media":7629,"template":"","meta":{"_acf_changed":false,"_seopress_robots_primary_cat":"none","_seopress_titles_title":"","_seopress_titles_desc":"","_seopress_robots_index":""},"product_brand":[],"product_cat":[288,133],"product_tag":[],"categorie_principale":[165,31,27,28,29],"marque":[171],"class_list":{"0":"post-7621","1":"product","2":"type-product","3":"status-publish","4":"has-post-thumbnail","6":"product_cat-liste-additionnelle","7":"product_cat-perfusion-injection","8":"categorie_principale-autre","9":"categorie_principale-gynecologie","10":"categorie_principale-laboratoire","11":"categorie_principale-medecine-generale","12":"categorie_principale-permanence-hopital","13":"marque-b-braun","15":"first","16":"instock","17":"taxable","18":"shipping-taxable","19":"purchasable","20":"product-type-simple"},"supplier_id":null,"supplier_sku":"","atum_controlled":true,"out_stock_date":null,"out_stock_threshold":null,"inheritable":false,"inbound_stock":null,"stock_on_hold":0,"sold_today":0,"sales_last_days":1,"reserved_stock":null,"customer_returns":null,"warehouse_damage":null,"lost_in_post":null,"other_logs":null,"out_stock_days":0,"lost_sales":0,"has_location":true,"update_date":"2026-04-08T00:04:02","atum_locations":[{"id":373,"name":"Officine","slug":"officine"}],"atum_stock_status":"instock","restock_status":false,"low_stock_amount":"","sales_update_date":"2026-04-08T00:04:02","calc_backorders":null,"acf":[],"_links":{"self":[{"href":"https:\/\/softymed.ch\/it\/wp-json\/wp\/v2\/product\/7621","targetHints":{"allow":["GET"]}}],"collection":[{"href":"https:\/\/softymed.ch\/it\/wp-json\/wp\/v2\/product"}],"about":[{"href":"https:\/\/softymed.ch\/it\/wp-json\/wp\/v2\/types\/product"}],"wp:featuredmedia":[{"embeddable":true,"href":"https:\/\/softymed.ch\/it\/wp-json\/wp\/v2\/media\/7629"}],"wp:attachment":[{"href":"https:\/\/softymed.ch\/it\/wp-json\/wp\/v2\/media?parent=7621"}],"wp:term":[{"taxonomy":"product_brand","embeddable":true,"href":"https:\/\/softymed.ch\/it\/wp-json\/wp\/v2\/product_brand?post=7621"},{"taxonomy":"product_cat","embeddable":true,"href":"https:\/\/softymed.ch\/it\/wp-json\/wp\/v2\/product_cat?post=7621"},{"taxonomy":"product_tag","embeddable":true,"href":"https:\/\/softymed.ch\/it\/wp-json\/wp\/v2\/product_tag?post=7621"},{"taxonomy":"categorie_principale","embeddable":true,"href":"https:\/\/softymed.ch\/it\/wp-json\/wp\/v2\/categorie_principale?post=7621"},{"taxonomy":"marque","embeddable":true,"href":"https:\/\/softymed.ch\/it\/wp-json\/wp\/v2\/marque?post=7621"}],"curies":[{"name":"wp","href":"https:\/\/api.w.org\/{rel}","templated":true}]}}