{"id":7249,"date":"2024-07-02T15:08:10","date_gmt":"2024-07-02T13:08:10","guid":{"rendered":"https:\/\/softymed.ch\/?post_type=product&#038;p=7249"},"modified":"2025-10-03T10:25:14","modified_gmt":"2025-10-03T08:25:14","slug":"tensoplasto","status":"publish","type":"product","link":"https:\/\/softymed.ch\/it\/boutique\/soin-des-plaies\/bandage\/tensoplast\/","title":{"rendered":"Tensoplast"},"content":{"rendered":"<p>Bande adh\u00e9sive \u00e9lastique constitu\u00e9e d&rsquo;un tissu de coton, enduite sous forme de stries longitudinales d&rsquo;une masse adh\u00e9sive de haute tol\u00e9rance cutan\u00e9e, \u00e0 base de caoutchouc et de r\u00e9sine synth\u00e9tiques. La masse adh\u00e9sive est prot\u00e9g\u00e9e par un film poly\u00e9thyl\u00e8ne gaufr\u00e9 sur toute sa longueur. La bande est enroul\u00e9e sur un tube plastique.<\/p>\n<p><strong>Indicazioni<\/strong><br \/>\n-Contentions souples adh\u00e9sives en pathologie articulaire, tendineuse et musculaire<br \/>\n-Traitement \u00e9lasto-compressif en phl\u00e9bologie<br \/>\n-Manutenzione di tutte le medicazioni<br \/>\n-Compressione in caso di trauma muscolare<\/p>\n<p><strong>Caratteristiche<\/strong><br \/>\n-100 % coton : haute tol\u00e9rance<br \/>\n-Lisi\u00e8res tiss\u00e9es: absence de fil flottant<br \/>\n-Masse adh\u00e9sive sans latex: adh\u00e9sivit\u00e9 imm\u00e9diate et prolong\u00e9e<br \/>\n-\u00c9lasticit\u00e9 longitudinale de 50 %: effet de rappel \u00e9lastique<br \/>\n-Grande r\u00e9sistance aux contraintes de force<br \/>\n-\u00c9l\u00e9ment protecteur gaufr\u00e9: contr\u00f4le de la tension lors de la pose<br \/>\n-A\u00e9r\u00e9e par stries: \u00e9vite la mac\u00e9ration<\/p>","protected":false},"excerpt":{"rendered":"<p>Nastro adesivo elastico<\/p>","protected":false},"featured_media":7250,"template":"","meta":{"_acf_changed":false,"_seopress_robots_primary_cat":"none","_seopress_titles_title":"","_seopress_titles_desc":"","_seopress_robots_index":""},"product_brand":[],"product_cat":[241,104],"product_tag":[],"categorie_principale":[28,30,29],"marque":[318],"class_list":{"0":"post-7249","1":"product","2":"type-product","3":"status-publish","4":"has-post-thumbnail","6":"product_cat-bandage","7":"product_cat-soin-des-plaies","8":"categorie_principale-medecine-generale","9":"categorie_principale-orthopedie","10":"categorie_principale-permanence-hopital","11":"marque-bsn-medical","13":"first","14":"instock","15":"taxable","16":"shipping-taxable","17":"purchasable","18":"product-type-simple"},"supplier_id":null,"supplier_sku":"","atum_controlled":true,"out_stock_date":null,"out_stock_threshold":null,"inheritable":false,"inbound_stock":null,"stock_on_hold":0,"sold_today":0,"sales_last_days":0,"reserved_stock":null,"customer_returns":null,"warehouse_damage":null,"lost_in_post":null,"other_logs":null,"out_stock_days":0,"lost_sales":0,"has_location":true,"update_date":"2026-04-10T00:04:23","atum_locations":[{"id":219,"name":"Cubo giallo","slug":"yellow-cube"}],"atum_stock_status":"instock","restock_status":false,"low_stock_amount":"","sales_update_date":"2026-04-10T00:04:23","calc_backorders":null,"acf":[],"_links":{"self":[{"href":"https:\/\/softymed.ch\/it\/wp-json\/wp\/v2\/product\/7249","targetHints":{"allow":["GET"]}}],"collection":[{"href":"https:\/\/softymed.ch\/it\/wp-json\/wp\/v2\/product"}],"about":[{"href":"https:\/\/softymed.ch\/it\/wp-json\/wp\/v2\/types\/product"}],"wp:featuredmedia":[{"embeddable":true,"href":"https:\/\/softymed.ch\/it\/wp-json\/wp\/v2\/media\/7250"}],"wp:attachment":[{"href":"https:\/\/softymed.ch\/it\/wp-json\/wp\/v2\/media?parent=7249"}],"wp:term":[{"taxonomy":"product_brand","embeddable":true,"href":"https:\/\/softymed.ch\/it\/wp-json\/wp\/v2\/product_brand?post=7249"},{"taxonomy":"product_cat","embeddable":true,"href":"https:\/\/softymed.ch\/it\/wp-json\/wp\/v2\/product_cat?post=7249"},{"taxonomy":"product_tag","embeddable":true,"href":"https:\/\/softymed.ch\/it\/wp-json\/wp\/v2\/product_tag?post=7249"},{"taxonomy":"categorie_principale","embeddable":true,"href":"https:\/\/softymed.ch\/it\/wp-json\/wp\/v2\/categorie_principale?post=7249"},{"taxonomy":"marque","embeddable":true,"href":"https:\/\/softymed.ch\/it\/wp-json\/wp\/v2\/marque?post=7249"}],"curies":[{"name":"wp","href":"https:\/\/api.w.org\/{rel}","templated":true}]}}