{"id":7148,"date":"2024-06-27T12:26:53","date_gmt":"2024-06-27T10:26:53","guid":{"rendered":"https:\/\/softymed.ch\/?post_type=product&#038;p=7148"},"modified":"2026-03-24T17:04:02","modified_gmt":"2026-03-24T16:04:02","slug":"siringa-terumo-a-3-pezzi-senza-ago","status":"publish","type":"product","link":"https:\/\/softymed.ch\/it\/boutique\/perfusion-injection\/seringue-terumo-3-pieces-sans-aiguille\/","title":{"rendered":"Siringa a 3 pezzi Terumo"},"content":{"rendered":"<p>Seringue Terumo\u00ae 3 pi\u00e8ces, sans aiguille, st\u00e9rile<\/p>\n<p><strong>Applicazione<\/strong><br \/>\n-Injection ou pr\u00e9l\u00e8vement<\/p>\n<p><strong>Caratteristiche<\/strong><br \/>\n-Injection fluide et parfaitement contr\u00f4l\u00e9e pour une administration fiable du m\u00e9dicament<br \/>\n-Des mat\u00e9riaux soigneusement s\u00e9lectionn\u00e9s (sans PVC ni latex) ainsi qu&rsquo;un processus de production contr\u00f4l\u00e9 permettent d&rsquo;obtenir des produits d&rsquo;excellente qualit\u00e9 et performances.<br \/>\n-Fonctionnalit\u00e9s am\u00e9liorant les performances: siliconisation pour un mouvement optimal et fluide du piston<br \/>\nune but\u00e9e ferme et pr\u00e9cise aide \u00e0 emp\u00eacher le piston d&rsquo;\u00eatre accidentellement retir\u00e9, les poign\u00e9es pour les doigts facilitent la manipulation.<br \/>\n-Fonctionnalit\u00e9s am\u00e9liorant la s\u00e9curit\u00e9: le corps transparent permet de reconna\u00eetre facilement les bulles d&rsquo;air, une impression claire permet une gestion pr\u00e9cise des doses, reconnaissance facile des bulles d&rsquo;air ou du retour de flamme gr\u00e2ce au moyeu translucide.<\/p>","protected":false},"excerpt":{"rendered":"<p>Punta Luer-Lock, senza ago<\/p>","protected":false},"featured_media":7243,"template":"","meta":{"_acf_changed":false,"_seopress_robots_primary_cat":"none","_seopress_titles_title":"","_seopress_titles_desc":"","_seopress_robots_index":""},"product_brand":[],"product_cat":[133],"product_tag":[],"categorie_principale":[31,27,28,29],"marque":[214],"class_list":{"0":"post-7148","1":"product","2":"type-product","3":"status-publish","4":"has-post-thumbnail","6":"product_cat-perfusion-injection","7":"categorie_principale-gynecologie","8":"categorie_principale-laboratoire","9":"categorie_principale-medecine-generale","10":"categorie_principale-permanence-hopital","11":"marque-terumo","13":"first","14":"outofstock","15":"taxable","16":"shipping-taxable","17":"product-type-simple"},"supplier_id":null,"supplier_sku":"","atum_controlled":true,"out_stock_date":"2026-03-24 12:23:45","out_stock_threshold":null,"inheritable":false,"inbound_stock":null,"stock_on_hold":0,"sold_today":0,"sales_last_days":0,"reserved_stock":null,"customer_returns":null,"warehouse_damage":null,"lost_in_post":null,"other_logs":null,"out_stock_days":14,"lost_sales":0,"has_location":false,"update_date":"2026-04-08T00:03:51","atum_locations":[],"atum_stock_status":"outofstock","restock_status":false,"low_stock_amount":"","sales_update_date":"2026-04-08T00:03:51","calc_backorders":null,"acf":[],"_links":{"self":[{"href":"https:\/\/softymed.ch\/it\/wp-json\/wp\/v2\/product\/7148","targetHints":{"allow":["GET"]}}],"collection":[{"href":"https:\/\/softymed.ch\/it\/wp-json\/wp\/v2\/product"}],"about":[{"href":"https:\/\/softymed.ch\/it\/wp-json\/wp\/v2\/types\/product"}],"wp:featuredmedia":[{"embeddable":true,"href":"https:\/\/softymed.ch\/it\/wp-json\/wp\/v2\/media\/7243"}],"wp:attachment":[{"href":"https:\/\/softymed.ch\/it\/wp-json\/wp\/v2\/media?parent=7148"}],"wp:term":[{"taxonomy":"product_brand","embeddable":true,"href":"https:\/\/softymed.ch\/it\/wp-json\/wp\/v2\/product_brand?post=7148"},{"taxonomy":"product_cat","embeddable":true,"href":"https:\/\/softymed.ch\/it\/wp-json\/wp\/v2\/product_cat?post=7148"},{"taxonomy":"product_tag","embeddable":true,"href":"https:\/\/softymed.ch\/it\/wp-json\/wp\/v2\/product_tag?post=7148"},{"taxonomy":"categorie_principale","embeddable":true,"href":"https:\/\/softymed.ch\/it\/wp-json\/wp\/v2\/categorie_principale?post=7148"},{"taxonomy":"marque","embeddable":true,"href":"https:\/\/softymed.ch\/it\/wp-json\/wp\/v2\/marque?post=7148"}],"curies":[{"name":"wp","href":"https:\/\/api.w.org\/{rel}","templated":true}]}}