{"id":7136,"date":"2024-06-19T16:56:40","date_gmt":"2024-06-19T14:56:40","guid":{"rendered":"https:\/\/softymed.ch\/?post_type=product&#038;p=7136"},"modified":"2026-04-02T15:31:11","modified_gmt":"2026-04-02T13:31:11","slug":"aquasonic-100-gel-ad-ultrasuoni","status":"publish","type":"product","link":"https:\/\/softymed.ch\/it\/boutique\/appareils-equipements\/echographie-ecg-electrodes\/gel-a-ultrason-aquasonic-100\/","title":{"rendered":"Gel ad ultrasuoni Aquasonic 100"},"content":{"rendered":"<p>Aquasonic 100 \u00e8 un gel a contatto con gli ultrasuoni per la diagnosi ecografica.<br \/>\nLe gel \u00e0 ultrason soluble dans l\u2019eau ne laisse pas de traces sur les v\u00eatements et n\u2019ab\u00eeme pas le mat\u00e9riel. Comme le gel \u00e0 ultrason Aquasonic 100 n&rsquo;est ni sensibilisant, ni irritant et hypoallerg\u00e8ne, il peut aussi \u00eatre employ\u00e9 pour des patients avec des peaux sensibles ou allergiques.<\/p>\n<p><strong>Caratteristiche<\/strong><br \/>\n-Sans formald\u00e9hyde<br \/>\n-Bonne tol\u00e9rance cutan\u00e9e<br \/>\n-Soluble dans l\u2019eau<br \/>\n-Facile \u00e0 enlever<br \/>\n-Bact\u00e9riostatique<br \/>\n-Hypoallerg\u00e9nique<br \/>\nNon sensibilizzante<br \/>\nNon irritante<br \/>\nNon spermicida<br \/>\n-Recommand\u00e9 par les fabricants leader d\u2019appareils \u00e0 ultrasons<\/p>","protected":false},"excerpt":{"rendered":"<p>Bottiglia o SONICPAC<\/p>","protected":false},"featured_media":7139,"template":"","meta":{"_acf_changed":false,"_seopress_robots_primary_cat":"none","_seopress_titles_title":"","_seopress_titles_desc":"","_seopress_robots_index":""},"product_brand":[],"product_cat":[163,122,164,288],"product_tag":[347],"categorie_principale":[165,32,31,28,30,29],"marque":[203],"class_list":{"0":"post-7136","1":"product","2":"type-product","3":"status-publish","4":"has-post-thumbnail","6":"product_cat-appareils-equipements","7":"product_cat-auscultation-diagnostic","8":"product_cat-echographie-ecg-electrodes","9":"product_cat-liste-additionnelle","10":"product_tag-best-seller","11":"categorie_principale-autre","12":"categorie_principale-cardiologie","13":"categorie_principale-gynecologie","14":"categorie_principale-medecine-generale","15":"categorie_principale-orthopedie","16":"categorie_principale-permanence-hopital","17":"marque-parker-laboratories-inc","19":"first","20":"instock","21":"taxable","22":"shipping-taxable","23":"purchasable","24":"product-type-variable"},"supplier_id":null,"supplier_sku":"","atum_controlled":true,"out_stock_date":null,"out_stock_threshold":null,"inheritable":true,"inbound_stock":null,"stock_on_hold":0,"sold_today":0,"sales_last_days":27,"reserved_stock":null,"customer_returns":null,"warehouse_damage":null,"lost_in_post":null,"other_logs":null,"out_stock_days":0,"lost_sales":0,"has_location":true,"update_date":"2026-04-08T00:04:02","atum_locations":[{"id":373,"name":"Officine","slug":"officine"}],"atum_stock_status":"instock","restock_status":false,"low_stock_amount":"","sales_update_date":"2026-04-08T00:04:02","calc_backorders":null,"acf":[],"_links":{"self":[{"href":"https:\/\/softymed.ch\/it\/wp-json\/wp\/v2\/product\/7136","targetHints":{"allow":["GET"]}}],"collection":[{"href":"https:\/\/softymed.ch\/it\/wp-json\/wp\/v2\/product"}],"about":[{"href":"https:\/\/softymed.ch\/it\/wp-json\/wp\/v2\/types\/product"}],"wp:featuredmedia":[{"embeddable":true,"href":"https:\/\/softymed.ch\/it\/wp-json\/wp\/v2\/media\/7139"}],"wp:attachment":[{"href":"https:\/\/softymed.ch\/it\/wp-json\/wp\/v2\/media?parent=7136"}],"wp:term":[{"taxonomy":"product_brand","embeddable":true,"href":"https:\/\/softymed.ch\/it\/wp-json\/wp\/v2\/product_brand?post=7136"},{"taxonomy":"product_cat","embeddable":true,"href":"https:\/\/softymed.ch\/it\/wp-json\/wp\/v2\/product_cat?post=7136"},{"taxonomy":"product_tag","embeddable":true,"href":"https:\/\/softymed.ch\/it\/wp-json\/wp\/v2\/product_tag?post=7136"},{"taxonomy":"categorie_principale","embeddable":true,"href":"https:\/\/softymed.ch\/it\/wp-json\/wp\/v2\/categorie_principale?post=7136"},{"taxonomy":"marque","embeddable":true,"href":"https:\/\/softymed.ch\/it\/wp-json\/wp\/v2\/marque?post=7136"}],"curies":[{"name":"wp","href":"https:\/\/api.w.org\/{rel}","templated":true}]}}