{"id":7126,"date":"2024-06-19T16:22:14","date_gmt":"2024-06-19T14:22:14","guid":{"rendered":"https:\/\/softymed.ch\/?post_type=product&#038;p=7126"},"modified":"2026-04-07T09:16:58","modified_gmt":"2026-04-07T07:16:58","slug":"cutasept-f","status":"publish","type":"product","link":"https:\/\/softymed.ch\/it\/boutique\/hygiene-desinfection\/desinfection-peau\/cutasept-f\/","title":{"rendered":"Cutasept\u00ae F"},"content":{"rendered":"<p>Cutasept\u00ae F est un antiseptique cutan\u00e9 incolore, qui se caract\u00e9rise \u00e0 travers un large spectre d\u2019actions et une efficacit\u00e9 rapide avant de ponctions et d\u2019injections de toutes sortes ainsi que pour l\u2019antiseptique cutan\u00e9 pr\u00e9op\u00e9ratoire. Le d\u00e9sinfectant cutan\u00e9 offre une bonne efficacit\u00e9 de longue dur\u00e9e et une tol\u00e9rance cutan\u00e9e excellente.<\/p>\n<p><strong>Caratteristiche<\/strong><br \/>\n-Agisce in modo rapido ed efficace<br \/>\n-Bonne efficacit\u00e9 \u00e0 long terme<br \/>\n-Excellente tol\u00e9rance cutan\u00e9e<br \/>\n-Bonne adh\u00e9rence aux feuillets d\u2019incision<br \/>\n-Tr\u00e8s \u00e9conomique gr\u00e2ce \u00e0 son dispositif d\u2019application<br \/>\n-Spectre d\u2019action: bact\u00e9ricide (SARM incl.), fongicide, tuberculose, virucide (y compris VHB, VIH et VHC) et les rotavirus<\/p>\n<p>Le d\u00e9sinfectant cutan\u00e9 Cutasept\u00ae F est appropri\u00e9 pour l\u2019antisepsie cutan\u00e9e avant d\u2019injections, de ponctions et d\u2019interventions chirurgicales en cabinets m\u00e9dicaux, h\u00f4pitaux et centres de soins. Ce d\u00e9sinfectant cutan\u00e9 peut aussi \u00eatre utilis\u00e9 de diab\u00e9tiques, pour d\u00e9sinfecter la peau avant la mesure de la glyc\u00e9mie ou la prise d\u2019insuline. De plus Cutasept\u00ae F peut \u00eatre utilis\u00e9 pour la prophylaxie post-exposition VIH.<\/p>\n<p>Le d\u00e9sinfectant cutan\u00e9 Cutasept\u00ae F est disponible dans un flacon de 250 ml avec une pompe de vaporisation sans gaz propulseur pratique.<\/p>","protected":false},"excerpt":{"rendered":"<p>Disinfettante per la pelle<\/p>","protected":false},"featured_media":7129,"template":"","meta":{"_acf_changed":false,"_seopress_robots_primary_cat":"none","_seopress_titles_title":"","_seopress_titles_desc":"","_seopress_robots_index":""},"product_brand":[],"product_cat":[129,127,288],"product_tag":[],"categorie_principale":[31,27,28,29],"marque":[107],"class_list":{"0":"post-7126","1":"product","2":"type-product","3":"status-publish","4":"has-post-thumbnail","6":"product_cat-desinfection-peau","7":"product_cat-hygiene-desinfection","8":"product_cat-liste-additionnelle","9":"categorie_principale-gynecologie","10":"categorie_principale-laboratoire","11":"categorie_principale-medecine-generale","12":"categorie_principale-permanence-hopital","13":"marque-hartmann","15":"first","16":"instock","17":"taxable","18":"shipping-taxable","19":"purchasable","20":"product-type-variable"},"supplier_id":null,"supplier_sku":"","atum_controlled":true,"out_stock_date":"2024-06-19 14:22:14","out_stock_threshold":null,"inheritable":true,"inbound_stock":null,"stock_on_hold":0,"sold_today":0,"sales_last_days":20,"reserved_stock":null,"customer_returns":null,"warehouse_damage":null,"lost_in_post":null,"other_logs":null,"out_stock_days":657,"lost_sales":0,"has_location":true,"update_date":"2026-04-08T00:04:04","atum_locations":[{"id":373,"name":"Officine","slug":"officine"}],"atum_stock_status":"instock","restock_status":false,"low_stock_amount":"","sales_update_date":"2026-04-08T00:04:04","calc_backorders":null,"acf":[],"_links":{"self":[{"href":"https:\/\/softymed.ch\/it\/wp-json\/wp\/v2\/product\/7126","targetHints":{"allow":["GET"]}}],"collection":[{"href":"https:\/\/softymed.ch\/it\/wp-json\/wp\/v2\/product"}],"about":[{"href":"https:\/\/softymed.ch\/it\/wp-json\/wp\/v2\/types\/product"}],"wp:featuredmedia":[{"embeddable":true,"href":"https:\/\/softymed.ch\/it\/wp-json\/wp\/v2\/media\/7129"}],"wp:attachment":[{"href":"https:\/\/softymed.ch\/it\/wp-json\/wp\/v2\/media?parent=7126"}],"wp:term":[{"taxonomy":"product_brand","embeddable":true,"href":"https:\/\/softymed.ch\/it\/wp-json\/wp\/v2\/product_brand?post=7126"},{"taxonomy":"product_cat","embeddable":true,"href":"https:\/\/softymed.ch\/it\/wp-json\/wp\/v2\/product_cat?post=7126"},{"taxonomy":"product_tag","embeddable":true,"href":"https:\/\/softymed.ch\/it\/wp-json\/wp\/v2\/product_tag?post=7126"},{"taxonomy":"categorie_principale","embeddable":true,"href":"https:\/\/softymed.ch\/it\/wp-json\/wp\/v2\/categorie_principale?post=7126"},{"taxonomy":"marque","embeddable":true,"href":"https:\/\/softymed.ch\/it\/wp-json\/wp\/v2\/marque?post=7126"}],"curies":[{"name":"wp","href":"https:\/\/api.w.org\/{rel}","templated":true}]}}