{"id":7122,"date":"2024-06-19T16:00:18","date_gmt":"2024-06-19T14:00:18","guid":{"rendered":"https:\/\/softymed.ch\/?post_type=product&#038;p=7122"},"modified":"2026-04-09T11:31:27","modified_gmt":"2026-04-09T09:31:27","slug":"meliseptol-rapido","status":"publish","type":"product","link":"https:\/\/softymed.ch\/it\/boutique\/hygiene-desinfection\/desinfection-surface\/meliseptol-rapid\/","title":{"rendered":"Meliseptol\u00ae Rapid"},"content":{"rendered":"<p>Meliseptol\u00ae rapid est un d\u00e9sinfectant alcoolique de surface qui agit en une minute, pr\u00eat \u00e0 l\u2019emploi.<br \/>\nIl agit extr\u00eamement rapidement contre les bact\u00e9ries, les champignons et les virus.<\/p>\n<p><strong>Efficacit\u00e9 microbiologique<\/strong><br \/>\n-Bact\u00e9ricide<br \/>\n-Tubercolosi<br \/>\n-Fungicida<br \/>\n-Virus lipofili, HBV, HIV e Rotavirus.<\/p>\n<p><strong>Activit\u00e9 antimicrobienne du produit<\/strong><br \/>\n-Bact\u00e9ries, Bacilles Tuberculeux: Normes EN 1040 NF T 72170<br \/>\n-Funghi: Standard EN 1275<br \/>\n-Virus lipophiles, HBV\/HIV et Rotavirus : Guidelines BGA (Federal Board of Health) et DVV (German Society for Control of Virus Diseases) (assimilable \u00e0 la NF T 72180)<\/p>\n<p><strong>Dosage et mode d\u2019emploi<\/strong><br \/>\n-Vaporiser les surfaces \u00e0 traiter jusqu\u2019\u00e0 humidification compl\u00e8te<br \/>\n-La solution doit \u00eatre utilis\u00e9e non dilu\u00e9e<br \/>\n-Temps d\u2019action: 1 minute<br \/>\n-Une efficacit\u00e9 contre les Papovavirus est obtenue apr\u00e8s un temps d\u2019action de 5 minutes<\/p>\n<p><strong>Standard<\/strong><br \/>\nConforme agli standard prEN 13713 \/ 13727, EN 13624, EN 13696<\/p>","protected":false},"excerpt":{"rendered":"<p>Disinfettante alcolico rapido<\/p>","protected":false},"featured_media":2462,"template":"","meta":{"_acf_changed":false,"_seopress_robots_primary_cat":"none","_seopress_titles_title":"","_seopress_titles_desc":"","_seopress_robots_index":""},"product_brand":[],"product_cat":[128,127,288],"product_tag":[],"categorie_principale":[165,32,31,27,106,28,29],"marque":[171],"class_list":{"0":"post-7122","1":"product","2":"type-product","3":"status-publish","4":"has-post-thumbnail","6":"product_cat-desinfection-surface","7":"product_cat-hygiene-desinfection","8":"product_cat-liste-additionnelle","9":"categorie_principale-autre","10":"categorie_principale-cardiologie","11":"categorie_principale-gynecologie","12":"categorie_principale-laboratoire","13":"categorie_principale-medecine-dentaire","14":"categorie_principale-medecine-generale","15":"categorie_principale-permanence-hopital","16":"marque-b-braun","18":"first","19":"instock","20":"taxable","21":"shipping-taxable","22":"purchasable","23":"product-type-variable"},"supplier_id":null,"supplier_sku":"","atum_controlled":true,"out_stock_date":"2024-06-19 14:00:18","out_stock_threshold":null,"inheritable":true,"inbound_stock":null,"stock_on_hold":0,"sold_today":0,"sales_last_days":4,"reserved_stock":null,"customer_returns":null,"warehouse_damage":null,"lost_in_post":null,"other_logs":null,"out_stock_days":659,"lost_sales":0,"has_location":true,"update_date":"2026-04-10T00:05:01","atum_locations":[{"id":373,"name":"Officine","slug":"officine"}],"atum_stock_status":"instock","restock_status":false,"low_stock_amount":"","sales_update_date":"2026-04-10T00:05:01","calc_backorders":null,"acf":[],"_links":{"self":[{"href":"https:\/\/softymed.ch\/it\/wp-json\/wp\/v2\/product\/7122","targetHints":{"allow":["GET"]}}],"collection":[{"href":"https:\/\/softymed.ch\/it\/wp-json\/wp\/v2\/product"}],"about":[{"href":"https:\/\/softymed.ch\/it\/wp-json\/wp\/v2\/types\/product"}],"wp:featuredmedia":[{"embeddable":true,"href":"https:\/\/softymed.ch\/it\/wp-json\/wp\/v2\/media\/2462"}],"wp:attachment":[{"href":"https:\/\/softymed.ch\/it\/wp-json\/wp\/v2\/media?parent=7122"}],"wp:term":[{"taxonomy":"product_brand","embeddable":true,"href":"https:\/\/softymed.ch\/it\/wp-json\/wp\/v2\/product_brand?post=7122"},{"taxonomy":"product_cat","embeddable":true,"href":"https:\/\/softymed.ch\/it\/wp-json\/wp\/v2\/product_cat?post=7122"},{"taxonomy":"product_tag","embeddable":true,"href":"https:\/\/softymed.ch\/it\/wp-json\/wp\/v2\/product_tag?post=7122"},{"taxonomy":"categorie_principale","embeddable":true,"href":"https:\/\/softymed.ch\/it\/wp-json\/wp\/v2\/categorie_principale?post=7122"},{"taxonomy":"marque","embeddable":true,"href":"https:\/\/softymed.ch\/it\/wp-json\/wp\/v2\/marque?post=7122"}],"curies":[{"name":"wp","href":"https:\/\/api.w.org\/{rel}","templated":true}]}}