{"id":7111,"date":"2024-06-19T14:15:26","date_gmt":"2024-06-19T12:15:26","guid":{"rendered":"https:\/\/softymed.ch\/?post_type=product&#038;p=7111"},"modified":"2026-03-25T16:50:54","modified_gmt":"2026-03-25T15:50:54","slug":"baktolina-pura","status":"publish","type":"product","link":"https:\/\/softymed.ch\/it\/boutique\/hygiene-desinfection\/desinfection-peau\/baktolin-pure\/","title":{"rendered":"Baktolin\u00ae puro"},"content":{"rendered":"<p>Baktolin\u00ae pure est une lotion lavante douce, sans parfum ni colorant, qui pr\u00e9sente une tr\u00e8s bonne compatibilit\u00e9 avec la peau. Avec un pH de 5,5, la lotion lavante a \u00e9t\u00e9 adapt\u00e9e \u00e0 l&rsquo;environnement faiblement acide de la peau et soutient ainsi le manteau acide naturel. adapt\u00e9e au lavage des mains, mais aussi du corps.<\/p>\n<p>La lotion lavante Baktolin\u00ae pure peut \u00eatre utilis\u00e9e dans divers services hospitaliers et cabinets m\u00e9dicaux. Baktolin\u00ae pure est non seulement adapt\u00e9 au nettoyage des mains, mais aussi au lavage du corps, sous la douche ou dans une baignoire.<\/p>\n<p><strong>Caratteristiche<\/strong><br \/>\n-Lavaggio perfetto<br \/>\nContiene nuovi tensioattivi rispettosi della pelle<br \/>\nSenza sapone e senza alcali<br \/>\npH di 5,5 adatto alla pelle<br \/>\n-Senza coloranti n\u00e9 profumi<br \/>\nConservanti rispettosi della pelle<br \/>\n-Tr\u00e8s bonne tol\u00e9rance cutan\u00e9e<br \/>\n-Pr\u00e9serve la couche protectrice acide naturelle de la peau<\/p>\n<p>La lotion lavante Baktolin\u00ae pure fait partie du syst\u00e8me d\u2019hygi\u00e8ne des mains Hartmann, auquel appartiennent de divers d\u00e9sinfectants pour les mains, lotions lavantes, lotions de soin et gants de protection. Tous les produits du syst\u00e8me d\u2019hygi\u00e8ne des mains Hartmann sont adapt\u00e9s l\u2019un sur l\u2019autre et compatible l\u2019un avec l\u2019autre.<\/p>","protected":false},"excerpt":{"rendered":"<p>Lozione lavante delicata<\/p>","protected":false},"featured_media":7118,"template":"","meta":{"_acf_changed":false,"_seopress_robots_primary_cat":"none","_seopress_titles_title":"","_seopress_titles_desc":"","_seopress_robots_index":""},"product_brand":[],"product_cat":[129,127,288],"product_tag":[],"categorie_principale":[165,32,31,27,106,28,30,29],"marque":[107],"class_list":{"0":"post-7111","1":"product","2":"type-product","3":"status-publish","4":"has-post-thumbnail","6":"product_cat-desinfection-peau","7":"product_cat-hygiene-desinfection","8":"product_cat-liste-additionnelle","9":"categorie_principale-autre","10":"categorie_principale-cardiologie","11":"categorie_principale-gynecologie","12":"categorie_principale-laboratoire","13":"categorie_principale-medecine-dentaire","14":"categorie_principale-medecine-generale","15":"categorie_principale-orthopedie","16":"categorie_principale-permanence-hopital","17":"marque-hartmann","19":"first","20":"instock","21":"taxable","22":"shipping-taxable","23":"purchasable","24":"product-type-variable"},"supplier_id":null,"supplier_sku":"","atum_controlled":true,"out_stock_date":"2024-06-19 12:15:27","out_stock_threshold":null,"inheritable":true,"inbound_stock":null,"stock_on_hold":0,"sold_today":0,"sales_last_days":0,"reserved_stock":null,"customer_returns":null,"warehouse_damage":null,"lost_in_post":null,"other_logs":null,"out_stock_days":657,"lost_sales":0,"has_location":true,"update_date":"2026-04-08T00:03:51","atum_locations":[{"id":373,"name":"Officine","slug":"officine"}],"atum_stock_status":"instock","restock_status":false,"low_stock_amount":"","sales_update_date":"2026-04-08T00:03:51","calc_backorders":null,"acf":[],"_links":{"self":[{"href":"https:\/\/softymed.ch\/it\/wp-json\/wp\/v2\/product\/7111","targetHints":{"allow":["GET"]}}],"collection":[{"href":"https:\/\/softymed.ch\/it\/wp-json\/wp\/v2\/product"}],"about":[{"href":"https:\/\/softymed.ch\/it\/wp-json\/wp\/v2\/types\/product"}],"wp:featuredmedia":[{"embeddable":true,"href":"https:\/\/softymed.ch\/it\/wp-json\/wp\/v2\/media\/7118"}],"wp:attachment":[{"href":"https:\/\/softymed.ch\/it\/wp-json\/wp\/v2\/media?parent=7111"}],"wp:term":[{"taxonomy":"product_brand","embeddable":true,"href":"https:\/\/softymed.ch\/it\/wp-json\/wp\/v2\/product_brand?post=7111"},{"taxonomy":"product_cat","embeddable":true,"href":"https:\/\/softymed.ch\/it\/wp-json\/wp\/v2\/product_cat?post=7111"},{"taxonomy":"product_tag","embeddable":true,"href":"https:\/\/softymed.ch\/it\/wp-json\/wp\/v2\/product_tag?post=7111"},{"taxonomy":"categorie_principale","embeddable":true,"href":"https:\/\/softymed.ch\/it\/wp-json\/wp\/v2\/categorie_principale?post=7111"},{"taxonomy":"marque","embeddable":true,"href":"https:\/\/softymed.ch\/it\/wp-json\/wp\/v2\/marque?post=7111"}],"curies":[{"name":"wp","href":"https:\/\/api.w.org\/{rel}","templated":true}]}}