{"id":6685,"date":"2024-04-23T11:27:53","date_gmt":"2024-04-23T09:27:53","guid":{"rendered":"https:\/\/softymed.ch\/?post_type=product&#038;p=6685"},"modified":"2026-03-25T12:43:46","modified_gmt":"2026-03-25T11:43:46","slug":"dermaplast-sensibile","status":"publish","type":"product","link":"https:\/\/softymed.ch\/it\/boutique\/soin-des-plaies\/pansement\/dermaplast-sensitive\/","title":{"rendered":"DermaPlast\u00ae Sensitive"},"content":{"rendered":"<p>La Bande de pansement adh\u00e9sif \u00e0 d\u00e9couper Hartmann est constitu\u00e9 de 2 \u00e9l\u00e9ments:<\/p>\n<p>-Support en contact avec l\u2019air en non-tiss\u00e9 \u00e0 base de polyester, enduit d\u2019une masse adh\u00e9sive hypoallerg\u00e9nique en caoutchouc synth\u00e9tique. Cet adh\u00e9sif est prot\u00e9g\u00e9 par un film en papier neutre facile \u00e0 enlever.<br \/>\n-Une compresse centrale en polypropyl\u00e8ne poly\u00e9thyl\u00e8ne, en contact avec la plaie, tr\u00e8s absorbante et non-adh\u00e9rente (ne colle pas \u00e0 la peau).<\/p>\n<p><strong>Caratteristiche<\/strong><br \/>\n-Pansement rapide avec haute tol\u00e9rance cutan\u00e9e en non-tiss\u00e9 doux<br \/>\n-Perm\u00e9able \u00e0 l\u2019air et dermophile<br \/>\n-N&rsquo;adh\u00e8re pas \u00e0 la plaie<br \/>\n-Indiqu\u00e9 pour les patients \u00e0 peau sensible pour des petites plaies superficielles et pour des sites d&rsquo;injection et de pr\u00e9l\u00e8vement (vaccin, prise de sang, etc. )<br \/>\n-En rouleau \u00e0 d\u00e9couper, bande de 5m.<\/p>","protected":false},"excerpt":{"rendered":"<p>Medicazioni adesive<\/p>","protected":false},"featured_media":6686,"template":"","meta":{"_acf_changed":false,"_seopress_robots_primary_cat":"none","_seopress_titles_title":"","_seopress_titles_desc":"","_seopress_robots_index":""},"product_brand":[],"product_cat":[288,146,133,138,142,137,136,104],"product_tag":[],"categorie_principale":[31,27,28,29],"marque":[107],"class_list":{"0":"post-6685","1":"product","2":"type-product","3":"status-publish","4":"has-post-thumbnail","6":"product_cat-liste-additionnelle","7":"product_cat-pansement","8":"product_cat-perfusion-injection","9":"product_cat-prelevement-capillaire","10":"product_cat-prelevement-special","11":"product_cat-prelevement-veineux","12":"product_cat-prelevements","13":"product_cat-soin-des-plaies","14":"categorie_principale-gynecologie","15":"categorie_principale-laboratoire","16":"categorie_principale-medecine-generale","17":"categorie_principale-permanence-hopital","18":"marque-hartmann","20":"first","21":"outofstock","22":"taxable","23":"shipping-taxable","24":"purchasable","25":"product-type-simple"},"supplier_id":null,"supplier_sku":"","atum_controlled":true,"out_stock_date":"2026-03-25 12:43:46","out_stock_threshold":null,"inheritable":false,"inbound_stock":null,"stock_on_hold":0,"sold_today":0,"sales_last_days":0,"reserved_stock":null,"customer_returns":null,"warehouse_damage":null,"lost_in_post":null,"other_logs":null,"out_stock_days":14,"lost_sales":96,"has_location":true,"update_date":"2026-04-09T00:03:50","atum_locations":[{"id":373,"name":"Officine","slug":"officine"}],"atum_stock_status":"outofstock","restock_status":false,"low_stock_amount":"","sales_update_date":"2026-04-09T00:03:50","calc_backorders":null,"acf":[],"_links":{"self":[{"href":"https:\/\/softymed.ch\/it\/wp-json\/wp\/v2\/product\/6685","targetHints":{"allow":["GET"]}}],"collection":[{"href":"https:\/\/softymed.ch\/it\/wp-json\/wp\/v2\/product"}],"about":[{"href":"https:\/\/softymed.ch\/it\/wp-json\/wp\/v2\/types\/product"}],"wp:featuredmedia":[{"embeddable":true,"href":"https:\/\/softymed.ch\/it\/wp-json\/wp\/v2\/media\/6686"}],"wp:attachment":[{"href":"https:\/\/softymed.ch\/it\/wp-json\/wp\/v2\/media?parent=6685"}],"wp:term":[{"taxonomy":"product_brand","embeddable":true,"href":"https:\/\/softymed.ch\/it\/wp-json\/wp\/v2\/product_brand?post=6685"},{"taxonomy":"product_cat","embeddable":true,"href":"https:\/\/softymed.ch\/it\/wp-json\/wp\/v2\/product_cat?post=6685"},{"taxonomy":"product_tag","embeddable":true,"href":"https:\/\/softymed.ch\/it\/wp-json\/wp\/v2\/product_tag?post=6685"},{"taxonomy":"categorie_principale","embeddable":true,"href":"https:\/\/softymed.ch\/it\/wp-json\/wp\/v2\/categorie_principale?post=6685"},{"taxonomy":"marque","embeddable":true,"href":"https:\/\/softymed.ch\/it\/wp-json\/wp\/v2\/marque?post=6685"}],"curies":[{"name":"wp","href":"https:\/\/api.w.org\/{rel}","templated":true}]}}