{"id":6628,"date":"2024-04-11T16:55:05","date_gmt":"2024-04-11T14:55:05","guid":{"rendered":"https:\/\/softymed.ch\/?post_type=product&#038;p=6628"},"modified":"2025-08-12T00:53:30","modified_gmt":"2025-08-11T22:53:30","slug":"batteria-chek-instant-set","status":"publish","type":"product","link":"https:\/\/softymed.ch\/it\/boutique\/appareils-equipements\/accu-chek-instant-set\/","title":{"rendered":"Set istantaneo Accu-Chek"},"content":{"rendered":"<p>Le nouveau lecteur de glyc\u00e9mie Accu-Chek\u00ae Instant aide les patients qui souhaitent une mesure facile et une aide \u00e0 l\u2019interpr\u00e9tation des valeurs. Le grand \u00e9cran \u00e9clair\u00e9 facilite la lecture, l\u2019\u00e9chelle de couleurs intuitive facilite la compr\u00e9hension des lectures et la large zone d\u2019application des bandelettes de test simplifie l\u2019application du sang.<\/p>\n<p><strong>Caratteristiche<\/strong><br \/>\n-Facile \u00e0 lire sur le grand \u00e9cran \u00e9clair\u00e9<br \/>\n-Facile \u00e0 comprendre gr\u00e2ce \u00e0 l\u2019\u00e9chelle de couleurs intuitive<br \/>\n-Facile \u00e0 appliquer le sang sur la zone d\u2019application de sang extra large<br \/>\n-\u00c9limination facile et hygi\u00e9nique des bandelettes de test gr\u00e2ce au bouton d\u2019\u00e9jection<br \/>\n-Tempo di misurazione: &lt; 4 secondi<br \/>\n-M\u00e9moire pour 720 lectures de glyc\u00e9mie avec heure et date des mesures<\/p>","protected":false},"excerpt":{"rendered":"<p>Misuratore di glicemia da mmol\/l con 10 test inclusi<\/p>","protected":false},"featured_media":6629,"template":"","meta":{"_acf_changed":false,"_seopress_robots_primary_cat":"none","_seopress_titles_title":"","_seopress_titles_desc":"","_seopress_robots_index":""},"product_brand":[],"product_cat":[163,68],"product_tag":[],"categorie_principale":[165,31,27,28,29],"marque":[205],"class_list":{"0":"post-6628","1":"product","2":"type-product","3":"status-publish","4":"has-post-thumbnail","6":"product_cat-appareils-equipements","7":"product_cat-test-rapide","8":"categorie_principale-autre","9":"categorie_principale-gynecologie","10":"categorie_principale-laboratoire","11":"categorie_principale-medecine-generale","12":"categorie_principale-permanence-hopital","13":"marque-roche-diagnostics-gmbh","15":"first","16":"instock","17":"taxable","18":"shipping-taxable","19":"purchasable","20":"product-type-simple"},"supplier_id":null,"supplier_sku":"","atum_controlled":true,"out_stock_date":null,"out_stock_threshold":null,"inheritable":false,"inbound_stock":null,"stock_on_hold":0,"sold_today":0,"sales_last_days":0,"reserved_stock":null,"customer_returns":null,"warehouse_damage":null,"lost_in_post":null,"other_logs":null,"out_stock_days":0,"lost_sales":0,"has_location":true,"update_date":"2026-04-09T00:03:24","atum_locations":[{"id":373,"name":"Officine","slug":"officine"}],"atum_stock_status":"instock","restock_status":false,"low_stock_amount":"","sales_update_date":"2026-04-09T00:03:24","calc_backorders":null,"acf":[],"_links":{"self":[{"href":"https:\/\/softymed.ch\/it\/wp-json\/wp\/v2\/product\/6628","targetHints":{"allow":["GET"]}}],"collection":[{"href":"https:\/\/softymed.ch\/it\/wp-json\/wp\/v2\/product"}],"about":[{"href":"https:\/\/softymed.ch\/it\/wp-json\/wp\/v2\/types\/product"}],"wp:featuredmedia":[{"embeddable":true,"href":"https:\/\/softymed.ch\/it\/wp-json\/wp\/v2\/media\/6629"}],"wp:attachment":[{"href":"https:\/\/softymed.ch\/it\/wp-json\/wp\/v2\/media?parent=6628"}],"wp:term":[{"taxonomy":"product_brand","embeddable":true,"href":"https:\/\/softymed.ch\/it\/wp-json\/wp\/v2\/product_brand?post=6628"},{"taxonomy":"product_cat","embeddable":true,"href":"https:\/\/softymed.ch\/it\/wp-json\/wp\/v2\/product_cat?post=6628"},{"taxonomy":"product_tag","embeddable":true,"href":"https:\/\/softymed.ch\/it\/wp-json\/wp\/v2\/product_tag?post=6628"},{"taxonomy":"categorie_principale","embeddable":true,"href":"https:\/\/softymed.ch\/it\/wp-json\/wp\/v2\/categorie_principale?post=6628"},{"taxonomy":"marque","embeddable":true,"href":"https:\/\/softymed.ch\/it\/wp-json\/wp\/v2\/marque?post=6628"}],"curies":[{"name":"wp","href":"https:\/\/api.w.org\/{rel}","templated":true}]}}