{"id":6604,"date":"2024-04-11T16:25:38","date_gmt":"2024-04-11T14:25:38","guid":{"rendered":"https:\/\/softymed.ch\/?post_type=product&#038;p=6604"},"modified":"2026-03-27T16:16:51","modified_gmt":"2026-03-27T15:16:51","slug":"vicryl-plus","status":"publish","type":"product","link":"https:\/\/softymed.ch\/it\/boutique\/petite-chirurgie-suture\/vicryl-plus\/","title":{"rendered":"Vicryl\u2122 Plus"},"content":{"rendered":"<p>Vicryl\u2122 Plus d&rsquo;Ethicon est un fil de suture st\u00e9ril indiqu\u00e9 pour une utilisation g\u00e9n\u00e9rale dans le rapprochement et\/ou la ligature des tissus mous, y compris dans les proc\u00e9dures ophtalmiques, pour la r\u00e9paration des nerfs p\u00e9riph\u00e9riques et la microchirurgie des vaisseaux de &lt; 2 mm de diam\u00e8tre. De plus, il peut \u00eatre utilis\u00e9 par exemple en chirurgie g\u00e9n\u00e9rale, en chirurgie gastro-intestinale, en gyn\u00e9cologie, en urologie et en orthop\u00e9die.<\/p>\n<p><strong>Caratteristiche<\/strong><br \/>\n-Poliglottina 910<br \/>\n-R\u00e9sorbable<br \/>\n-Polyfil (jusqu&rsquo;\u00e0 USP 9-0)<br \/>\n-Synth\u00e9tique<br \/>\n-Colore del filo: viola<\/p>","protected":false},"excerpt":{"rendered":"<p>Sutura chirurgica assorbibile<\/p>","protected":false},"featured_media":6615,"template":"","meta":{"_acf_changed":false,"_seopress_robots_primary_cat":"none","_seopress_titles_title":"","_seopress_titles_desc":"","_seopress_robots_index":""},"product_brand":[],"product_cat":[134],"product_tag":[],"categorie_principale":[165,31,28,29],"marque":[314],"class_list":{"0":"post-6604","1":"product","2":"type-product","3":"status-publish","4":"has-post-thumbnail","6":"product_cat-petite-chirurgie-suture","7":"categorie_principale-autre","8":"categorie_principale-gynecologie","9":"categorie_principale-medecine-generale","10":"categorie_principale-permanence-hopital","11":"marque-johnson-johnson","13":"first","14":"instock","15":"taxable","16":"shipping-taxable","17":"purchasable","18":"product-type-variable"},"supplier_id":null,"supplier_sku":"","atum_controlled":true,"out_stock_date":"2024-04-11 12:38:11","out_stock_threshold":null,"inheritable":true,"inbound_stock":null,"stock_on_hold":0,"sold_today":0,"sales_last_days":0,"reserved_stock":null,"customer_returns":null,"warehouse_damage":null,"lost_in_post":null,"other_logs":null,"out_stock_days":727,"lost_sales":0,"has_location":true,"update_date":"2026-04-09T00:03:52","atum_locations":[{"id":373,"name":"Officine","slug":"officine"}],"atum_stock_status":"instock","restock_status":false,"low_stock_amount":"","sales_update_date":"2026-04-09T00:03:52","calc_backorders":null,"acf":[],"_links":{"self":[{"href":"https:\/\/softymed.ch\/it\/wp-json\/wp\/v2\/product\/6604","targetHints":{"allow":["GET"]}}],"collection":[{"href":"https:\/\/softymed.ch\/it\/wp-json\/wp\/v2\/product"}],"about":[{"href":"https:\/\/softymed.ch\/it\/wp-json\/wp\/v2\/types\/product"}],"wp:featuredmedia":[{"embeddable":true,"href":"https:\/\/softymed.ch\/it\/wp-json\/wp\/v2\/media\/6615"}],"wp:attachment":[{"href":"https:\/\/softymed.ch\/it\/wp-json\/wp\/v2\/media?parent=6604"}],"wp:term":[{"taxonomy":"product_brand","embeddable":true,"href":"https:\/\/softymed.ch\/it\/wp-json\/wp\/v2\/product_brand?post=6604"},{"taxonomy":"product_cat","embeddable":true,"href":"https:\/\/softymed.ch\/it\/wp-json\/wp\/v2\/product_cat?post=6604"},{"taxonomy":"product_tag","embeddable":true,"href":"https:\/\/softymed.ch\/it\/wp-json\/wp\/v2\/product_tag?post=6604"},{"taxonomy":"categorie_principale","embeddable":true,"href":"https:\/\/softymed.ch\/it\/wp-json\/wp\/v2\/categorie_principale?post=6604"},{"taxonomy":"marque","embeddable":true,"href":"https:\/\/softymed.ch\/it\/wp-json\/wp\/v2\/marque?post=6604"}],"curies":[{"name":"wp","href":"https:\/\/api.w.org\/{rel}","templated":true}]}}