{"id":6141,"date":"2024-03-18T12:42:31","date_gmt":"2024-03-18T11:42:31","guid":{"rendered":"https:\/\/softymed.ch\/?post_type=product&#038;p=6141"},"modified":"2025-08-29T14:50:41","modified_gmt":"2025-08-29T12:50:41","slug":"termometro-senza-contatto-thermoflash","status":"publish","type":"product","link":"https:\/\/softymed.ch\/it\/boutique\/auscultation-diagnostic\/thermometre-sans-contact-thermoflash\/","title":{"rendered":"Termometro senza contatto ThermoFlash"},"content":{"rendered":"<p>Le ThermoFlash\u00ae permet de surveiller la temp\u00e9rature en moins d\u2019une seconde. Il mesure l\u2019\u00e9nergie infrarouge \u00e9mise par le corps. La mesure se prend sur l\u2019art\u00e8re temporale droite qui est la zone la mieux vascularis\u00e9e ce qui permet d\u2019obtenir le r\u00e9sultat le plus proche de la temp\u00e9rature centrale du corps humain.<\/p>\n<p>Rapide et fiable, le thermom\u00e8tre ThermoFlash\u00ae dispose de prise de mesure multiple. En effet, il prend tout aussi bien la temp\u00e9rature d\u2019un objet, du bain, d\u2019une pi\u00e8ce, que celle du corps.<\/p>\n<p><strong>Caratteristiche<\/strong><br \/>\n-Prise de mesure rapide (moins d\u2019une seconde)<br \/>\n-Multiple prise de mesure (objet, liquide, corporelle, temp\u00e9rature ambiante)<br \/>\n-M\u00e9morisation de 32 mesures<br \/>\n-\u00c9cran r\u00e9tro\u00e9clair\u00e9 pour une meilleure visibilit\u00e9<\/p>","protected":false},"excerpt":{"rendered":"<p>Le ThermoFlash\u00ae permet de surveiller la temp\u00e9rature en moins d\u2019une seconde. Il mesure l\u2019\u00e9nergie infrarouge \u00e9mise par le corps. La mesure se prend sur l\u2019art\u00e8re temporale droite qui est la zone la mieux vascularis\u00e9e ce qui permet d\u2019obtenir le r\u00e9sultat le plus proche de la temp\u00e9rature centrale du corps humain. Rapide et fiable, le thermom\u00e8tre [&hellip;]<\/p>\n","protected":false},"featured_media":6142,"template":"","meta":{"_acf_changed":false,"_seopress_robots_primary_cat":"none","_seopress_titles_title":"","_seopress_titles_desc":"","_seopress_robots_index":""},"product_brand":[],"product_cat":[122],"product_tag":[],"categorie_principale":[32,31,28,29],"marque":[291],"class_list":{"0":"post-6141","1":"product","2":"type-product","3":"status-publish","4":"has-post-thumbnail","6":"product_cat-auscultation-diagnostic","7":"categorie_principale-cardiologie","8":"categorie_principale-gynecologie","9":"categorie_principale-medecine-generale","10":"categorie_principale-permanence-hopital","11":"marque-biosynex","13":"first","14":"instock","15":"taxable","16":"shipping-taxable","17":"purchasable","18":"product-type-simple"},"supplier_id":null,"supplier_sku":"","atum_controlled":true,"out_stock_date":null,"out_stock_threshold":null,"inheritable":false,"inbound_stock":null,"stock_on_hold":0,"sold_today":0,"sales_last_days":0,"reserved_stock":null,"customer_returns":null,"warehouse_damage":null,"lost_in_post":null,"other_logs":null,"out_stock_days":0,"lost_sales":0,"has_location":true,"update_date":"2026-04-09T00:03:23","atum_locations":[{"id":219,"name":"Cubo giallo","slug":"yellow-cube"}],"atum_stock_status":"instock","restock_status":false,"low_stock_amount":"","sales_update_date":"2026-04-09T00:03:23","calc_backorders":null,"acf":[],"_links":{"self":[{"href":"https:\/\/softymed.ch\/it\/wp-json\/wp\/v2\/product\/6141","targetHints":{"allow":["GET"]}}],"collection":[{"href":"https:\/\/softymed.ch\/it\/wp-json\/wp\/v2\/product"}],"about":[{"href":"https:\/\/softymed.ch\/it\/wp-json\/wp\/v2\/types\/product"}],"wp:featuredmedia":[{"embeddable":true,"href":"https:\/\/softymed.ch\/it\/wp-json\/wp\/v2\/media\/6142"}],"wp:attachment":[{"href":"https:\/\/softymed.ch\/it\/wp-json\/wp\/v2\/media?parent=6141"}],"wp:term":[{"taxonomy":"product_brand","embeddable":true,"href":"https:\/\/softymed.ch\/it\/wp-json\/wp\/v2\/product_brand?post=6141"},{"taxonomy":"product_cat","embeddable":true,"href":"https:\/\/softymed.ch\/it\/wp-json\/wp\/v2\/product_cat?post=6141"},{"taxonomy":"product_tag","embeddable":true,"href":"https:\/\/softymed.ch\/it\/wp-json\/wp\/v2\/product_tag?post=6141"},{"taxonomy":"categorie_principale","embeddable":true,"href":"https:\/\/softymed.ch\/it\/wp-json\/wp\/v2\/categorie_principale?post=6141"},{"taxonomy":"marque","embeddable":true,"href":"https:\/\/softymed.ch\/it\/wp-json\/wp\/v2\/marque?post=6141"}],"curies":[{"name":"wp","href":"https:\/\/api.w.org\/{rel}","templated":true}]}}