{"id":6061,"date":"2024-03-14T16:20:52","date_gmt":"2024-03-14T15:20:52","guid":{"rendered":"https:\/\/softymed.ch\/?post_type=product&#038;p=6061"},"modified":"2026-01-06T16:50:53","modified_gmt":"2026-01-06T15:50:53","slug":"nebulizzatore-a-compressione","status":"publish","type":"product","link":"https:\/\/softymed.ch\/it\/boutique\/appareils-equipements\/nebuliseur-a-compression\/","title":{"rendered":"Nebulizzatore a compressione NEB 200"},"content":{"rendered":"<p><strong>Caratteristiche<\/strong><br \/>\n-Traitement efficace des voies respiratoires sup\u00e9rieures et inf\u00e9rieures<br \/>\n-Traitement rapide: n\u00e9buliseur ultra-rapide pour des s\u00e9ances d&rsquo;inhalation courtes<br \/>\n-Pulsante singolo<br \/>\n-Livr\u00e9 avec un masque pour adulte et pour enfant, un embout buccal, un masque nasal, 5 filtres \u00e0 air de rechange et une housse de transport<br \/>\n-S\u00fbr et hygi\u00e9niques, les accessoires sont lavables et d\u00e9sinfect\u00e9s<br \/>\n-Compatible avec toutes les solutions d&rsquo;inhalation les plus fr\u00e9quentes<br \/>\n-Vitesse de n\u00e9bulisation: 0.40 ml\/min<br \/>\n-Dimensione delle particelle: 3,1um ( MMAD)<br \/>\n-Ciclo di funzionamento: 30 min ON\/ 30 min OFF<br \/>\n-Peso: 1306 g<br \/>\n-Valid\u00e9 cliniquement<br \/>\n-Soumis aux normes internationales et \u00e0 la r\u00e9glementation en vigueur<br \/>\n-103 x 160 x 140 mm<br \/>\n-Prodotto garantito per 5 anni<\/p>","protected":false},"excerpt":{"rendered":"<p>Compatibile con tutte le soluzioni inalatorie pi\u00f9 comuni<\/p>","protected":false},"featured_media":14911,"template":"","meta":{"_acf_changed":false,"_seopress_robots_primary_cat":"none","_seopress_titles_title":"","_seopress_titles_desc":"","_seopress_robots_index":""},"product_brand":[],"product_cat":[163],"product_tag":[],"categorie_principale":[28,29],"marque":[286],"class_list":{"0":"post-6061","1":"product","2":"type-product","3":"status-publish","4":"has-post-thumbnail","6":"product_cat-appareils-equipements","7":"categorie_principale-medecine-generale","8":"categorie_principale-permanence-hopital","9":"marque-microlife","11":"first","12":"instock","13":"taxable","14":"shipping-taxable","15":"purchasable","16":"product-type-simple"},"supplier_id":null,"supplier_sku":"","atum_controlled":true,"out_stock_date":null,"out_stock_threshold":null,"inheritable":false,"inbound_stock":null,"stock_on_hold":0,"sold_today":0,"sales_last_days":0,"reserved_stock":null,"customer_returns":null,"warehouse_damage":null,"lost_in_post":null,"other_logs":null,"out_stock_days":0,"lost_sales":0,"has_location":true,"update_date":"2026-04-08T00:03:22","atum_locations":[{"id":373,"name":"Officine","slug":"officine"}],"atum_stock_status":"instock","restock_status":false,"low_stock_amount":"","sales_update_date":"2026-04-08T00:03:22","calc_backorders":null,"acf":[],"_links":{"self":[{"href":"https:\/\/softymed.ch\/it\/wp-json\/wp\/v2\/product\/6061","targetHints":{"allow":["GET"]}}],"collection":[{"href":"https:\/\/softymed.ch\/it\/wp-json\/wp\/v2\/product"}],"about":[{"href":"https:\/\/softymed.ch\/it\/wp-json\/wp\/v2\/types\/product"}],"wp:featuredmedia":[{"embeddable":true,"href":"https:\/\/softymed.ch\/it\/wp-json\/wp\/v2\/media\/14911"}],"wp:attachment":[{"href":"https:\/\/softymed.ch\/it\/wp-json\/wp\/v2\/media?parent=6061"}],"wp:term":[{"taxonomy":"product_brand","embeddable":true,"href":"https:\/\/softymed.ch\/it\/wp-json\/wp\/v2\/product_brand?post=6061"},{"taxonomy":"product_cat","embeddable":true,"href":"https:\/\/softymed.ch\/it\/wp-json\/wp\/v2\/product_cat?post=6061"},{"taxonomy":"product_tag","embeddable":true,"href":"https:\/\/softymed.ch\/it\/wp-json\/wp\/v2\/product_tag?post=6061"},{"taxonomy":"categorie_principale","embeddable":true,"href":"https:\/\/softymed.ch\/it\/wp-json\/wp\/v2\/categorie_principale?post=6061"},{"taxonomy":"marque","embeddable":true,"href":"https:\/\/softymed.ch\/it\/wp-json\/wp\/v2\/marque?post=6061"}],"curies":[{"name":"wp","href":"https:\/\/api.w.org\/{rel}","templated":true}]}}