{"id":5782,"date":"2024-03-04T10:27:06","date_gmt":"2024-03-04T09:27:06","guid":{"rendered":"https:\/\/softymed.ch\/?post_type=product&#038;p=5782"},"modified":"2026-03-31T19:50:56","modified_gmt":"2026-03-31T17:50:56","slug":"compoflex-1v","status":"publish","type":"product","link":"https:\/\/softymed.ch\/it\/boutique\/prelevements\/compoflex-1v\/","title":{"rendered":"Compoflex\u00ae 1V"},"content":{"rendered":"<p>COMPOFLEX 1V Poche s\u00e8che 600 PD-V<\/p>\n<p><strong>Indicazione<\/strong><br \/>\nDispositif M\u00e9dical \u00e0 usage Unique (DMU) destin\u00e9 au pr\u00e9l\u00e8vement de sang total.<\/p>\n<p><strong>Caratteristiche<\/strong><br \/>\n-Poche simple avec aiguille et syst\u00e8me d\u2019\u00e9chantillonnage.<br \/>\n-Volume de pr\u00e9l\u00e8vement : jusqu\u2019\u00e0 600m<br \/>\n-Tare<br \/>\n-DMU in confezione unitaria: 55g<br \/>\n-DMU senza confezione: 47,6g<br \/>\n-Unit\u00e0 di confezionamento: 7,6 g<br \/>\n-Borsa con tubo da 2 cm: 28 g<br \/>\n-1m di tubo: 8,3g\/m<br \/>\n-(tares \u00b15% apr\u00e8s st\u00e9rilisation)<\/p>\n<p><strong>Imballaggio primario<\/strong><br \/>\n\u2022 Ligne de pr\u00e9l\u00e8vement<br \/>\n-Aiguille RT Needle Plus 16G avec protecteur d\u2019aiguille usag\u00e9e int\u00e9gr\u00e9<br \/>\n-Ligne d\u2019\u00e9chantillonnage: Guide tube avec capuchon solidaire et obturateur s\u00e9cable<br \/>\n&#8211; Ligne donneur: Clamp blanc r\u00e9versible<br \/>\n\u2022 Poche: 600 mL<br \/>\n\u2022 \u00c9tiquettes<br \/>\n-\u00c9tiquettes PVC coll\u00e9es avec pictogrammes et code barre ISBT128B<br \/>\n\u2022 Mat\u00e9riaux et solutions<br \/>\n-Tasca: PVC-DEHP<br \/>\n-St\u00e9rilisation<br \/>\n-Vapore<\/p>\n<p><strong>Imballaggio secondario<\/strong><br \/>\n-Emballage unitaire: sachet st\u00e9rile<\/p>","protected":false},"excerpt":{"rendered":"<p>Sacchetto asciutto per il prelievo di sangue intero<\/p>","protected":false},"featured_media":5783,"template":"","meta":{"_acf_changed":false,"_seopress_robots_primary_cat":"136","_seopress_titles_title":"","_seopress_titles_desc":"","_seopress_robots_index":""},"product_brand":[],"product_cat":[372,137,136],"product_tag":[],"categorie_principale":[28,29],"marque":[284],"class_list":{"0":"post-5782","1":"product","2":"type-product","3":"status-publish","4":"has-post-thumbnail","6":"product_cat-medicusana","7":"product_cat-prelevement-veineux","8":"product_cat-prelevements","9":"categorie_principale-medecine-generale","10":"categorie_principale-permanence-hopital","11":"marque-fresenius-kabi","13":"first","14":"instock","15":"taxable","16":"shipping-taxable","17":"purchasable","18":"product-type-simple"},"supplier_id":null,"supplier_sku":"","atum_controlled":true,"out_stock_date":null,"out_stock_threshold":null,"inheritable":false,"inbound_stock":null,"stock_on_hold":0,"sold_today":0,"sales_last_days":0,"reserved_stock":null,"customer_returns":null,"warehouse_damage":null,"lost_in_post":null,"other_logs":null,"out_stock_days":0,"lost_sales":0,"has_location":true,"update_date":"2026-04-09T00:04:00","atum_locations":[{"id":373,"name":"Officine","slug":"officine"}],"atum_stock_status":"instock","restock_status":false,"low_stock_amount":"","sales_update_date":"2026-04-09T00:04:00","calc_backorders":null,"acf":[],"_links":{"self":[{"href":"https:\/\/softymed.ch\/it\/wp-json\/wp\/v2\/product\/5782","targetHints":{"allow":["GET"]}}],"collection":[{"href":"https:\/\/softymed.ch\/it\/wp-json\/wp\/v2\/product"}],"about":[{"href":"https:\/\/softymed.ch\/it\/wp-json\/wp\/v2\/types\/product"}],"wp:featuredmedia":[{"embeddable":true,"href":"https:\/\/softymed.ch\/it\/wp-json\/wp\/v2\/media\/5783"}],"wp:attachment":[{"href":"https:\/\/softymed.ch\/it\/wp-json\/wp\/v2\/media?parent=5782"}],"wp:term":[{"taxonomy":"product_brand","embeddable":true,"href":"https:\/\/softymed.ch\/it\/wp-json\/wp\/v2\/product_brand?post=5782"},{"taxonomy":"product_cat","embeddable":true,"href":"https:\/\/softymed.ch\/it\/wp-json\/wp\/v2\/product_cat?post=5782"},{"taxonomy":"product_tag","embeddable":true,"href":"https:\/\/softymed.ch\/it\/wp-json\/wp\/v2\/product_tag?post=5782"},{"taxonomy":"categorie_principale","embeddable":true,"href":"https:\/\/softymed.ch\/it\/wp-json\/wp\/v2\/categorie_principale?post=5782"},{"taxonomy":"marque","embeddable":true,"href":"https:\/\/softymed.ch\/it\/wp-json\/wp\/v2\/marque?post=5782"}],"curies":[{"name":"wp","href":"https:\/\/api.w.org\/{rel}","templated":true}]}}