{"id":5767,"date":"2024-02-29T18:56:51","date_gmt":"2024-02-29T17:56:51","guid":{"rendered":"https:\/\/softymed.ch\/?post_type=product&#038;p=5767"},"modified":"2025-05-22T08:10:13","modified_gmt":"2025-05-22T06:10:13","slug":"staffa-a-parete","status":"publish","type":"product","link":"https:\/\/softymed.ch\/it\/boutique\/appareils-equipements\/echographie-ecg-electrodes\/support-mural\/","title":{"rendered":"Staffa a parete"},"content":{"rendered":"<p>Support de dispositif m\u00e9dical appliqu\u00e9 \u00e0 la salle d&rsquo;op\u00e9ration d&rsquo;h\u00f4pital, au chevet d&rsquo;h\u00f4pital, au service de soins intensifs et \u00e0 la surveillance familiale, etc.<\/p>\n<p><strong>Caratteristiche<\/strong><br \/>\n-Mat\u00e9riaux en alliage d&rsquo;aluminium, d&rsquo;apparence \u00e9l\u00e9gante et tendance<br \/>\n-Montage au mur, \u00e9conomise de l&rsquo;espace<br \/>\n-Rotation horizontale :\u2264270\u00b0<br \/>\n-Angle d&rsquo;\u00e9l\u00e9vation vertical :\u226415\u00b0<br \/>\n-Hauteur r\u00e9glable<br \/>\n-L&rsquo;ensemble du panier de rangement tr\u00e8s pratique peut \u00eatre ajout\u00e9<br \/>\n-Carico massimo: 10 kg<br \/>\n-Peso del prodotto: 2 kg<\/p>","protected":false},"excerpt":{"rendered":"<p>Per il monitor paziente CONTEC CMS9000<\/p>","protected":false},"featured_media":5743,"template":"","meta":{"_acf_changed":false,"_seopress_robots_primary_cat":"none","_seopress_titles_title":"","_seopress_titles_desc":"","_seopress_robots_index":""},"product_brand":[],"product_cat":[163,122,164],"product_tag":[],"categorie_principale":[32,28,29],"marque":[222],"class_list":{"0":"post-5767","1":"product","2":"type-product","3":"status-publish","4":"has-post-thumbnail","6":"product_cat-appareils-equipements","7":"product_cat-auscultation-diagnostic","8":"product_cat-echographie-ecg-electrodes","9":"categorie_principale-cardiologie","10":"categorie_principale-medecine-generale","11":"categorie_principale-permanence-hopital","12":"marque-contec-medical-systems","14":"first","15":"instock","16":"taxable","17":"shipping-taxable","18":"purchasable","19":"product-type-simple"},"supplier_id":null,"supplier_sku":"","atum_controlled":true,"out_stock_date":null,"out_stock_threshold":null,"inheritable":false,"inbound_stock":null,"stock_on_hold":0,"sold_today":0,"sales_last_days":0,"reserved_stock":null,"customer_returns":null,"warehouse_damage":null,"lost_in_post":null,"other_logs":null,"out_stock_days":0,"lost_sales":0,"has_location":true,"update_date":"2026-04-08T00:03:21","atum_locations":[{"id":219,"name":"Cubo giallo","slug":"yellow-cube"}],"atum_stock_status":"instock","restock_status":false,"low_stock_amount":"","sales_update_date":"2026-04-08T00:03:21","calc_backorders":null,"acf":[],"_links":{"self":[{"href":"https:\/\/softymed.ch\/it\/wp-json\/wp\/v2\/product\/5767","targetHints":{"allow":["GET"]}}],"collection":[{"href":"https:\/\/softymed.ch\/it\/wp-json\/wp\/v2\/product"}],"about":[{"href":"https:\/\/softymed.ch\/it\/wp-json\/wp\/v2\/types\/product"}],"wp:featuredmedia":[{"embeddable":true,"href":"https:\/\/softymed.ch\/it\/wp-json\/wp\/v2\/media\/5743"}],"wp:attachment":[{"href":"https:\/\/softymed.ch\/it\/wp-json\/wp\/v2\/media?parent=5767"}],"wp:term":[{"taxonomy":"product_brand","embeddable":true,"href":"https:\/\/softymed.ch\/it\/wp-json\/wp\/v2\/product_brand?post=5767"},{"taxonomy":"product_cat","embeddable":true,"href":"https:\/\/softymed.ch\/it\/wp-json\/wp\/v2\/product_cat?post=5767"},{"taxonomy":"product_tag","embeddable":true,"href":"https:\/\/softymed.ch\/it\/wp-json\/wp\/v2\/product_tag?post=5767"},{"taxonomy":"categorie_principale","embeddable":true,"href":"https:\/\/softymed.ch\/it\/wp-json\/wp\/v2\/categorie_principale?post=5767"},{"taxonomy":"marque","embeddable":true,"href":"https:\/\/softymed.ch\/it\/wp-json\/wp\/v2\/marque?post=5767"}],"curies":[{"name":"wp","href":"https:\/\/api.w.org\/{rel}","templated":true}]}}