{"id":5742,"date":"2024-02-29T18:55:38","date_gmt":"2024-02-29T17:55:38","guid":{"rendered":"https:\/\/softymed.ch\/?post_type=product&#038;p=5742"},"modified":"2025-06-27T12:04:26","modified_gmt":"2025-06-27T10:04:26","slug":"monitor-paziente-contec-cms9000","status":"publish","type":"product","link":"https:\/\/softymed.ch\/it\/boutique\/appareils-equipements\/echographie-ecg-electrodes\/moniteur-patient-contec-cms9000\/","title":{"rendered":"Monitor paziente CONTEC CMS9000"},"content":{"rendered":"<p>Le moniteur patient 12 pouces CMS9000 peut surveiller des param\u00e8tres tels que l&rsquo;ECG, RESP, SpO2, PR, NIBP et TEMP double canal, etc. Il int\u00e8gre en un seul appareil un module de mesure de param\u00e8tres, un affichage et un enregistreur pour former un \u00e9quipement compact et portable. Sa batterie rempla\u00e7able int\u00e9gr\u00e9e facilite le d\u00e9placement du patient.<\/p>\n<p><strong>Fonctionnalit\u00e9s<\/strong><br \/>\n-Param\u00e8tres standard: ECG, RESP, SpO2, PR, NIBP, TEMP double canal<br \/>\n-Fr\u00e9quence cardiaque ECG (FC), forme d&rsquo;onde ECG, analyse des arythmies et du segment ST<br \/>\n-REEE Frequenza respiratoria (RR), curva di respirazione<br \/>\n-Saturation en oxyg\u00e8ne du pouls SpO2 (SpO2), forme d&rsquo;onde du pl\u00e9thysmogramme (PLETH), fr\u00e9quence cardiaque (PR), graphique \u00e0 barres<br \/>\n-NIBP pressione sistolica(SYS), pressione diastolica(DIA), pressione media(MEAN)<br \/>\n-TEMP T1, T2, TD<\/p>\n<p>Il poss\u00e8de de nombreuses fonctions, telles que l&rsquo;alarme sonore et visuelle, le stockage et la sortie des donn\u00e9es de tendance, la mesure NIBP, le marquage des \u00e9v\u00e9nements d&rsquo;alarme et le calcul de la concentration de m\u00e9dicament, etc.<\/p>\n<p><strong>Caratteristiche<\/strong><br \/>\n-LCD couleur TFT 12,1 \u00a0\u00bb, interface en 15 langues (chinois simplifi\u00e9, chinois traditionnel, anglais, fran\u00e7ais, allemand, turc, espagnol, portugais, italien, n\u00e9erlandais, roumain, russe, kazakh, polonais, tch\u00e8que)<br \/>\n-Conception sans ventilateur, silencieuse, \u00e9conome en \u00e9nergie et propre, ce qui r\u00e9duit le risque d&rsquo;infection crois\u00e9e<br \/>\n-Moniteur complet pour adulte, p\u00e9diatrique et nouveau-n\u00e9<br \/>\n-Avec interface standard, OxyCRG, bette \u00e0 carde tendance, interface grand caract\u00e8re et lit de vue, pratique \u00e0 observer<br \/>\n-La forme d&rsquo;onde, la couleur des param\u00e8tres et l&#8217;emplacement peuvent \u00eatre d\u00e9finis en option<br \/>\n-Modalit\u00e0 operativa: tasti e pulsanti<br \/>\n-Affiche jusqu&rsquo;\u00e0 8 canaux de forme d&rsquo;onde sur un seul \u00e9cran<br \/>\n-Affiche la forme d&rsquo;onde ECG \u00e0 7 d\u00e9rivations sur un seul \u00e9cran et avec la fonction d&rsquo;\u00e9tape ECG<br \/>\n-Adopte la technologie SpO2 num\u00e9rique, les interf\u00e9rences lumineuses anti-mouvement et anti-ambiantes, et la mesure peut \u00eatre effectu\u00e9e dans des circonstances de faible remplissage<br \/>\n-Funzione di analisi HRV<br \/>\n-Mode de mesure NIBP: Manuel\/AUTO\/Continu, stockage des donn\u00e9es NIBP de 4&rsquo;800 groupes<br \/>\n-Examen pour 71 \u00e9v\u00e9nements d&rsquo;alarme de tous les param\u00e8tres et 60 \u00e9v\u00e9nements d&rsquo;alarme d&rsquo;arythmie<br \/>\n-Fonctions de calcul de concentration de m\u00e9dicament et de table de titrage<br \/>\n-Imprime les donn\u00e9es du tableau de tendance avec une seule touche<br \/>\n-Connexion au syst\u00e8me de surveillance central par 3G, WiFi ou mode filaire<br \/>\n-AC\/DC, la batterie au lithium rechargeable int\u00e9gr\u00e9e permet une surveillance ininterrompue<br \/>\n-Unit\u00e9 chirurgicale anti-haute fr\u00e9quence, r\u00e9sistante \u00e0 la d\u00e9fibrillation (des c\u00e2bles sp\u00e9ciaux sont n\u00e9cessaires).<br \/>\n-&lt; 3,0 kg<\/p>\n<p><strong>Accessori<\/strong><br \/>\n-Sonda SpO2 da dito per adulti (5 pin)<br \/>\n-Bracciale NIBP per adulti<br \/>\n-Tubo di prolunga per l'RNBP<br \/>\n-C\u00e2ble de plomb ECG<br \/>\n-\u00c9lectrode ECG<br \/>\n-Sonde de temp\u00e9rature<br \/>\n-Cavo di alimentazione<br \/>\n-Manuale d'uso<\/p>\n<p><strong>Altri accessori disponibili su ordinazione presso Softymed<\/strong><br \/>\n-Staffa a parete<br \/>\n-Support \u00e0 roulettes<\/p>","protected":false},"excerpt":{"rendered":"<p>Ambito 12.1 \"<\/p>","protected":false},"featured_media":5755,"template":"","meta":{"_acf_changed":false,"_seopress_robots_primary_cat":"none","_seopress_titles_title":"","_seopress_titles_desc":"","_seopress_robots_index":""},"product_brand":[],"product_cat":[163,122,164],"product_tag":[],"categorie_principale":[32,28,29],"marque":[222],"class_list":{"0":"post-5742","1":"product","2":"type-product","3":"status-publish","4":"has-post-thumbnail","6":"product_cat-appareils-equipements","7":"product_cat-auscultation-diagnostic","8":"product_cat-echographie-ecg-electrodes","9":"categorie_principale-cardiologie","10":"categorie_principale-medecine-generale","11":"categorie_principale-permanence-hopital","12":"marque-contec-medical-systems","14":"first","15":"instock","16":"taxable","17":"shipping-taxable","18":"purchasable","19":"product-type-simple"},"supplier_id":null,"supplier_sku":"","atum_controlled":true,"out_stock_date":null,"out_stock_threshold":null,"inheritable":false,"inbound_stock":null,"stock_on_hold":0,"sold_today":0,"sales_last_days":0,"reserved_stock":null,"customer_returns":null,"warehouse_damage":null,"lost_in_post":null,"other_logs":null,"out_stock_days":0,"lost_sales":0,"has_location":true,"update_date":"2026-04-08T00:03:21","atum_locations":[{"id":373,"name":"Officine","slug":"officine"}],"atum_stock_status":"instock","restock_status":false,"low_stock_amount":"","sales_update_date":"2026-04-08T00:03:21","calc_backorders":null,"acf":[],"_links":{"self":[{"href":"https:\/\/softymed.ch\/it\/wp-json\/wp\/v2\/product\/5742","targetHints":{"allow":["GET"]}}],"collection":[{"href":"https:\/\/softymed.ch\/it\/wp-json\/wp\/v2\/product"}],"about":[{"href":"https:\/\/softymed.ch\/it\/wp-json\/wp\/v2\/types\/product"}],"wp:featuredmedia":[{"embeddable":true,"href":"https:\/\/softymed.ch\/it\/wp-json\/wp\/v2\/media\/5755"}],"wp:attachment":[{"href":"https:\/\/softymed.ch\/it\/wp-json\/wp\/v2\/media?parent=5742"}],"wp:term":[{"taxonomy":"product_brand","embeddable":true,"href":"https:\/\/softymed.ch\/it\/wp-json\/wp\/v2\/product_brand?post=5742"},{"taxonomy":"product_cat","embeddable":true,"href":"https:\/\/softymed.ch\/it\/wp-json\/wp\/v2\/product_cat?post=5742"},{"taxonomy":"product_tag","embeddable":true,"href":"https:\/\/softymed.ch\/it\/wp-json\/wp\/v2\/product_tag?post=5742"},{"taxonomy":"categorie_principale","embeddable":true,"href":"https:\/\/softymed.ch\/it\/wp-json\/wp\/v2\/categorie_principale?post=5742"},{"taxonomy":"marque","embeddable":true,"href":"https:\/\/softymed.ch\/it\/wp-json\/wp\/v2\/marque?post=5742"}],"curies":[{"name":"wp","href":"https:\/\/api.w.org\/{rel}","templated":true}]}}