{"id":4116,"date":"2024-02-05T15:26:36","date_gmt":"2024-02-05T14:26:36","guid":{"rendered":"https:\/\/softymed.ch\/?post_type=product&#038;p=4116"},"modified":"2026-04-08T17:22:08","modified_gmt":"2026-04-08T15:22:08","slug":"bd-vacutainer-safety-lok-safety-wing-unit-verde","status":"publish","type":"product","link":"https:\/\/softymed.ch\/it\/boutique\/prelevements\/aiguille\/unite-a-ailette-de-securite-bd-vacutainer-safety-lok-vert\/","title":{"rendered":"Unit\u00e0 aletta di sicurezza BD Vacutainer\u00ae Safety-Lok\u2122."},"content":{"rendered":"<p>Unit\u00e9s \u00e0 ailettes s\u00e9curit\u00e9 pour le pr\u00e9l\u00e8vement de sang veineux et la perfusion de courte dur\u00e9e (\u22642h) avec technologie s\u00e9curit\u00e9 Safety-Lok\u2122: mise en s\u00e9curit\u00e9 unimanuelle, dans la continuit\u00e9 du geste, d\u00e8s le retrait de la veine.<br \/>\nT\u00e9moins d\u2019activation: visuel et \u201dclic\u201d sonore<br \/>\nMise en s\u00e9curit\u00e9 irr\u00e9versible<br \/>\nUnit\u00e9s \u00e0 pr\u00e9l\u00e8vement avec adaptateur pr\u00e9-mont\u00e9<br \/>\nLunghezza dell'ago: 19 mm<br \/>\n\u00f8 externe aiguille: 8\/10 &#8211; 21G<br \/>\nUgello: 178 mm<br \/>\nIn confezioni blister individuali peel-off<\/p>","protected":false},"excerpt":{"rendered":"<p>Sterile, monouso<\/p>","protected":false},"featured_media":4149,"template":"","meta":{"_acf_changed":false,"_seopress_robots_primary_cat":"none","_seopress_titles_title":"","_seopress_titles_desc":"","_seopress_robots_index":""},"product_brand":[],"product_cat":[144,287,137,136],"product_tag":[347],"categorie_principale":[31,27,28,29],"marque":[172],"class_list":{"0":"post-4116","1":"product","2":"type-product","3":"status-publish","4":"has-post-thumbnail","6":"product_cat-aiguille","7":"product_cat-carte-de-commande","8":"product_cat-prelevement-veineux","9":"product_cat-prelevements","10":"product_tag-best-seller","11":"categorie_principale-gynecologie","12":"categorie_principale-laboratoire","13":"categorie_principale-medecine-generale","14":"categorie_principale-permanence-hopital","15":"marque-becton-dickinson","17":"first","18":"instock","19":"taxable","20":"shipping-taxable","21":"purchasable","22":"product-type-simple"},"supplier_id":null,"supplier_sku":"","atum_controlled":true,"out_stock_date":null,"out_stock_threshold":null,"inheritable":false,"inbound_stock":null,"stock_on_hold":5,"sold_today":0,"sales_last_days":37,"reserved_stock":null,"customer_returns":null,"warehouse_damage":null,"lost_in_post":null,"other_logs":null,"out_stock_days":0,"lost_sales":0,"has_location":true,"update_date":"2026-04-08T15:22:17","atum_locations":[{"id":373,"name":"Officine","slug":"officine"}],"atum_stock_status":"instock","restock_status":false,"low_stock_amount":"","sales_update_date":"2026-04-08T15:22:17","calc_backorders":null,"acf":[],"_links":{"self":[{"href":"https:\/\/softymed.ch\/it\/wp-json\/wp\/v2\/product\/4116","targetHints":{"allow":["GET"]}}],"collection":[{"href":"https:\/\/softymed.ch\/it\/wp-json\/wp\/v2\/product"}],"about":[{"href":"https:\/\/softymed.ch\/it\/wp-json\/wp\/v2\/types\/product"}],"wp:featuredmedia":[{"embeddable":true,"href":"https:\/\/softymed.ch\/it\/wp-json\/wp\/v2\/media\/4149"}],"wp:attachment":[{"href":"https:\/\/softymed.ch\/it\/wp-json\/wp\/v2\/media?parent=4116"}],"wp:term":[{"taxonomy":"product_brand","embeddable":true,"href":"https:\/\/softymed.ch\/it\/wp-json\/wp\/v2\/product_brand?post=4116"},{"taxonomy":"product_cat","embeddable":true,"href":"https:\/\/softymed.ch\/it\/wp-json\/wp\/v2\/product_cat?post=4116"},{"taxonomy":"product_tag","embeddable":true,"href":"https:\/\/softymed.ch\/it\/wp-json\/wp\/v2\/product_tag?post=4116"},{"taxonomy":"categorie_principale","embeddable":true,"href":"https:\/\/softymed.ch\/it\/wp-json\/wp\/v2\/categorie_principale?post=4116"},{"taxonomy":"marque","embeddable":true,"href":"https:\/\/softymed.ch\/it\/wp-json\/wp\/v2\/marque?post=4116"}],"curies":[{"name":"wp","href":"https:\/\/api.w.org\/{rel}","templated":true}]}}