{"id":4077,"date":"2024-02-05T12:39:01","date_gmt":"2024-02-05T11:39:01","guid":{"rendered":"https:\/\/softymed.ch\/?post_type=product&#038;p=4077"},"modified":"2026-04-01T13:10:45","modified_gmt":"2026-04-01T11:10:45","slug":"lame-non-scongelate","status":"publish","type":"product","link":"https:\/\/softymed.ch\/it\/boutique\/chimie-hematologie\/lames-non-givrees\/","title":{"rendered":"Vetrini"},"content":{"rendered":"<p><strong>Applicazione<\/strong><br \/>\n-H\u00e9matologie (r\u00e9alisation de frottis)<br \/>\n-Citologia<br \/>\n-Microbiologia<br \/>\n-Istologia<br \/>\n-Applicazione di routine, tecniche manuali<\/p>\n<p><strong>Caratteristiche<\/strong><br \/>\n-Lunghezza lama: 76,0 +0,0\/-1,0 mm<br \/>\n-Larghezza lama: 26,0 +0,0\/-1,0 mm<br \/>\n-\u00c9paisseur de la lame: 1.1 +\/-0.1 mm<\/p>\n<p><strong>Autres caract\u00e9ristiques<\/strong><br \/>\n-Lames lav\u00e9es, d\u00e9graiss\u00e9es, pr\u00eates \u00e0 l\u2019emploi<br \/>\n-Qualit\u00e9 du verre: Verre sodocalcique<\/p>","protected":false},"excerpt":{"rendered":"<p>Bordi tagliati, senza estremit\u00e0 smerigliate<\/p>","protected":false},"featured_media":4076,"template":"","meta":{"_acf_changed":false,"_seopress_robots_primary_cat":"none","_seopress_titles_title":"","_seopress_titles_desc":"","_seopress_robots_index":""},"product_brand":[],"product_cat":[123,288,131,132],"product_tag":[],"categorie_principale":[165,31,27],"marque":[223],"class_list":{"0":"post-4077","1":"product","2":"type-product","3":"status-publish","4":"has-post-thumbnail","6":"product_cat-chimie-hematologie","7":"product_cat-liste-additionnelle","8":"product_cat-microbiologie","9":"product_cat-microscopie","10":"categorie_principale-autre","11":"categorie_principale-gynecologie","12":"categorie_principale-laboratoire","13":"marque-mediware","15":"first","16":"instock","17":"taxable","18":"shipping-taxable","19":"purchasable","20":"product-type-simple"},"supplier_id":null,"supplier_sku":"","atum_controlled":true,"out_stock_date":null,"out_stock_threshold":null,"inheritable":false,"inbound_stock":null,"stock_on_hold":0,"sold_today":0,"sales_last_days":2,"reserved_stock":null,"customer_returns":null,"warehouse_damage":null,"lost_in_post":null,"other_logs":null,"out_stock_days":0,"lost_sales":0,"has_location":true,"update_date":"2026-04-08T00:03:59","atum_locations":[{"id":219,"name":"Cubo giallo","slug":"yellow-cube"}],"atum_stock_status":"instock","restock_status":false,"low_stock_amount":"","sales_update_date":"2026-04-08T00:03:59","calc_backorders":null,"acf":[],"_links":{"self":[{"href":"https:\/\/softymed.ch\/it\/wp-json\/wp\/v2\/product\/4077","targetHints":{"allow":["GET"]}}],"collection":[{"href":"https:\/\/softymed.ch\/it\/wp-json\/wp\/v2\/product"}],"about":[{"href":"https:\/\/softymed.ch\/it\/wp-json\/wp\/v2\/types\/product"}],"wp:featuredmedia":[{"embeddable":true,"href":"https:\/\/softymed.ch\/it\/wp-json\/wp\/v2\/media\/4076"}],"wp:attachment":[{"href":"https:\/\/softymed.ch\/it\/wp-json\/wp\/v2\/media?parent=4077"}],"wp:term":[{"taxonomy":"product_brand","embeddable":true,"href":"https:\/\/softymed.ch\/it\/wp-json\/wp\/v2\/product_brand?post=4077"},{"taxonomy":"product_cat","embeddable":true,"href":"https:\/\/softymed.ch\/it\/wp-json\/wp\/v2\/product_cat?post=4077"},{"taxonomy":"product_tag","embeddable":true,"href":"https:\/\/softymed.ch\/it\/wp-json\/wp\/v2\/product_tag?post=4077"},{"taxonomy":"categorie_principale","embeddable":true,"href":"https:\/\/softymed.ch\/it\/wp-json\/wp\/v2\/categorie_principale?post=4077"},{"taxonomy":"marque","embeddable":true,"href":"https:\/\/softymed.ch\/it\/wp-json\/wp\/v2\/marque?post=4077"}],"curies":[{"name":"wp","href":"https:\/\/api.w.org\/{rel}","templated":true}]}}