{"id":3957,"date":"2024-01-25T16:16:47","date_gmt":"2024-01-25T15:16:47","guid":{"rendered":"https:\/\/softymed.ch\/?post_type=product&#038;p=3957"},"modified":"2026-03-20T11:00:45","modified_gmt":"2026-03-20T10:00:45","slug":"silistab-malleo","status":"publish","type":"product","link":"https:\/\/softymed.ch\/it\/boutique\/attelles-platres\/cheville-pied\/silistab-malleo\/","title":{"rendered":"Silistab\u00ae Malleo"},"content":{"rendered":"<p><strong>Indicazioni<\/strong><br \/>\n-Entorse l\u00e9g\u00e8re de la cheville (phase aig\u00fce)<br \/>\n-Douleur et\/ou oed\u00e8me r\u00e9siduel post op\u00e9ratoire, post traumatique<br \/>\n-Instabilit\u00e9 articulaire\/laxit\u00e9<br \/>\n-Soutien proprioceptif \u00e0 la r\u00e9\u00e9ducation<br \/>\n-Reprise d\u2019activit\u00e9s sportives<br \/>\n-Compression pour cicatrisation plaies\/br\u00fblures<\/p>\n<p><strong>Paziente target<\/strong><br \/>\nPatient avec niveau d\u2019activit\u00e9 mod\u00e9r\u00e9<\/p>\n<p><strong>Caratteristiche<\/strong><br \/>\n-Effet proprioceptif: tricot \u00e9lastique de compression classe 3 (20 -36mmHg\/27,1 48 hPa)<br \/>\n-Comodit\u00e0: maglia anatomica<br \/>\n-Protection des mall\u00e9oles et du cou de pied: insert en silicone<br \/>\n-Mod\u00e8le bilat\u00e9ral<\/p>","protected":false},"excerpt":{"rendered":"<p>Tutore elastico propriocettivo per caviglia con protezione malleolare<\/p>","protected":false},"featured_media":2507,"template":"","meta":{"_acf_changed":false,"_seopress_robots_primary_cat":"none","_seopress_titles_title":"","_seopress_titles_desc":"","_seopress_robots_index":""},"product_brand":[],"product_cat":[149,216],"product_tag":[],"categorie_principale":[28,30,29],"marque":[217],"class_list":{"0":"post-3957","1":"product","2":"type-product","3":"status-publish","4":"has-post-thumbnail","6":"product_cat-attelles-platres","7":"product_cat-cheville-pied","8":"categorie_principale-medecine-generale","9":"categorie_principale-orthopedie","10":"categorie_principale-permanence-hopital","11":"marque-thuasne","13":"first","14":"instock","15":"taxable","16":"shipping-taxable","17":"purchasable","18":"product-type-variable"},"supplier_id":null,"supplier_sku":"","atum_controlled":true,"out_stock_date":null,"out_stock_threshold":null,"inheritable":true,"inbound_stock":null,"stock_on_hold":0,"sold_today":0,"sales_last_days":0,"reserved_stock":null,"customer_returns":null,"warehouse_damage":null,"lost_in_post":null,"other_logs":null,"out_stock_days":0,"lost_sales":0,"has_location":true,"update_date":"2026-04-08T00:03:47","atum_locations":[{"id":373,"name":"Officine","slug":"officine"}],"atum_stock_status":"instock","restock_status":false,"low_stock_amount":"","sales_update_date":"2026-04-08T00:03:47","calc_backorders":null,"acf":[],"_links":{"self":[{"href":"https:\/\/softymed.ch\/it\/wp-json\/wp\/v2\/product\/3957","targetHints":{"allow":["GET"]}}],"collection":[{"href":"https:\/\/softymed.ch\/it\/wp-json\/wp\/v2\/product"}],"about":[{"href":"https:\/\/softymed.ch\/it\/wp-json\/wp\/v2\/types\/product"}],"wp:featuredmedia":[{"embeddable":true,"href":"https:\/\/softymed.ch\/it\/wp-json\/wp\/v2\/media\/2507"}],"wp:attachment":[{"href":"https:\/\/softymed.ch\/it\/wp-json\/wp\/v2\/media?parent=3957"}],"wp:term":[{"taxonomy":"product_brand","embeddable":true,"href":"https:\/\/softymed.ch\/it\/wp-json\/wp\/v2\/product_brand?post=3957"},{"taxonomy":"product_cat","embeddable":true,"href":"https:\/\/softymed.ch\/it\/wp-json\/wp\/v2\/product_cat?post=3957"},{"taxonomy":"product_tag","embeddable":true,"href":"https:\/\/softymed.ch\/it\/wp-json\/wp\/v2\/product_tag?post=3957"},{"taxonomy":"categorie_principale","embeddable":true,"href":"https:\/\/softymed.ch\/it\/wp-json\/wp\/v2\/categorie_principale?post=3957"},{"taxonomy":"marque","embeddable":true,"href":"https:\/\/softymed.ch\/it\/wp-json\/wp\/v2\/marque?post=3957"}],"curies":[{"name":"wp","href":"https:\/\/api.w.org\/{rel}","templated":true}]}}