{"id":3943,"date":"2024-01-25T15:49:21","date_gmt":"2024-01-25T14:49:21","guid":{"rendered":"https:\/\/softymed.ch\/?post_type=product&#038;p=3943"},"modified":"2026-03-31T19:11:08","modified_gmt":"2026-03-31T17:11:08","slug":"malleo-dynastab-boa","status":"publish","type":"product","link":"https:\/\/softymed.ch\/it\/boutique\/attelles-platres\/cheville-pied\/malleo-dynastab-boa\/","title":{"rendered":"Malleo Dynastab\u00ae BOA\u00ae"},"content":{"rendered":"<p><strong>Indicazioni<\/strong><br \/>\n-Immobilizzazione della caviglia<br \/>\n-Entorse moyenne \u00e0 s\u00e9v\u00e8re de la cheville<br \/>\n-Pr\u00e9vention de la laxit\u00e9\/de l\u2019instabilit\u00e9 chronique de la cheville en reprise d\u2019activit\u00e9 sportive<br \/>\n-Reprise d\u2019activit\u00e9s sportives<br \/>\n-Trattamento della tendinopatia<br \/>\n-Traitement conservateur des atteintes du tendon d\u2019Achille<\/p>\n<p><strong>Paziente target<\/strong><br \/>\n-Patient avec niveau d\u2019activit\u00e9 important<br \/>\n-Recommand\u00e9 pour les sports de pivot (basket, volley\u2026)<\/p>\n<p><strong>Caratteristiche<\/strong><br \/>\n-Stabilisation: armatures m\u00e9talliques rigides lat\u00e9rales combin\u00e9es \u00e0 un syst\u00e8me de sangles \u00e9lastiques<br \/>\n-Facilit\u00e9 de fermeture: syst\u00e8me de serrage BOA\u00ae* Fit System pour un serrage rapide, homog\u00e8ne et micro ajustable. Syst\u00e8me BOA\u00ae* garanti \u00e0 vie<br \/>\n-Confort: produit fin et discret qui s\u2019ins\u00e8re dans une chaussure ferm\u00e9e<br \/>\n-Produit bilat\u00e9ral<\/p>\n<p>*BOA\u00ae est une marque d\u00e9pos\u00e9e de Boa technology inc<\/p>","protected":false},"excerpt":{"rendered":"<p>Tutore per caviglia stabilizzante, versione bilaterale<\/p>","protected":false},"featured_media":2505,"template":"","meta":{"_acf_changed":false,"_seopress_robots_primary_cat":"none","_seopress_titles_title":"","_seopress_titles_desc":"","_seopress_robots_index":""},"product_brand":[],"product_cat":[149,216],"product_tag":[347],"categorie_principale":[28,30,29],"marque":[217],"class_list":{"0":"post-3943","1":"product","2":"type-product","3":"status-publish","4":"has-post-thumbnail","6":"product_cat-attelles-platres","7":"product_cat-cheville-pied","8":"product_tag-best-seller","9":"categorie_principale-medecine-generale","10":"categorie_principale-orthopedie","11":"categorie_principale-permanence-hopital","12":"marque-thuasne","14":"first","15":"instock","16":"taxable","17":"shipping-taxable","18":"purchasable","19":"product-type-variable"},"supplier_id":null,"supplier_sku":"","atum_controlled":true,"out_stock_date":null,"out_stock_threshold":null,"inheritable":true,"inbound_stock":null,"stock_on_hold":0,"sold_today":0,"sales_last_days":16,"reserved_stock":null,"customer_returns":null,"warehouse_damage":null,"lost_in_post":null,"other_logs":null,"out_stock_days":0,"lost_sales":0,"has_location":true,"update_date":"2026-04-08T00:03:58","atum_locations":[{"id":373,"name":"Officine","slug":"officine"}],"atum_stock_status":"instock","restock_status":false,"low_stock_amount":"","sales_update_date":"2026-04-08T00:03:58","calc_backorders":null,"acf":[],"_links":{"self":[{"href":"https:\/\/softymed.ch\/it\/wp-json\/wp\/v2\/product\/3943","targetHints":{"allow":["GET"]}}],"collection":[{"href":"https:\/\/softymed.ch\/it\/wp-json\/wp\/v2\/product"}],"about":[{"href":"https:\/\/softymed.ch\/it\/wp-json\/wp\/v2\/types\/product"}],"wp:featuredmedia":[{"embeddable":true,"href":"https:\/\/softymed.ch\/it\/wp-json\/wp\/v2\/media\/2505"}],"wp:attachment":[{"href":"https:\/\/softymed.ch\/it\/wp-json\/wp\/v2\/media?parent=3943"}],"wp:term":[{"taxonomy":"product_brand","embeddable":true,"href":"https:\/\/softymed.ch\/it\/wp-json\/wp\/v2\/product_brand?post=3943"},{"taxonomy":"product_cat","embeddable":true,"href":"https:\/\/softymed.ch\/it\/wp-json\/wp\/v2\/product_cat?post=3943"},{"taxonomy":"product_tag","embeddable":true,"href":"https:\/\/softymed.ch\/it\/wp-json\/wp\/v2\/product_tag?post=3943"},{"taxonomy":"categorie_principale","embeddable":true,"href":"https:\/\/softymed.ch\/it\/wp-json\/wp\/v2\/categorie_principale?post=3943"},{"taxonomy":"marque","embeddable":true,"href":"https:\/\/softymed.ch\/it\/wp-json\/wp\/v2\/marque?post=3943"}],"curies":[{"name":"wp","href":"https:\/\/api.w.org\/{rel}","templated":true}]}}