{"id":3920,"date":"2024-01-25T15:25:50","date_gmt":"2024-01-25T14:25:50","guid":{"rendered":"https:\/\/softymed.ch\/?post_type=product&#038;p=3920"},"modified":"2026-03-13T09:37:30","modified_gmt":"2026-03-13T08:37:30","slug":"dito-ligaflex","status":"publish","type":"product","link":"https:\/\/softymed.ch\/it\/boutique\/attelles-platres\/main-poignet-et-doigt\/ligaflex-finger\/","title":{"rendered":"Ligaflex Finger"},"content":{"rendered":"<p><strong>Indicazioni<\/strong><br \/>\n-Traumatologie des doigts (entorses, luxations, ruptures des ligaments&#8230;)<br \/>\n-Immobilisation postop\u00e9ratoire\/post-traumatique<\/p>\n<p><strong>Controindicazioni<\/strong><br \/>\n-Non utilizzare il prodotto se la diagnosi \u00e8 incerta.<br \/>\n-Ne pas utiliser en cas d\u2019allergie connue \u00e0 l\u2019un des composants<br \/>\n-Ne pas placer le produit directement en contact avec une peau l\u00e9s\u00e9e<br \/>\n-Non utilizzare in caso di frattura instabile.<\/p>\n<p><strong>Caratteristiche<\/strong><br \/>\n-Immobilisation gr\u00e2ce \u00e0 la baleine rigide confortable \u00e0 positionner soit en position palmaire (articulations m\u00e9tacarpo-phalangiennes), soit en position dorsale (articulations interphalangiennes)<br \/>\n-Facile \u00e0 mettre et \u00e0 ajuster: 4 sangles avec 2 fixes et 2 amovibles pour optimiser l\u2019ajustement du serrage<br \/>\n-Confort: protection des doigts l\u00e9s\u00e9s<br \/>\n-Mod\u00e8le bilat\u00e9ral<\/p>","protected":false},"excerpt":{"rendered":"<p>Stecca di immobilizzazione per polso e dita<\/p>","protected":false},"featured_media":2510,"template":"","meta":{"_acf_changed":false,"_seopress_robots_primary_cat":"none","_seopress_titles_title":"","_seopress_titles_desc":"","_seopress_robots_index":""},"product_brand":[],"product_cat":[149,185],"product_tag":[],"categorie_principale":[28,30,29],"marque":[217],"class_list":{"0":"post-3920","1":"product","2":"type-product","3":"status-publish","4":"has-post-thumbnail","6":"product_cat-attelles-platres","7":"product_cat-main-poignet-et-doigt","8":"categorie_principale-medecine-generale","9":"categorie_principale-orthopedie","10":"categorie_principale-permanence-hopital","11":"marque-thuasne","13":"first","14":"instock","15":"taxable","16":"shipping-taxable","17":"purchasable","18":"product-type-variable"},"supplier_id":null,"supplier_sku":"","atum_controlled":true,"out_stock_date":null,"out_stock_threshold":null,"inheritable":true,"inbound_stock":null,"stock_on_hold":0,"sold_today":0,"sales_last_days":0,"reserved_stock":null,"customer_returns":null,"warehouse_damage":null,"lost_in_post":null,"other_logs":null,"out_stock_days":0,"lost_sales":0,"has_location":true,"update_date":"2026-04-09T00:03:43","atum_locations":[{"id":373,"name":"Officine","slug":"officine"}],"atum_stock_status":"instock","restock_status":false,"low_stock_amount":"","sales_update_date":"2026-04-09T00:03:43","calc_backorders":null,"acf":[],"_links":{"self":[{"href":"https:\/\/softymed.ch\/it\/wp-json\/wp\/v2\/product\/3920","targetHints":{"allow":["GET"]}}],"collection":[{"href":"https:\/\/softymed.ch\/it\/wp-json\/wp\/v2\/product"}],"about":[{"href":"https:\/\/softymed.ch\/it\/wp-json\/wp\/v2\/types\/product"}],"wp:featuredmedia":[{"embeddable":true,"href":"https:\/\/softymed.ch\/it\/wp-json\/wp\/v2\/media\/2510"}],"wp:attachment":[{"href":"https:\/\/softymed.ch\/it\/wp-json\/wp\/v2\/media?parent=3920"}],"wp:term":[{"taxonomy":"product_brand","embeddable":true,"href":"https:\/\/softymed.ch\/it\/wp-json\/wp\/v2\/product_brand?post=3920"},{"taxonomy":"product_cat","embeddable":true,"href":"https:\/\/softymed.ch\/it\/wp-json\/wp\/v2\/product_cat?post=3920"},{"taxonomy":"product_tag","embeddable":true,"href":"https:\/\/softymed.ch\/it\/wp-json\/wp\/v2\/product_tag?post=3920"},{"taxonomy":"categorie_principale","embeddable":true,"href":"https:\/\/softymed.ch\/it\/wp-json\/wp\/v2\/categorie_principale?post=3920"},{"taxonomy":"marque","embeddable":true,"href":"https:\/\/softymed.ch\/it\/wp-json\/wp\/v2\/marque?post=3920"}],"curies":[{"name":"wp","href":"https:\/\/api.w.org\/{rel}","templated":true}]}}