{"id":3913,"date":"2024-01-25T15:15:15","date_gmt":"2024-01-25T14:15:15","guid":{"rendered":"https:\/\/softymed.ch\/?post_type=product&#038;p=3913"},"modified":"2026-03-16T10:49:36","modified_gmt":"2026-03-16T09:49:36","slug":"legilet","status":"publish","type":"product","link":"https:\/\/softymed.ch\/it\/boutique\/attelles-platres\/bras-epaule-et-coude\/legilet\/","title":{"rendered":"LeGilet"},"content":{"rendered":"<p><strong>Propri\u00e9t\u00e9s<\/strong><br \/>\n-Per un'immobilizzazione perfetta del gomito del braccio rispetto al corpo.<br \/>\n-Manchon dot\u00e9 de deux sangles pour le maintien du bras et de la main<br \/>\n-Ampia fascia rimovibile per mantenere il braccio aderente al corpo.<br \/>\n-Mod\u00e8le bilat\u00e9ral<\/p>\n<p><strong>Indicazioni<\/strong><br \/>\n-Traumatismes ou \u00e9tats inflammatoires de l\u2019\u00e9paule et\/ou du coude<br \/>\n-Fractures proximales non chirurgicales de l\u2019hum\u00e9rus<br \/>\n-Luxation de l\u2019\u00e9paule<br \/>\n-Immobilisation postop\u00e9ratoire (suite de chirurgie de la coiffe des rotateurs ou r\u00e9duction de luxation)<br \/>\n-Pr\u00e9vention de la luxation de l\u2019\u00e9paule en cas d\u2019instabilit\u00e9 articulaire ou laxit\u00e9<br \/>\n-Supporto per braccio paralitico<\/p>\n<p><strong>Controindicazioni<\/strong><br \/>\n-Non utilizzare il prodotto se la diagnosi \u00e8 incerta.<br \/>\n-Ne pas placer le produit directement en contact avec une peau l\u00e9s\u00e9e<br \/>\n-Allergie connue aux mat\u00e9riaux<br \/>\n-Ne pas utiliser dans certaines situations postop\u00e9ratoires (fractures multiples, pose de broches, fractures ouvertes, etc.)<br \/>\n-Ne pas utiliser en cas de fractures complexes ou chirurgicales de l&rsquo;\u00e9paule, de l&rsquo;hum\u00e9rus ou en cas de fractures des c\u00f4tes<\/p>\n<p><strong>Caratteristiche<\/strong><br \/>\n-Immobilisation: manchon dot\u00e9 de deux sangles pour le maintien du bras et de la main (coude au corps)<br \/>\nCinghia a strappo aggiuntiva, pi\u00f9 ampia, per tenere il braccio contro il corpo<br \/>\n-Mod\u00e8le bilat\u00e9ral<\/p>","protected":false},"excerpt":{"rendered":"<p>Imbragatura per l'immobilizzazione della spalla<\/p>","protected":false},"featured_media":2499,"template":"","meta":{"_acf_changed":false,"_seopress_robots_primary_cat":"none","_seopress_titles_title":"","_seopress_titles_desc":"","_seopress_robots_index":""},"product_brand":[],"product_cat":[149,240],"product_tag":[],"categorie_principale":[28,30,29],"marque":[217],"class_list":{"0":"post-3913","1":"product","2":"type-product","3":"status-publish","4":"has-post-thumbnail","6":"product_cat-attelles-platres","7":"product_cat-bras-epaule-et-coude","8":"categorie_principale-medecine-generale","9":"categorie_principale-orthopedie","10":"categorie_principale-permanence-hopital","11":"marque-thuasne","13":"first","14":"instock","15":"taxable","16":"shipping-taxable","17":"purchasable","18":"product-type-variable"},"supplier_id":null,"supplier_sku":"","atum_controlled":true,"out_stock_date":null,"out_stock_threshold":null,"inheritable":true,"inbound_stock":null,"stock_on_hold":0,"sold_today":0,"sales_last_days":0,"reserved_stock":null,"customer_returns":null,"warehouse_damage":null,"lost_in_post":null,"other_logs":null,"out_stock_days":0,"lost_sales":0,"has_location":true,"update_date":"2026-04-08T00:03:42","atum_locations":[{"id":373,"name":"Officine","slug":"officine"}],"atum_stock_status":"instock","restock_status":false,"low_stock_amount":"","sales_update_date":"2026-04-08T00:03:42","calc_backorders":null,"acf":[],"_links":{"self":[{"href":"https:\/\/softymed.ch\/it\/wp-json\/wp\/v2\/product\/3913","targetHints":{"allow":["GET"]}}],"collection":[{"href":"https:\/\/softymed.ch\/it\/wp-json\/wp\/v2\/product"}],"about":[{"href":"https:\/\/softymed.ch\/it\/wp-json\/wp\/v2\/types\/product"}],"wp:featuredmedia":[{"embeddable":true,"href":"https:\/\/softymed.ch\/it\/wp-json\/wp\/v2\/media\/2499"}],"wp:attachment":[{"href":"https:\/\/softymed.ch\/it\/wp-json\/wp\/v2\/media?parent=3913"}],"wp:term":[{"taxonomy":"product_brand","embeddable":true,"href":"https:\/\/softymed.ch\/it\/wp-json\/wp\/v2\/product_brand?post=3913"},{"taxonomy":"product_cat","embeddable":true,"href":"https:\/\/softymed.ch\/it\/wp-json\/wp\/v2\/product_cat?post=3913"},{"taxonomy":"product_tag","embeddable":true,"href":"https:\/\/softymed.ch\/it\/wp-json\/wp\/v2\/product_tag?post=3913"},{"taxonomy":"categorie_principale","embeddable":true,"href":"https:\/\/softymed.ch\/it\/wp-json\/wp\/v2\/categorie_principale?post=3913"},{"taxonomy":"marque","embeddable":true,"href":"https:\/\/softymed.ch\/it\/wp-json\/wp\/v2\/marque?post=3913"}],"curies":[{"name":"wp","href":"https:\/\/api.w.org\/{rel}","templated":true}]}}