{"id":3906,"date":"2024-01-25T15:09:16","date_gmt":"2024-01-25T14:09:16","guid":{"rendered":"https:\/\/softymed.ch\/?post_type=product&#038;p=3906"},"modified":"2026-03-25T09:42:50","modified_gmt":"2026-03-25T08:42:50","slug":"genuextrem","status":"publish","type":"product","link":"https:\/\/softymed.ch\/it\/boutique\/attelles-platres\/genou\/genuextrem\/","title":{"rendered":"GenuExtrem"},"content":{"rendered":"<p><strong>Indicazioni<\/strong><br \/>\n-Douleur et\/ou oed\u00e8me du genou<br \/>\n-Instabilit\u00e9 articulaire\/laxit\u00e9<br \/>\n-Protection et pr\u00e9vention durant les activit\u00e9s sportives<br \/>\n-Soutien proprioceptif \u00e0 la r\u00e9\u00e9ducation<br \/>\n-Traitement conservateur des l\u00e9sions ligamentaires l\u00e9g\u00e8res du genou<br \/>\n-Compression pour cicatrisation plaies\/br\u00fblures<\/p>\n<p><strong>Paziente target<\/strong><br \/>\nPatient avec niveau d\u2019activit\u00e9 \u00e9lev\u00e9<\/p>\n<p><strong>Caratteristiche<\/strong><br \/>\n-Compression et effet proprioceptif: tricot \u00e9lastique de compression classe 3<br \/>\n-Maintien: baleines lat\u00e9rales souples avec anti-glisse<br \/>\n-Confort: tricot de forme anatomique avec zone de confort au niveau du creux poplit\u00e9 et de la patella<br \/>\n-Praticit\u00e9: oreillettes de mise en place<\/p>","protected":false},"excerpt":{"rendered":"<p>Ginocchiera elastica propriocettiva con stecche laterali flessibili<\/p>","protected":false},"featured_media":2434,"template":"","meta":{"_acf_changed":false,"_seopress_robots_primary_cat":"none","_seopress_titles_title":"","_seopress_titles_desc":"","_seopress_robots_index":""},"product_brand":[],"product_cat":[149,183],"product_tag":[],"categorie_principale":[28,30,29],"marque":[217],"class_list":{"0":"post-3906","1":"product","2":"type-product","3":"status-publish","4":"has-post-thumbnail","6":"product_cat-attelles-platres","7":"product_cat-genou","8":"categorie_principale-medecine-generale","9":"categorie_principale-orthopedie","10":"categorie_principale-permanence-hopital","11":"marque-thuasne","13":"first","14":"instock","15":"taxable","16":"shipping-taxable","17":"purchasable","18":"product-type-variable"},"supplier_id":null,"supplier_sku":"","atum_controlled":true,"out_stock_date":null,"out_stock_threshold":null,"inheritable":true,"inbound_stock":null,"stock_on_hold":0,"sold_today":0,"sales_last_days":0,"reserved_stock":null,"customer_returns":null,"warehouse_damage":null,"lost_in_post":null,"other_logs":null,"out_stock_days":0,"lost_sales":0,"has_location":true,"update_date":"2026-04-09T00:03:49","atum_locations":[{"id":373,"name":"Officine","slug":"officine"}],"atum_stock_status":"instock","restock_status":false,"low_stock_amount":"","sales_update_date":"2026-04-09T00:03:49","calc_backorders":null,"acf":[],"_links":{"self":[{"href":"https:\/\/softymed.ch\/it\/wp-json\/wp\/v2\/product\/3906","targetHints":{"allow":["GET"]}}],"collection":[{"href":"https:\/\/softymed.ch\/it\/wp-json\/wp\/v2\/product"}],"about":[{"href":"https:\/\/softymed.ch\/it\/wp-json\/wp\/v2\/types\/product"}],"wp:featuredmedia":[{"embeddable":true,"href":"https:\/\/softymed.ch\/it\/wp-json\/wp\/v2\/media\/2434"}],"wp:attachment":[{"href":"https:\/\/softymed.ch\/it\/wp-json\/wp\/v2\/media?parent=3906"}],"wp:term":[{"taxonomy":"product_brand","embeddable":true,"href":"https:\/\/softymed.ch\/it\/wp-json\/wp\/v2\/product_brand?post=3906"},{"taxonomy":"product_cat","embeddable":true,"href":"https:\/\/softymed.ch\/it\/wp-json\/wp\/v2\/product_cat?post=3906"},{"taxonomy":"product_tag","embeddable":true,"href":"https:\/\/softymed.ch\/it\/wp-json\/wp\/v2\/product_tag?post=3906"},{"taxonomy":"categorie_principale","embeddable":true,"href":"https:\/\/softymed.ch\/it\/wp-json\/wp\/v2\/categorie_principale?post=3906"},{"taxonomy":"marque","embeddable":true,"href":"https:\/\/softymed.ch\/it\/wp-json\/wp\/v2\/marque?post=3906"}],"curies":[{"name":"wp","href":"https:\/\/api.w.org\/{rel}","templated":true}]}}