{"id":3892,"date":"2024-01-25T14:54:49","date_gmt":"2024-01-25T13:54:49","guid":{"rendered":"https:\/\/softymed.ch\/?post_type=product&#038;p=3892"},"modified":"2026-02-27T08:32:13","modified_gmt":"2026-02-27T07:32:13","slug":"collare-cervicale-c1","status":"publish","type":"product","link":"https:\/\/softymed.ch\/it\/boutique\/attelles-platres\/colonne-vertebrale-cervical-et-dos\/collier-cervical-c1\/","title":{"rendered":"Collare cervicale C1"},"content":{"rendered":"<p><strong>Indicazioni<\/strong><br \/>\n-Torsicosi<br \/>\n-Artrosi cervicale<br \/>\n-Sindrome cervicale<br \/>\n-Syndrome de la t\u00eate tombante<br \/>\n-Coup du lapin l\u00e9ger\/entorse l\u00e9g\u00e8re<br \/>\n-Usage post-op\u00e9ratoire<br \/>\n-R\u00e9\u00e9ducation apr\u00e8s le port d\u2019un collier cervical rigide<\/p>\n<p><strong>Paziente target<\/strong><br \/>\n-Persone affette da torcicollo<br \/>\n-Patients en conditions post-op\u00e9ratoire<\/p>\n<p><strong>Caratteristiche<\/strong><br \/>\n-Maintien l\u00e9ger: mousse de soutien souple<br \/>\n-Comfort: forma anatomica e rivestimento sfoderabile e lavabile.<br \/>\n-Facilit\u00e9 de mise en place: r\u00e9glage pr\u00e9cis par auto agrippant<\/p>","protected":false},"excerpt":{"rendered":"<p>Collare cervicale morbido<\/p>","protected":false},"featured_media":2491,"template":"","meta":{"_acf_changed":false,"_seopress_robots_primary_cat":"none","_seopress_titles_title":"","_seopress_titles_desc":"","_seopress_robots_index":""},"product_brand":[],"product_cat":[149,239],"product_tag":[],"categorie_principale":[28,30,29],"marque":[217],"class_list":{"0":"post-3892","1":"product","2":"type-product","3":"status-publish","4":"has-post-thumbnail","6":"product_cat-attelles-platres","7":"product_cat-colonne-vertebrale-cervical-et-dos","8":"categorie_principale-medecine-generale","9":"categorie_principale-orthopedie","10":"categorie_principale-permanence-hopital","11":"marque-thuasne","13":"first","14":"instock","15":"taxable","16":"shipping-taxable","17":"purchasable","18":"product-type-variable"},"supplier_id":null,"supplier_sku":"","atum_controlled":true,"out_stock_date":null,"out_stock_threshold":null,"inheritable":true,"inbound_stock":null,"stock_on_hold":0,"sold_today":0,"sales_last_days":0,"reserved_stock":null,"customer_returns":null,"warehouse_damage":null,"lost_in_post":null,"other_logs":null,"out_stock_days":0,"lost_sales":0,"has_location":true,"update_date":"2026-04-08T00:03:40","atum_locations":[{"id":373,"name":"Officine","slug":"officine"}],"atum_stock_status":"instock","restock_status":false,"low_stock_amount":"","sales_update_date":"2026-04-08T00:03:40","calc_backorders":null,"acf":[],"_links":{"self":[{"href":"https:\/\/softymed.ch\/it\/wp-json\/wp\/v2\/product\/3892","targetHints":{"allow":["GET"]}}],"collection":[{"href":"https:\/\/softymed.ch\/it\/wp-json\/wp\/v2\/product"}],"about":[{"href":"https:\/\/softymed.ch\/it\/wp-json\/wp\/v2\/types\/product"}],"wp:featuredmedia":[{"embeddable":true,"href":"https:\/\/softymed.ch\/it\/wp-json\/wp\/v2\/media\/2491"}],"wp:attachment":[{"href":"https:\/\/softymed.ch\/it\/wp-json\/wp\/v2\/media?parent=3892"}],"wp:term":[{"taxonomy":"product_brand","embeddable":true,"href":"https:\/\/softymed.ch\/it\/wp-json\/wp\/v2\/product_brand?post=3892"},{"taxonomy":"product_cat","embeddable":true,"href":"https:\/\/softymed.ch\/it\/wp-json\/wp\/v2\/product_cat?post=3892"},{"taxonomy":"product_tag","embeddable":true,"href":"https:\/\/softymed.ch\/it\/wp-json\/wp\/v2\/product_tag?post=3892"},{"taxonomy":"categorie_principale","embeddable":true,"href":"https:\/\/softymed.ch\/it\/wp-json\/wp\/v2\/categorie_principale?post=3892"},{"taxonomy":"marque","embeddable":true,"href":"https:\/\/softymed.ch\/it\/wp-json\/wp\/v2\/marque?post=3892"}],"curies":[{"name":"wp","href":"https:\/\/api.w.org\/{rel}","templated":true}]}}