{"id":3869,"date":"2024-01-25T10:17:30","date_gmt":"2024-01-25T09:17:30","guid":{"rendered":"https:\/\/softymed.ch\/?post_type=product&#038;p=3869"},"modified":"2026-04-07T09:16:58","modified_gmt":"2026-04-07T07:16:58","slug":"speculum-auricolare","status":"publish","type":"product","link":"https:\/\/softymed.ch\/it\/boutique\/auscultation-diagnostic\/speculum-auriculaire\/","title":{"rendered":"Speculum auricolare"},"content":{"rendered":"<p>-Bo\u00eete de 250, \u00e0 usage unique, noir<br \/>\n-Universale, compatibile con tutte le marche<br \/>\n-Boite avec bec distributeur pour acc\u00e8s facilit\u00e9 aux sp\u00e9culums.<\/p>","protected":false},"excerpt":{"rendered":"<p>Materiali monouso<\/p>","protected":false},"featured_media":2463,"template":"","meta":{"_acf_changed":false,"_seopress_robots_primary_cat":"none","_seopress_titles_title":"","_seopress_titles_desc":"","_seopress_robots_index":""},"product_brand":[],"product_cat":[122],"product_tag":[],"categorie_principale":[28,29],"marque":[211],"class_list":{"0":"post-3869","1":"product","2":"type-product","3":"status-publish","4":"has-post-thumbnail","6":"product_cat-auscultation-diagnostic","7":"categorie_principale-medecine-generale","8":"categorie_principale-permanence-hopital","9":"marque-spengler","11":"first","12":"instock","13":"taxable","14":"shipping-taxable","15":"purchasable","16":"product-type-variable"},"supplier_id":null,"supplier_sku":"","atum_controlled":true,"out_stock_date":null,"out_stock_threshold":null,"inheritable":true,"inbound_stock":null,"stock_on_hold":0,"sold_today":0,"sales_last_days":6,"reserved_stock":null,"customer_returns":null,"warehouse_damage":null,"lost_in_post":null,"other_logs":null,"out_stock_days":0,"lost_sales":0,"has_location":true,"update_date":"2026-04-09T00:04:04","atum_locations":[{"id":219,"name":"Cubo giallo","slug":"yellow-cube"}],"atum_stock_status":"instock","restock_status":false,"low_stock_amount":"","sales_update_date":"2026-04-09T00:04:04","calc_backorders":null,"acf":[],"_links":{"self":[{"href":"https:\/\/softymed.ch\/it\/wp-json\/wp\/v2\/product\/3869","targetHints":{"allow":["GET"]}}],"collection":[{"href":"https:\/\/softymed.ch\/it\/wp-json\/wp\/v2\/product"}],"about":[{"href":"https:\/\/softymed.ch\/it\/wp-json\/wp\/v2\/types\/product"}],"wp:featuredmedia":[{"embeddable":true,"href":"https:\/\/softymed.ch\/it\/wp-json\/wp\/v2\/media\/2463"}],"wp:attachment":[{"href":"https:\/\/softymed.ch\/it\/wp-json\/wp\/v2\/media?parent=3869"}],"wp:term":[{"taxonomy":"product_brand","embeddable":true,"href":"https:\/\/softymed.ch\/it\/wp-json\/wp\/v2\/product_brand?post=3869"},{"taxonomy":"product_cat","embeddable":true,"href":"https:\/\/softymed.ch\/it\/wp-json\/wp\/v2\/product_cat?post=3869"},{"taxonomy":"product_tag","embeddable":true,"href":"https:\/\/softymed.ch\/it\/wp-json\/wp\/v2\/product_tag?post=3869"},{"taxonomy":"categorie_principale","embeddable":true,"href":"https:\/\/softymed.ch\/it\/wp-json\/wp\/v2\/categorie_principale?post=3869"},{"taxonomy":"marque","embeddable":true,"href":"https:\/\/softymed.ch\/it\/wp-json\/wp\/v2\/marque?post=3869"}],"curies":[{"name":"wp","href":"https:\/\/api.w.org\/{rel}","templated":true}]}}