{"id":3865,"date":"2024-01-25T10:09:23","date_gmt":"2024-01-25T09:09:23","guid":{"rendered":"https:\/\/softymed.ch\/?post_type=product&#038;p=3865"},"modified":"2025-09-30T14:26:32","modified_gmt":"2025-09-30T12:26:32","slug":"bracciale","status":"publish","type":"product","link":"https:\/\/softymed.ch\/it\/boutique\/appareils-equipements\/brassard\/","title":{"rendered":"Polsino"},"content":{"rendered":"<p><strong>Caratteristiche<\/strong><br \/>\n-Pi\u00e8ce d\u00e9tach\u00e9e<br \/>\n-De motifs p\u00e9diatriques sur le brassard (taille S) ou de couleur fonc\u00e9e<br \/>\n-Les brassards disposent d\u2019une entr\u00e9e universelle LIFE LINK pour connecter la tubulure<br \/>\n-Les mat\u00e9riaux selectionn\u00e9s am\u00e9liorent le nettoyage et la durabilit\u00e9<br \/>\n-La nouvelle silhouette du brassard offre une lisibilit\u00e9 d\u00e9gag\u00e9e de l\u2019index de taille du brassard<\/p>\n<p><strong>Taglie disponibili<\/strong><br \/>\n-S (bras d\u2019une circonf\u00e9rence de 15 \u00e0 26 cm)<br \/>\n-L (bras d\u2019une circonf\u00e9rence de 32 \u00e0 42 cm)<br \/>\n-XL (bras d\u2019une circonf\u00e9rence de 40 \u00e0 55 cm)<\/p>","protected":false},"excerpt":{"rendered":"<p>Per Mobi Spengler<\/p>","protected":false},"featured_media":2582,"template":"","meta":{"_acf_changed":false,"_seopress_robots_primary_cat":"none","_seopress_titles_title":"","_seopress_titles_desc":"","_seopress_robots_index":""},"product_brand":[],"product_cat":[163,122],"product_tag":[],"categorie_principale":[32,28,29],"marque":[211],"class_list":{"0":"post-3865","1":"product","2":"type-product","3":"status-publish","4":"has-post-thumbnail","6":"product_cat-appareils-equipements","7":"product_cat-auscultation-diagnostic","8":"categorie_principale-cardiologie","9":"categorie_principale-medecine-generale","10":"categorie_principale-permanence-hopital","11":"marque-spengler","13":"first","14":"instock","15":"taxable","16":"shipping-taxable","17":"purchasable","18":"product-type-variable"},"supplier_id":null,"supplier_sku":"","atum_controlled":true,"out_stock_date":null,"out_stock_threshold":null,"inheritable":true,"inbound_stock":null,"stock_on_hold":0,"sold_today":0,"sales_last_days":0,"reserved_stock":null,"customer_returns":null,"warehouse_damage":null,"lost_in_post":null,"other_logs":null,"out_stock_days":0,"lost_sales":0,"has_location":true,"update_date":"2026-04-08T00:03:19","atum_locations":[{"id":373,"name":"Officine","slug":"officine"}],"atum_stock_status":"instock","restock_status":false,"low_stock_amount":"","sales_update_date":"2026-04-08T00:03:19","calc_backorders":null,"acf":[],"_links":{"self":[{"href":"https:\/\/softymed.ch\/it\/wp-json\/wp\/v2\/product\/3865","targetHints":{"allow":["GET"]}}],"collection":[{"href":"https:\/\/softymed.ch\/it\/wp-json\/wp\/v2\/product"}],"about":[{"href":"https:\/\/softymed.ch\/it\/wp-json\/wp\/v2\/types\/product"}],"wp:featuredmedia":[{"embeddable":true,"href":"https:\/\/softymed.ch\/it\/wp-json\/wp\/v2\/media\/2582"}],"wp:attachment":[{"href":"https:\/\/softymed.ch\/it\/wp-json\/wp\/v2\/media?parent=3865"}],"wp:term":[{"taxonomy":"product_brand","embeddable":true,"href":"https:\/\/softymed.ch\/it\/wp-json\/wp\/v2\/product_brand?post=3865"},{"taxonomy":"product_cat","embeddable":true,"href":"https:\/\/softymed.ch\/it\/wp-json\/wp\/v2\/product_cat?post=3865"},{"taxonomy":"product_tag","embeddable":true,"href":"https:\/\/softymed.ch\/it\/wp-json\/wp\/v2\/product_tag?post=3865"},{"taxonomy":"categorie_principale","embeddable":true,"href":"https:\/\/softymed.ch\/it\/wp-json\/wp\/v2\/categorie_principale?post=3865"},{"taxonomy":"marque","embeddable":true,"href":"https:\/\/softymed.ch\/it\/wp-json\/wp\/v2\/marque?post=3865"}],"curies":[{"name":"wp","href":"https:\/\/api.w.org\/{rel}","templated":true}]}}