{"id":3862,"date":"2024-01-25T10:04:01","date_gmt":"2024-01-25T09:04:01","guid":{"rendered":"https:\/\/softymed.ch\/?post_type=product&#038;p=3862"},"modified":"2026-02-24T10:05:41","modified_gmt":"2026-02-24T09:05:41","slug":"jelonet","status":"publish","type":"product","link":"https:\/\/softymed.ch\/it\/boutique\/soin-des-plaies\/pansement\/jelonet\/","title":{"rendered":"JELONET"},"content":{"rendered":"<p>JELONET est un pansement de gaze impr\u00e9gn\u00e9 de paraffine.<\/p>\n<p><strong>Caratteristiche<\/strong><br \/>\n-\u00c0 base de paraffine<br \/>\n-Pr\u00e9sentation st\u00e9rile, sous forme de gaze \u00e0 mailles l\u00e2ches<br \/>\n-Ampia gamma di dimensioni<br \/>\n-La compresse JELONET est une tulle gras st\u00e9rile fait d\u2019un tricot \u00e0 mailles l\u00e2ches. La gaze est form\u00e9e de fils entrelac\u00e9s qui r\u00e9duisent l\u2019effilochement du pansement taill\u00e9 aux dimensions de la plaie.<\/p>\n<p><strong>Vantaggi<\/strong><br \/>\n-Soulage et prot\u00e8ge la plaie en permettant l\u2019\u00e9coulement de l\u2019exsudat visqueux<br \/>\n-La compresse JELONET non adh\u00e9rente exerce une action calmante et facilite le drainage de la plaie \u00e0 l\u2019int\u00e9rieur du pansement secondaire absorbant.<br \/>\n-Conserve sa forme sans s\u2019effilocher<br \/>\n-Peut s\u2019employer de pair avec tout m\u00e9dicament local<br \/>\n-Non m\u00e9dicamenteuse, la compresse JELONET peut \u00eatre associ\u00e9e \u00e0 un antiseptique ou antibiotique local, au choix.<\/p>\n<p><strong>Indicazioni<\/strong><br \/>\n-Br\u00fblures et \u00e9chaudures l\u00e9g\u00e8res<br \/>\n-Lac\u00e9rations, abrasions et autres plaies pr\u00e9sentant une perte de substance cutan\u00e9e<br \/>\n-Aree donatori e riceventi di trapianti<br \/>\n-Ulc\u00e8res de jambe<\/p>","protected":false},"excerpt":{"rendered":"<p>Medicazione con garza di paraffina<\/p>","protected":false},"featured_media":2448,"template":"","meta":{"_acf_changed":false,"_seopress_robots_primary_cat":"none","_seopress_titles_title":"","_seopress_titles_desc":"","_seopress_robots_index":""},"product_brand":[],"product_cat":[146,104],"product_tag":[],"categorie_principale":[28,29],"marque":[210],"class_list":{"0":"post-3862","1":"product","2":"type-product","3":"status-publish","4":"has-post-thumbnail","6":"product_cat-pansement","7":"product_cat-soin-des-plaies","8":"categorie_principale-medecine-generale","9":"categorie_principale-permanence-hopital","10":"marque-smith-nephew","12":"first","13":"instock","14":"taxable","15":"shipping-taxable","16":"purchasable","17":"product-type-variable"},"supplier_id":null,"supplier_sku":"","atum_controlled":true,"out_stock_date":null,"out_stock_threshold":null,"inheritable":true,"inbound_stock":null,"stock_on_hold":0,"sold_today":0,"sales_last_days":0,"reserved_stock":null,"customer_returns":null,"warehouse_damage":null,"lost_in_post":null,"other_logs":null,"out_stock_days":0,"lost_sales":0,"has_location":true,"update_date":"2026-04-08T00:03:37","atum_locations":[{"id":373,"name":"Officine","slug":"officine"}],"atum_stock_status":"instock","restock_status":false,"low_stock_amount":"","sales_update_date":"2026-04-08T00:03:37","calc_backorders":null,"acf":[],"_links":{"self":[{"href":"https:\/\/softymed.ch\/it\/wp-json\/wp\/v2\/product\/3862","targetHints":{"allow":["GET"]}}],"collection":[{"href":"https:\/\/softymed.ch\/it\/wp-json\/wp\/v2\/product"}],"about":[{"href":"https:\/\/softymed.ch\/it\/wp-json\/wp\/v2\/types\/product"}],"wp:featuredmedia":[{"embeddable":true,"href":"https:\/\/softymed.ch\/it\/wp-json\/wp\/v2\/media\/2448"}],"wp:attachment":[{"href":"https:\/\/softymed.ch\/it\/wp-json\/wp\/v2\/media?parent=3862"}],"wp:term":[{"taxonomy":"product_brand","embeddable":true,"href":"https:\/\/softymed.ch\/it\/wp-json\/wp\/v2\/product_brand?post=3862"},{"taxonomy":"product_cat","embeddable":true,"href":"https:\/\/softymed.ch\/it\/wp-json\/wp\/v2\/product_cat?post=3862"},{"taxonomy":"product_tag","embeddable":true,"href":"https:\/\/softymed.ch\/it\/wp-json\/wp\/v2\/product_tag?post=3862"},{"taxonomy":"categorie_principale","embeddable":true,"href":"https:\/\/softymed.ch\/it\/wp-json\/wp\/v2\/categorie_principale?post=3862"},{"taxonomy":"marque","embeddable":true,"href":"https:\/\/softymed.ch\/it\/wp-json\/wp\/v2\/marque?post=3862"}],"curies":[{"name":"wp","href":"https:\/\/api.w.org\/{rel}","templated":true}]}}