{"id":3859,"date":"2024-01-25T09:59:16","date_gmt":"2024-01-25T08:59:16","guid":{"rendered":"https:\/\/softymed.ch\/?post_type=product&#038;p=3859"},"modified":"2025-12-08T13:32:59","modified_gmt":"2025-12-08T12:32:59","slug":"striscia-protettiva-di-3-m","status":"publish","type":"product","link":"https:\/\/softymed.ch\/it\/boutique\/attelles-platres\/platre\/3m-bande-de-protection\/","title":{"rendered":"Nastro protettivo 3M"},"content":{"rendered":"<p>La mise en place d&rsquo;une bande de protection par-dessus le jersey tubulaire est indiqu\u00e9e pour la r\u00e9alisation d&rsquo;un appareil d&rsquo;immobilisation en r\u00e9sine rigide ou en pl\u00e2tre. Elle assure le confort du patient tout au long de la p\u00e9riode d&rsquo;immobilisation et prot\u00e8ge la peau lors de l&rsquo;ablation avec la scie oscillante.<\/p>\n<p><strong>Caratteristiche<\/strong><br \/>\n-Bande de protection en polyester hydrofuge, perm\u00e9able \u00e0 l&rsquo;air et \u00e0 l&rsquo;eau, hypoallerg\u00e9nique<br \/>\n-Ouate synth\u00e9tique, douce et souple<br \/>\n-\u00c9tirable et s\u00e9cable \u00e0 la main<br \/>\n-Per la protezione in caso di immobilizzazione rigida<\/p>","protected":false},"excerpt":{"rendered":"<p>Poliestere idrorepellente<\/p>","protected":false},"featured_media":1050,"template":"","meta":{"_acf_changed":false,"_seopress_robots_primary_cat":"none","_seopress_titles_title":"","_seopress_titles_desc":"","_seopress_robots_index":""},"product_brand":[],"product_cat":[149,150],"product_tag":[],"categorie_principale":[28,29],"marque":[102],"class_list":{"0":"post-3859","1":"product","2":"type-product","3":"status-publish","4":"has-post-thumbnail","6":"product_cat-attelles-platres","7":"product_cat-platre","8":"categorie_principale-medecine-generale","9":"categorie_principale-permanence-hopital","10":"marque-3m","12":"first","13":"instock","14":"taxable","15":"shipping-taxable","16":"purchasable","17":"product-type-variable"},"supplier_id":null,"supplier_sku":"","atum_controlled":true,"out_stock_date":null,"out_stock_threshold":null,"inheritable":true,"inbound_stock":null,"stock_on_hold":0,"sold_today":0,"sales_last_days":0,"reserved_stock":null,"customer_returns":null,"warehouse_damage":null,"lost_in_post":null,"other_logs":null,"out_stock_days":0,"lost_sales":0,"has_location":true,"update_date":"2026-04-08T00:03:19","atum_locations":[{"id":373,"name":"Officine","slug":"officine"}],"atum_stock_status":"instock","restock_status":false,"low_stock_amount":"","sales_update_date":"2026-04-08T00:03:18","calc_backorders":null,"acf":[],"_links":{"self":[{"href":"https:\/\/softymed.ch\/it\/wp-json\/wp\/v2\/product\/3859","targetHints":{"allow":["GET"]}}],"collection":[{"href":"https:\/\/softymed.ch\/it\/wp-json\/wp\/v2\/product"}],"about":[{"href":"https:\/\/softymed.ch\/it\/wp-json\/wp\/v2\/types\/product"}],"wp:featuredmedia":[{"embeddable":true,"href":"https:\/\/softymed.ch\/it\/wp-json\/wp\/v2\/media\/1050"}],"wp:attachment":[{"href":"https:\/\/softymed.ch\/it\/wp-json\/wp\/v2\/media?parent=3859"}],"wp:term":[{"taxonomy":"product_brand","embeddable":true,"href":"https:\/\/softymed.ch\/it\/wp-json\/wp\/v2\/product_brand?post=3859"},{"taxonomy":"product_cat","embeddable":true,"href":"https:\/\/softymed.ch\/it\/wp-json\/wp\/v2\/product_cat?post=3859"},{"taxonomy":"product_tag","embeddable":true,"href":"https:\/\/softymed.ch\/it\/wp-json\/wp\/v2\/product_tag?post=3859"},{"taxonomy":"categorie_principale","embeddable":true,"href":"https:\/\/softymed.ch\/it\/wp-json\/wp\/v2\/categorie_principale?post=3859"},{"taxonomy":"marque","embeddable":true,"href":"https:\/\/softymed.ch\/it\/wp-json\/wp\/v2\/marque?post=3859"}],"curies":[{"name":"wp","href":"https:\/\/api.w.org\/{rel}","templated":true}]}}