{"id":3853,"date":"2024-01-24T17:09:00","date_gmt":"2024-01-24T16:09:00","guid":{"rendered":"https:\/\/softymed.ch\/?post_type=product&#038;p=3853"},"modified":"2026-03-27T18:27:59","modified_gmt":"2026-03-27T17:27:59","slug":"sterilux-es-steriles","status":"publish","type":"product","link":"https:\/\/softymed.ch\/it\/boutique\/soin-des-plaies\/compresse\/sterilux-es-steriles\/","title":{"rendered":"Sterilux\u00ae ES"},"content":{"rendered":"<p>La gamme de produits Sterilux\u00ae ES est con\u00e7ue pour r\u00e9pondre au mieux aux besoins des patients, que ce soit pour un usage \u00e0 domicile ou en institution.<br \/>\nLes compresses st\u00e9riles St\u00e9rilux\u00ae ES garantissent une v\u00e9ritable sensation de douceur au toucher!<\/p>\n<p><strong>Applicazione<\/strong><br \/>\nPour le nettoyage des plaies n\u00e9cessitant une d\u00e9tersion m\u00e9canique et le recouvrement des plaies.<\/p>\n<p><strong>Caratteristiche<\/strong><br \/>\n-Compresses de gaze, en hydrophile de coton, souples et d\u00e9licates<br \/>\n-Peuvent \u00eatre utilis\u00e9es comme compresse ou tampon avec un produit antiseptique ou un d\u00e9sinfectant<br \/>\n-Qualit\u00e9 excellente, grande capacit\u00e9 d\u2019absorption<br \/>\n-Pr\u00e9sentation en bo\u00eete distributrice st\u00e9rile (t\u00e9moin de remplissage) facilite le rangement et garantit une meilleure hygi\u00e8ne lors du stockage<br \/>\n-Compresse m\u00e9dicale de gaze extr\u00eamement douce, en fibres naturelles de gaze hydrophile 100% coton<br \/>\n-17 fils tiss\u00e9s<br \/>\nPiegatura chirurgica a 12 pieghe<br \/>\n-Bords rentr\u00e9s<\/p>","protected":false},"excerpt":{"rendered":"<p>Tamponi di garza sterili<\/p>","protected":false},"featured_media":2556,"template":"","meta":{"_acf_changed":false,"_seopress_robots_primary_cat":"147","_seopress_titles_title":"","_seopress_titles_desc":"","_seopress_robots_index":""},"product_brand":[],"product_cat":[147,372,104],"product_tag":[347],"categorie_principale":[32,31,27,106,28,29],"marque":[107],"class_list":{"0":"post-3853","1":"product","2":"type-product","3":"status-publish","4":"has-post-thumbnail","6":"product_cat-compresse","7":"product_cat-medicusana","8":"product_cat-soin-des-plaies","9":"product_tag-best-seller","10":"categorie_principale-cardiologie","11":"categorie_principale-gynecologie","12":"categorie_principale-laboratoire","13":"categorie_principale-medecine-dentaire","14":"categorie_principale-medecine-generale","15":"categorie_principale-permanence-hopital","16":"marque-hartmann","18":"first","19":"instock","20":"taxable","21":"shipping-taxable","22":"purchasable","23":"product-type-variable"},"supplier_id":null,"supplier_sku":"","atum_controlled":true,"out_stock_date":null,"out_stock_threshold":null,"inheritable":true,"inbound_stock":null,"stock_on_hold":0,"sold_today":0,"sales_last_days":4,"reserved_stock":null,"customer_returns":null,"warehouse_damage":null,"lost_in_post":null,"other_logs":null,"out_stock_days":0,"lost_sales":0,"has_location":true,"update_date":"2026-04-10T00:04:50","atum_locations":[{"id":373,"name":"Officine","slug":"officine"}],"atum_stock_status":"instock","restock_status":false,"low_stock_amount":"","sales_update_date":"2026-04-10T00:04:50","calc_backorders":null,"acf":[],"_links":{"self":[{"href":"https:\/\/softymed.ch\/it\/wp-json\/wp\/v2\/product\/3853","targetHints":{"allow":["GET"]}}],"collection":[{"href":"https:\/\/softymed.ch\/it\/wp-json\/wp\/v2\/product"}],"about":[{"href":"https:\/\/softymed.ch\/it\/wp-json\/wp\/v2\/types\/product"}],"wp:featuredmedia":[{"embeddable":true,"href":"https:\/\/softymed.ch\/it\/wp-json\/wp\/v2\/media\/2556"}],"wp:attachment":[{"href":"https:\/\/softymed.ch\/it\/wp-json\/wp\/v2\/media?parent=3853"}],"wp:term":[{"taxonomy":"product_brand","embeddable":true,"href":"https:\/\/softymed.ch\/it\/wp-json\/wp\/v2\/product_brand?post=3853"},{"taxonomy":"product_cat","embeddable":true,"href":"https:\/\/softymed.ch\/it\/wp-json\/wp\/v2\/product_cat?post=3853"},{"taxonomy":"product_tag","embeddable":true,"href":"https:\/\/softymed.ch\/it\/wp-json\/wp\/v2\/product_tag?post=3853"},{"taxonomy":"categorie_principale","embeddable":true,"href":"https:\/\/softymed.ch\/it\/wp-json\/wp\/v2\/categorie_principale?post=3853"},{"taxonomy":"marque","embeddable":true,"href":"https:\/\/softymed.ch\/it\/wp-json\/wp\/v2\/marque?post=3853"}],"curies":[{"name":"wp","href":"https:\/\/api.w.org\/{rel}","templated":true}]}}