{"id":3849,"date":"2024-01-24T17:02:28","date_gmt":"2024-01-24T16:02:28","guid":{"rendered":"https:\/\/softymed.ch\/?post_type=product&#038;p=3849"},"modified":"2026-03-31T19:01:43","modified_gmt":"2026-03-31T17:01:43","slug":"peha-haft","status":"publish","type":"product","link":"https:\/\/softymed.ch\/it\/boutique\/soin-des-plaies\/bandage\/peha-haft\/","title":{"rendered":"Peha-haft\u00ae"},"content":{"rendered":"<p>Peha-haft\u00ae Bande Extensible et Coh\u00e9sive a un tissage tr\u00e8s a\u00e9r\u00e9 et est donc tr\u00e8s confortable pour le patient. Sa fixation est s\u00fbre et durable m\u00eame sur les parties plus difficiles du corps et est utile pour fixer et maintenir les pansements et des canules.<\/p>\n<p><strong>Caratteristiche<\/strong><br \/>\n-43 % viscosa, 37 % cotone, 20 % poliammide<br \/>\nSenza lattice naturale<\/p>","protected":false},"excerpt":{"rendered":"<p>Nastro elastico e coesivo (equivalente a COFIX)<\/p>","protected":false},"featured_media":2560,"template":"","meta":{"_acf_changed":false,"_seopress_robots_primary_cat":"241","_seopress_titles_title":"","_seopress_titles_desc":"","_seopress_robots_index":""},"product_brand":[],"product_cat":[241,372,104],"product_tag":[347],"categorie_principale":[28,29],"marque":[107],"class_list":{"0":"post-3849","1":"product","2":"type-product","3":"status-publish","4":"has-post-thumbnail","6":"product_cat-bandage","7":"product_cat-medicusana","8":"product_cat-soin-des-plaies","9":"product_tag-best-seller","10":"categorie_principale-medecine-generale","11":"categorie_principale-permanence-hopital","12":"marque-hartmann","14":"first","15":"instock","16":"taxable","17":"shipping-taxable","18":"purchasable","19":"product-type-variable"},"supplier_id":null,"supplier_sku":"","atum_controlled":true,"out_stock_date":"2024-05-13 07:31:18","out_stock_threshold":null,"inheritable":true,"inbound_stock":null,"stock_on_hold":0,"sold_today":0,"sales_last_days":65,"reserved_stock":null,"customer_returns":null,"warehouse_damage":null,"lost_in_post":null,"other_logs":null,"out_stock_days":694,"lost_sales":0,"has_location":true,"update_date":"2026-04-08T00:03:58","atum_locations":[{"id":373,"name":"Officine","slug":"officine"}],"atum_stock_status":"instock","restock_status":false,"low_stock_amount":"","sales_update_date":"2026-04-08T00:03:58","calc_backorders":null,"acf":[],"_links":{"self":[{"href":"https:\/\/softymed.ch\/it\/wp-json\/wp\/v2\/product\/3849","targetHints":{"allow":["GET"]}}],"collection":[{"href":"https:\/\/softymed.ch\/it\/wp-json\/wp\/v2\/product"}],"about":[{"href":"https:\/\/softymed.ch\/it\/wp-json\/wp\/v2\/types\/product"}],"wp:featuredmedia":[{"embeddable":true,"href":"https:\/\/softymed.ch\/it\/wp-json\/wp\/v2\/media\/2560"}],"wp:attachment":[{"href":"https:\/\/softymed.ch\/it\/wp-json\/wp\/v2\/media?parent=3849"}],"wp:term":[{"taxonomy":"product_brand","embeddable":true,"href":"https:\/\/softymed.ch\/it\/wp-json\/wp\/v2\/product_brand?post=3849"},{"taxonomy":"product_cat","embeddable":true,"href":"https:\/\/softymed.ch\/it\/wp-json\/wp\/v2\/product_cat?post=3849"},{"taxonomy":"product_tag","embeddable":true,"href":"https:\/\/softymed.ch\/it\/wp-json\/wp\/v2\/product_tag?post=3849"},{"taxonomy":"categorie_principale","embeddable":true,"href":"https:\/\/softymed.ch\/it\/wp-json\/wp\/v2\/categorie_principale?post=3849"},{"taxonomy":"marque","embeddable":true,"href":"https:\/\/softymed.ch\/it\/wp-json\/wp\/v2\/marque?post=3849"}],"curies":[{"name":"wp","href":"https:\/\/api.w.org\/{rel}","templated":true}]}}