{"id":3843,"date":"2024-01-24T16:42:14","date_gmt":"2024-01-24T15:42:14","guid":{"rendered":"https:\/\/softymed.ch\/?post_type=product&#038;p=3843"},"modified":"2025-11-19T16:51:12","modified_gmt":"2025-11-19T15:51:12","slug":"hydrofilm-plus","status":"publish","type":"product","link":"https:\/\/softymed.ch\/it\/boutique\/soin-des-plaies\/pansement\/hydrofilm-plus\/","title":{"rendered":"Hydrofilm\u00ae Plus"},"content":{"rendered":"<p><strong>Caratteristiche<\/strong><br \/>\n-Pour les soins postop\u00e9ratoires des plaies l\u00e9g\u00e8rement suintantes<br \/>\n-Pansement de plaie autoadh\u00e9sif, avec coussin de plaie central tr\u00e8s absorbant, qui n\u2019adh\u00e8re pas \u00e0 la plaie<br \/>\n-En film de polyur\u00e9thane semi-perm\u00e9able, imperm\u00e9able aux germes et \u00e0 l\u2019eau<br \/>\n-Transparent, il permet l\u2019observation des environs de la plaie ainsi que l\u2019absorption des s\u00e9cr\u00e9tions dans le coussin absorbant<br \/>\n-Gr\u00e2ce \u00e0 son \u00e9lasticit\u00e9 et son extr\u00eame finesse, il \u00e9pouse parfaitement les formes de la zone \u00e0 panser<br \/>\n-L\u2019adh\u00e9sif est hypoallerg\u00e9nique, ce qui implique une tr\u00e8s bonne tol\u00e9rance, m\u00eame par les peaux sensibles<br \/>\n-S\u2019enl\u00e8ve sans irriter la plaie<br \/>\n-St\u00e9rile<\/p>\n<p><strong>Indicazioni<\/strong><br \/>\n-Pour les soins postop\u00e9ratoires des plaies l\u00e9g\u00e8rement suintantes<br \/>\n-Come protezione contro le infezioni secondarie<br \/>\n-Aussi pour les soins st\u00e9riles de petites plaies.<\/p>","protected":false},"excerpt":{"rendered":"<p>Medicazione trasparente con cuscinetto assorbente<\/p>","protected":false},"featured_media":2592,"template":"","meta":{"_acf_changed":false,"_seopress_robots_primary_cat":"none","_seopress_titles_title":"","_seopress_titles_desc":"","_seopress_robots_index":""},"product_brand":[],"product_cat":[146,104],"product_tag":[],"categorie_principale":[31,28,29],"marque":[107],"class_list":{"0":"post-3843","1":"product","2":"type-product","3":"status-publish","4":"has-post-thumbnail","6":"product_cat-pansement","7":"product_cat-soin-des-plaies","8":"categorie_principale-gynecologie","9":"categorie_principale-medecine-generale","10":"categorie_principale-permanence-hopital","11":"marque-hartmann","13":"first","14":"instock","15":"taxable","16":"shipping-taxable","17":"purchasable","18":"product-type-variable"},"supplier_id":null,"supplier_sku":"","atum_controlled":true,"out_stock_date":null,"out_stock_threshold":null,"inheritable":true,"inbound_stock":null,"stock_on_hold":0,"sold_today":0,"sales_last_days":0,"reserved_stock":null,"customer_returns":null,"warehouse_damage":null,"lost_in_post":null,"other_logs":null,"out_stock_days":0,"lost_sales":0,"has_location":true,"update_date":"2026-04-08T00:03:18","atum_locations":[{"id":219,"name":"Cubo giallo","slug":"yellow-cube"}],"atum_stock_status":"instock","restock_status":false,"low_stock_amount":"","sales_update_date":"2026-04-08T00:03:18","calc_backorders":null,"acf":[],"_links":{"self":[{"href":"https:\/\/softymed.ch\/it\/wp-json\/wp\/v2\/product\/3843","targetHints":{"allow":["GET"]}}],"collection":[{"href":"https:\/\/softymed.ch\/it\/wp-json\/wp\/v2\/product"}],"about":[{"href":"https:\/\/softymed.ch\/it\/wp-json\/wp\/v2\/types\/product"}],"wp:featuredmedia":[{"embeddable":true,"href":"https:\/\/softymed.ch\/it\/wp-json\/wp\/v2\/media\/2592"}],"wp:attachment":[{"href":"https:\/\/softymed.ch\/it\/wp-json\/wp\/v2\/media?parent=3843"}],"wp:term":[{"taxonomy":"product_brand","embeddable":true,"href":"https:\/\/softymed.ch\/it\/wp-json\/wp\/v2\/product_brand?post=3843"},{"taxonomy":"product_cat","embeddable":true,"href":"https:\/\/softymed.ch\/it\/wp-json\/wp\/v2\/product_cat?post=3843"},{"taxonomy":"product_tag","embeddable":true,"href":"https:\/\/softymed.ch\/it\/wp-json\/wp\/v2\/product_tag?post=3843"},{"taxonomy":"categorie_principale","embeddable":true,"href":"https:\/\/softymed.ch\/it\/wp-json\/wp\/v2\/categorie_principale?post=3843"},{"taxonomy":"marque","embeddable":true,"href":"https:\/\/softymed.ch\/it\/wp-json\/wp\/v2\/marque?post=3843"}],"curies":[{"name":"wp","href":"https:\/\/api.w.org\/{rel}","templated":true}]}}