{"id":3838,"date":"2024-01-24T16:30:11","date_gmt":"2024-01-24T15:30:11","guid":{"rendered":"https:\/\/softymed.ch\/?post_type=product&#038;p=3838"},"modified":"2025-07-31T19:31:57","modified_gmt":"2025-07-31T17:31:57","slug":"immo","status":"publish","type":"product","link":"https:\/\/softymed.ch\/it\/boutique\/attelles-platres\/bras-epaule-et-coude\/immo\/","title":{"rendered":"Immo\u2122"},"content":{"rendered":"<p><strong>Indicazioni<\/strong><br \/>\n-Luxation ant\u00e9ro-interne de l&rsquo;\u00e9paule<br \/>\n-Traumatisme de l&rsquo;\u00e9paule ou du coude<br \/>\n-Frattura della clavicola<br \/>\nImmobilizzazione del gomito sul corpo in stile Mayo Clinic<br \/>\n-Immobilisation du membre sup\u00e9rieur (post-traumatique, post-op\u00e9ratoire)<br \/>\n-Dispositif adapt\u00e9 pour la prise en charge par un service d\u2019urgences<br \/>\n-Immobilisation d\u2019attente avant imagerie, examens compl\u00e9mentaires et\/ou avis chirurgical<\/p>\n<p><strong>Caratteristiche<\/strong><br \/>\n-\u00c9charpe de bras avec sangles int\u00e9gr\u00e9es et ceinture de stabilisation amovible<br \/>\n-Sangles en mousse doubl\u00e9es de tissu \u00e9ponge<br \/>\n-Le positionnement des sangles permet d\u2019\u00e9viter toute pression cervicale<br \/>\n-Mod\u00e8le bilat\u00e9ral<\/p>","protected":false},"excerpt":{"rendered":"<p>Gilet di sostegno per le spalle<\/p>","protected":false},"featured_media":2468,"template":"","meta":{"_acf_changed":false,"_seopress_robots_primary_cat":"none","_seopress_titles_title":"","_seopress_titles_desc":"","_seopress_robots_index":""},"product_brand":[],"product_cat":[149,240],"product_tag":[344],"categorie_principale":[28,30,29],"marque":[184],"class_list":{"0":"post-3838","1":"product","2":"type-product","3":"status-publish","4":"has-post-thumbnail","6":"product_cat-attelles-platres","7":"product_cat-bras-epaule-et-coude","8":"product_tag-destockage","9":"categorie_principale-medecine-generale","10":"categorie_principale-orthopedie","11":"categorie_principale-permanence-hopital","12":"marque-donjoy","14":"first","15":"instock","16":"sale","17":"taxable","18":"shipping-taxable","19":"purchasable","20":"product-type-variable"},"supplier_id":null,"supplier_sku":"","atum_controlled":true,"out_stock_date":null,"out_stock_threshold":null,"inheritable":true,"inbound_stock":null,"stock_on_hold":0,"sold_today":0,"sales_last_days":0,"reserved_stock":null,"customer_returns":null,"warehouse_damage":null,"lost_in_post":null,"other_logs":null,"out_stock_days":0,"lost_sales":0,"has_location":true,"update_date":"2026-04-10T00:04:18","atum_locations":[{"id":219,"name":"Cubo giallo","slug":"yellow-cube"}],"atum_stock_status":"instock","restock_status":false,"low_stock_amount":"","sales_update_date":"2026-04-10T00:04:18","calc_backorders":null,"acf":[],"_links":{"self":[{"href":"https:\/\/softymed.ch\/it\/wp-json\/wp\/v2\/product\/3838","targetHints":{"allow":["GET"]}}],"collection":[{"href":"https:\/\/softymed.ch\/it\/wp-json\/wp\/v2\/product"}],"about":[{"href":"https:\/\/softymed.ch\/it\/wp-json\/wp\/v2\/types\/product"}],"wp:featuredmedia":[{"embeddable":true,"href":"https:\/\/softymed.ch\/it\/wp-json\/wp\/v2\/media\/2468"}],"wp:attachment":[{"href":"https:\/\/softymed.ch\/it\/wp-json\/wp\/v2\/media?parent=3838"}],"wp:term":[{"taxonomy":"product_brand","embeddable":true,"href":"https:\/\/softymed.ch\/it\/wp-json\/wp\/v2\/product_brand?post=3838"},{"taxonomy":"product_cat","embeddable":true,"href":"https:\/\/softymed.ch\/it\/wp-json\/wp\/v2\/product_cat?post=3838"},{"taxonomy":"product_tag","embeddable":true,"href":"https:\/\/softymed.ch\/it\/wp-json\/wp\/v2\/product_tag?post=3838"},{"taxonomy":"categorie_principale","embeddable":true,"href":"https:\/\/softymed.ch\/it\/wp-json\/wp\/v2\/categorie_principale?post=3838"},{"taxonomy":"marque","embeddable":true,"href":"https:\/\/softymed.ch\/it\/wp-json\/wp\/v2\/marque?post=3838"}],"curies":[{"name":"wp","href":"https:\/\/api.w.org\/{rel}","templated":true}]}}